{"id":8715,"date":"2015-06-22T16:52:38","date_gmt":"2015-06-22T14:52:38","guid":{"rendered":"https:\/\/www.lemuria.it\/?post_type=product&#038;p=8715"},"modified":"2022-01-08T11:15:41","modified_gmt":"2022-01-08T10:15:41","slug":"e-t-camomilla","status":"publish","type":"product","link":"https:\/\/lemuria.it\/de\/produkt\/und-kamille\/","title":{"rendered":"UND KAMILLE"},"content":{"rendered":"<p><strong>PHYSIOLOGISCHE VALENZ<\/strong><\/p>\n<p>Kamillenbl\u00fcten f\u00f6rdern die Verdauungsfunktion, die regelm\u00e4\u00dfige Beweglichkeit des Magen-Darm-Trakts und die Beseitigung von Bl\u00e4hungen und haben au\u00dferdem eine lindernde und beruhigende Wirkung auf das Verdauungssystem. Schlie\u00dflich f\u00f6rdern sie die Entspannung (Schlaf) und das geistige Wohlbefinden.<\/p>\n<p>&nbsp;<\/p>\n<p><strong>ZUTATEN<\/strong><\/p>\n<p>Fruktose, Wasser, Kamillenbl\u00fcten (Matricaria chamomilla L.), Extrakt (D:E=1:1). Dies ist ein 1:1 Gesamtextrakt in Fruktosel\u00f6sung 70%.<\/p>\n<p>&nbsp;<\/p>\n<p><strong>TIPPS F\u00dcR DEN GEBRAUCH<\/strong><\/p>\n<p>F\u00fcr eine korrekte Anwendung wird die Einnahme von 20 Tropfen dreimal t\u00e4glich nach den Mahlzeiten oder 60 Tropfen abends vor dem Zubettgehen empfohlen. Das Produkt kann pur eingenommen oder in Wasser verd\u00fcnnt werden.<\/p>\n<p>&nbsp;<\/p>\n<p><strong>VERPACKUNG:<br \/>\n<\/strong><\/p>\n<p>30 ml Flasche<\/p>","protected":false},"excerpt":{"rendered":"<p><em><strong>Kamille (Matricaria Chamomilla L.)<br \/>\n<\/strong><\/em><\/p>\n<p>Kamillenbl\u00fcten f\u00f6rdern die Verdauungsfunktion, die regelm\u00e4\u00dfige Beweglichkeit des Magen-Darm-Trakts und die Beseitigung von Bl\u00e4hungen und haben au\u00dferdem eine lindernde und beruhigende Wirkung auf das Verdauungssystem. Schlie\u00dflich f\u00f6rdern sie die Entspannung (Schlaf) und das geistige Wohlbefinden.<\/p>\n<p><strong>VERPACKUNG:<br \/>\n<\/strong><\/p>\n<p>30 ml Flasche<\/p>\n<p><strong>PREIS:<\/strong><\/p>\n<p>\u20ac 13,00<\/p>\n<p>NAHRUNGSERG\u00c4NZUNGSMITTEL AUF BASIS VON PFLANZEN UND DERIVATEN<\/p>\n<p>Siehe das technische Datenblatt unten<\/p>","protected":false},"featured_media":8716,"comment_status":"open","ping_status":"closed","template":"","meta":{"_acf_changed":false},"product_cat":[79,62,80,74],"product_tag":[269,65,64],"acf":[],"_links":{"self":[{"href":"https:\/\/lemuria.it\/de\/wp-json\/wp\/v2\/product\/8715"}],"collection":[{"href":"https:\/\/lemuria.it\/de\/wp-json\/wp\/v2\/product"}],"about":[{"href":"https:\/\/lemuria.it\/de\/wp-json\/wp\/v2\/types\/product"}],"replies":[{"embeddable":true,"href":"https:\/\/lemuria.it\/de\/wp-json\/wp\/v2\/comments?post=8715"}],"wp:featuredmedia":[{"embeddable":true,"href":"https:\/\/lemuria.it\/de\/wp-json\/wp\/v2\/media\/8716"}],"wp:attachment":[{"href":"https:\/\/lemuria.it\/de\/wp-json\/wp\/v2\/media?parent=8715"}],"wp:term":[{"taxonomy":"product_cat","embeddable":true,"href":"https:\/\/lemuria.it\/de\/wp-json\/wp\/v2\/product_cat?post=8715"},{"taxonomy":"product_tag","embeddable":true,"href":"https:\/\/lemuria.it\/de\/wp-json\/wp\/v2\/product_tag?post=8715"}],"curies":[{"name":"wp","href":"https:\/\/api.w.org\/{rel}","templated":true}]}}