{"id":8455,"date":"2015-04-15T18:54:32","date_gmt":"2015-04-15T16:54:32","guid":{"rendered":"https:\/\/www.lemuria.it\/product\/ven-lem\/"},"modified":"2022-01-08T11:26:25","modified_gmt":"2022-01-08T10:26:25","slug":"ven-lem","status":"publish","type":"product","link":"https:\/\/lemuria.it\/de\/produkt\/fr-lem\/","title":{"rendered":"DAME IN FR LEM"},"content":{"rendered":"<p><strong>PHYSIOLOGISCHE VALENZ<\/strong><\/p>\n<p>Der M\u00e4usedorn-Rhizom, Heidelbeerfr\u00fcchte und rote Weinbl\u00e4tter f\u00f6rdern die Funktionsf\u00e4higkeit der Mikrozirkulation (Schweregef\u00fchl in den Beinen).<\/p>\n<p>&nbsp;<\/p>\n<p><strong>\u00a0ZUTATEN<\/strong><\/p>\n<p>Fruktose, gereinigtes Wasser, M\u00e4usedorn-Rhizom (Ruscu aculeatus L.), w\u00e4ssriger Extrakt 15%, M\u00e4usedorn-Rhizom (Ruscus aculeatus L.), Rhizom est. Sek. 15%, Fr\u00fcchte der Mariendistel (Sylibum marianum L.Gaertn) est.sec.2%, Fr\u00fcchte der Blaubeere (Vaccinium myrtillus L.) est.sec.2%, Stamm der Ananas (Ananas comosus (L.) Merr.) est.sec.2%, Roter Weinrebenblattextrakt (Vitis vinifera L.) 2%, Maltodextrin, Konservierungsmittel: Kaliumsorbat.<\/p>\n<p><strong>\u00a0TIPPS F\u00dcR DEN GEBRAUCH<\/strong><\/p>\n<p>Erwachsene: 2-mal t\u00e4glich 1 oder 2 Teel\u00f6ffel mit Wasser verd\u00fcnnt einnehmen.<\/p>\n<p>&nbsp;<\/p>\n<p><strong>VERPACKUNG:<\/strong><\/p>\n<p>200 ml Flasche<\/p>","protected":false},"excerpt":{"rendered":"<p><strong>Venenst\u00e4rkungsmittel (aktiv f\u00fcr Sie und Ihn)<\/strong><\/p>\n<p>Der M\u00e4usedorn-Rhizom, Heidelbeerfr\u00fcchte und rote Weinbl\u00e4tter f\u00f6rdern die Funktionsf\u00e4higkeit der Mikrozirkulation (Schweregef\u00fchl in den Beinen).<\/p>\n<p><strong>VERPACKUNG:<\/strong><\/p>\n<p>200 ml Flasche<\/p>\n<p><strong>PREIS:<\/strong><\/p>\n<p>\u20ac 16,50<\/p>\n<p>Trinkbare L\u00f6sung<\/p>\n<p>NAHRUNGSERG\u00c4NZUNGSMITTEL AUF BASIS VON PFLANZEN UND DERIVATEN<\/p>\n<p>&nbsp;<\/p>\n<p>Siehe das technische Datenblatt unten<\/p>","protected":false},"featured_media":8941,"comment_status":"closed","ping_status":"closed","template":"","meta":{"_acf_changed":false},"product_cat":[78,292,67],"product_tag":[227,260,259],"acf":[],"_links":{"self":[{"href":"https:\/\/lemuria.it\/de\/wp-json\/wp\/v2\/product\/8455"}],"collection":[{"href":"https:\/\/lemuria.it\/de\/wp-json\/wp\/v2\/product"}],"about":[{"href":"https:\/\/lemuria.it\/de\/wp-json\/wp\/v2\/types\/product"}],"replies":[{"embeddable":true,"href":"https:\/\/lemuria.it\/de\/wp-json\/wp\/v2\/comments?post=8455"}],"wp:featuredmedia":[{"embeddable":true,"href":"https:\/\/lemuria.it\/de\/wp-json\/wp\/v2\/media\/8941"}],"wp:attachment":[{"href":"https:\/\/lemuria.it\/de\/wp-json\/wp\/v2\/media?parent=8455"}],"wp:term":[{"taxonomy":"product_cat","embeddable":true,"href":"https:\/\/lemuria.it\/de\/wp-json\/wp\/v2\/product_cat?post=8455"},{"taxonomy":"product_tag","embeddable":true,"href":"https:\/\/lemuria.it\/de\/wp-json\/wp\/v2\/product_tag?post=8455"}],"curies":[{"name":"wp","href":"https:\/\/api.w.org\/{rel}","templated":true}]}}