{"id":8449,"date":"2015-04-15T18:49:54","date_gmt":"2015-04-15T16:49:54","guid":{"rendered":"https:\/\/www.lemuria.it\/product\/tagemin-quilia-happy-flower\/"},"modified":"2022-01-08T11:33:34","modified_gmt":"2022-01-08T10:33:34","slug":"tagemin-quilia-happy-flower","status":"publish","type":"product","link":"https:\/\/lemuria.it\/de\/produkt\/tagemin-quilia-gluckliche-blume\/","title":{"rendered":"TAGEMIN \u2013 QUILIA GL\u00dcCKLICHE BLUME"},"content":{"rendered":"<p>Auf Heilpflanzen basierende Verbindung, die sich positiv auf physiologische Zust\u00e4nde auswirken kann und ein optimales psycho-physisches Gleichgewicht aufrechterh\u00e4lt.<\/p>\n<p>Auch bei besonderem Stress kann es sinnvoll sein.<\/p>\n<p>&nbsp;<\/p>\n<p><strong>ZUTATEN<\/strong><\/p>\n<p>Jede 350-mg-Pflanzengelatinekapsel enth\u00e4lt: TAGEMIN 240 mg (registrierte Mischung aus Phytoextrakten mit Ringelblumenbl\u00fcten (Tagetes erecta L.), z. B. 200 mg, Rhodiola-Wurzel (Rhodiola rosea L.), z. B. 40 mg, Maltodextrin, F\u00fcllstoff: mikrokristalline Cellulose, anti -Backmittel: Siliziumdioxid und Magnesiumstearat.<\/p>\n<p>&nbsp;<\/p>\n<p><strong>TIPPS F\u00dcR DEN GEBRAUCH<\/strong><\/p>\n<p>Nehmen Sie ein- bis zweimal t\u00e4glich eine Kapsel (entspricht 240 mg der Extraktmischung) zwischen den Mahlzeiten mit etwas Fl\u00fcssigkeit ein.<\/p>\n<p>&nbsp;<\/p>\n<p><strong>VERPACKUNG:<\/strong><\/p>\n<p>Flasche mit 50 Kapseln<\/p>","protected":false},"excerpt":{"rendered":"<p><strong>Apathie \u2013 Melancholie<\/strong><\/p>\n<p>Auf Heilpflanzen basierende Verbindung, die sich positiv auf physiologische Zust\u00e4nde auswirken kann und ein optimales psycho-physisches Gleichgewicht aufrechterh\u00e4lt.<\/p>\n<p>Auch bei besonderem Stress kann es sinnvoll sein.<\/p>\n<p><strong>VERPACKUNG:<\/strong><\/p>\n<p>Flasche mit 50 Kapseln<\/p>\n<p><strong>PREIS:<\/strong><\/p>\n<p>\u20ac 26,00<\/p>\n<p>NAHRUNGSERG\u00c4NZUNGSMITTEL AUF BASIS VON PFLANZEN UND DERIVATEN<\/p>\n<p>Siehe das technische Datenblatt unten<\/p>","protected":false},"featured_media":8897,"comment_status":"closed","ping_status":"closed","template":"","meta":{"_acf_changed":false},"product_cat":[77,103,288,67],"product_tag":[159,257,140,227],"acf":[],"_links":{"self":[{"href":"https:\/\/lemuria.it\/de\/wp-json\/wp\/v2\/product\/8449"}],"collection":[{"href":"https:\/\/lemuria.it\/de\/wp-json\/wp\/v2\/product"}],"about":[{"href":"https:\/\/lemuria.it\/de\/wp-json\/wp\/v2\/types\/product"}],"replies":[{"embeddable":true,"href":"https:\/\/lemuria.it\/de\/wp-json\/wp\/v2\/comments?post=8449"}],"wp:featuredmedia":[{"embeddable":true,"href":"https:\/\/lemuria.it\/de\/wp-json\/wp\/v2\/media\/8897"}],"wp:attachment":[{"href":"https:\/\/lemuria.it\/de\/wp-json\/wp\/v2\/media?parent=8449"}],"wp:term":[{"taxonomy":"product_cat","embeddable":true,"href":"https:\/\/lemuria.it\/de\/wp-json\/wp\/v2\/product_cat?post=8449"},{"taxonomy":"product_tag","embeddable":true,"href":"https:\/\/lemuria.it\/de\/wp-json\/wp\/v2\/product_tag?post=8449"}],"curies":[{"name":"wp","href":"https:\/\/api.w.org\/{rel}","templated":true}]}}