{"id":8430,"date":"2015-04-15T18:32:39","date_gmt":"2015-04-15T16:32:39","guid":{"rendered":"https:\/\/www.lemuria.it\/product\/mucilem\/"},"modified":"2022-01-08T11:42:13","modified_gmt":"2022-01-08T10:42:13","slug":"mucilem","status":"publish","type":"product","link":"https:\/\/lemuria.it\/de\/produkt\/mucilem\/","title":{"rendered":"MUCILEM"},"content":{"rendered":"<p><strong>PHYSIOLOGISCHE VALENZ<\/strong><\/p>\n<p>Mucilem ist ein Nahrungserg\u00e4nzungsmittel auf Basis nat\u00fcrlicher Funktionsstoffe, das besonders reich an Schleimstoffen ist. Schleimstoffe sind nat\u00fcrliche organische Stoffe mit hohem Molekulargewicht und haben als solche die Eigenschaft, mit Wasser eine viskose Fl\u00fcssigkeit (Gel) zu bilden. Das Charakteristische an Malven- und Eibischschleim ist, dass er die Schleimw\u00e4nde des Organismus mit einer viskosen Schicht bedeckt, da er stark kolloidal ist und eine erweichende und beruhigende Wirkung entfaltet.<\/p>\n<p>Malvenbl\u00e4tter und Altea-Wurzeln sind n\u00fctzlich f\u00fcr die physiologische Funktionalit\u00e4t des Verdauungssystems und der Darmpassage.<\/p>\n<p><strong>\u00a0ZUTATEN<\/strong><\/p>\n<p>Wasser, Schleimmalve (Malva sylvestris L.), gewonnen aus zerschnittenen Bl\u00e4ttern 30%, Schleimhaltiger Eibisch (Althea officinalis L.), gewonnen aus getrockneten Wurzeln 30%, W\u00e4ssrig mazerierte Brennnessel (Urtica dioca L.), gewonnen aus getrockneten Wurzeln 10%, <strong>Lakritze<\/strong> w\u00e4ssriges Mazerat (Glycirrhiza glabra L.) aus getrockneten Wurzeln 10%, Minze w\u00e4ssriges Mazerat (Menta Pepperita L.) aus getrockneten Bl\u00e4ttern 5% Ficus (Ficus carica L.) aus Knospen 5%, Johannisbeere (Ribes nigrum L.) aus Knospen 5%, Fruktose 5%. S\u00e4uerungsmittel: Zitronens\u00e4ure. Konservierungsmittel: Kaliumsorbat.<\/p>\n<p><strong>\u00a0TIPPS F\u00dcR DEN GEBRAUCH<\/strong><\/p>\n<p>Zur korrekten Optimierung des Produkts wird empfohlen, 10 ml (siehe Messbecher) \u00fcber den Tag verteilt einzunehmen (zwei\/drei Einnahmen). Bei Kindern empfehlen wir die Einnahme von 5 ml \u00fcber den Tag verteilt.<\/p>\n<p>&nbsp;<\/p>\n<p><strong>VERPACKUNG:<\/strong><\/p>\n<p>200 ml Flasche mit Spender.<\/p>\n<p>&nbsp;<\/p>\n<\/p>\n<\/p>\n<\/p>\n<\/p>\n<\/p>\n<\/p><\/p>","protected":false},"excerpt":{"rendered":"<p><strong>DARMVERDAUUNGSSYSTEM<br \/>\n<\/strong><\/p>\n<p>Malvenbl\u00e4tter und Altea-Wurzeln sind n\u00fctzlich f\u00fcr die physiologische Funktionalit\u00e4t des Verdauungssystems und der Darmpassage.<\/p>\n<p><strong>VERPACKUNG:<\/strong><\/p>\n<p>200 ml Flasche mit Spender.<\/p>\n<p><strong>PREIS:<br \/>\n<\/strong><\/p>\n<p>\u20ac 17,90<\/p>\n<p>Trinkbare L\u00f6sung<\/p>\n<p>NAHRUNGSERG\u00c4NZUNGSMITTEL AUF BASIS VON PFLANZLICHEN EXTRAKTEN<\/p>\n<p>&nbsp;<\/p>\n<p>Siehe das technische Datenblatt unten<\/p>","protected":false},"featured_media":8432,"comment_status":"closed","ping_status":"closed","template":"","meta":{"_acf_changed":false},"product_cat":[79,80,103,67],"product_tag":[177,246,227],"acf":[],"_links":{"self":[{"href":"https:\/\/lemuria.it\/de\/wp-json\/wp\/v2\/product\/8430"}],"collection":[{"href":"https:\/\/lemuria.it\/de\/wp-json\/wp\/v2\/product"}],"about":[{"href":"https:\/\/lemuria.it\/de\/wp-json\/wp\/v2\/types\/product"}],"replies":[{"embeddable":true,"href":"https:\/\/lemuria.it\/de\/wp-json\/wp\/v2\/comments?post=8430"}],"wp:featuredmedia":[{"embeddable":true,"href":"https:\/\/lemuria.it\/de\/wp-json\/wp\/v2\/media\/8432"}],"wp:attachment":[{"href":"https:\/\/lemuria.it\/de\/wp-json\/wp\/v2\/media?parent=8430"}],"wp:term":[{"taxonomy":"product_cat","embeddable":true,"href":"https:\/\/lemuria.it\/de\/wp-json\/wp\/v2\/product_cat?post=8430"},{"taxonomy":"product_tag","embeddable":true,"href":"https:\/\/lemuria.it\/de\/wp-json\/wp\/v2\/product_tag?post=8430"}],"curies":[{"name":"wp","href":"https:\/\/api.w.org\/{rel}","templated":true}]}}