{"id":8404,"date":"2015-04-15T18:10:40","date_gmt":"2015-04-15T16:10:40","guid":{"rendered":"https:\/\/www.lemuria.it\/product\/tricolem\/"},"modified":"2022-01-08T12:47:18","modified_gmt":"2022-01-08T11:47:18","slug":"tricolem","status":"publish","type":"product","link":"https:\/\/lemuria.it\/de\/produkt\/tricolem\/","title":{"rendered":"TRICOLEM"},"content":{"rendered":"<p>Gesundes, gl\u00e4nzendes Haar<\/p>\n<p>Enth\u00e4lt Serenoa. Die Anwendung bei Frauen im geb\u00e4rf\u00e4higen Alter und bei vorpubert\u00e4ren Personen beiderlei Geschlechts wird nicht empfohlen<\/p>\n<p>&nbsp;<\/p>\n<p><strong>ZUTATEN:<\/strong><\/p>\n<p>Jede 400-mg-Tablette enth\u00e4lt: Pau d&#039;Arco (Tabeluia Avellanedae Lorentz ex Griseb.) Rinde est.sec. 100 mg. Alfa alfa (Medicago sativa L.) bl\u00fchendes Kraut est.sec. 80 mg, Serenoa repens (Sabal serrulata (Bartr.) Small.) Fr\u00fcchte est.sec. 50 mg, Primelbl\u00fcten (Primula veris L.) est.sec. 50 mg, Aloe (Aloe vera L.)-Bl\u00e4tterpulver 30 mg, Bambus (Bambusa vulgaris L.)-Stiel est.sec. 30 mg, Maltodextrin, Trennmittel: Siliziumdioxid und Magnesiumstearat.<\/p>\n<p>&nbsp;<\/p>\n<p>&nbsp;<\/p>\n<p><strong>TIPPS F\u00dcR DEN GEBRAUCH:<\/strong><\/p>\n<p>Erwachsene: Nehmen Sie zwei Tabletten pro Tag ein.<\/p>\n<p><em>\u00a0<\/em><strong>VERPACKUNG:<br \/>\n<\/strong><\/p>\n<div>\n<p>Flasche mit 120 Tabletten<\/p>\n<\/div>","protected":false},"excerpt":{"rendered":"<p>Gesundes, gl\u00e4nzendes Haar<\/p>\n<p><strong>VERPACKUNG:<br \/>\n<\/strong><\/p>\n<div>\n<p>\u00a0Flasche mit 120 Tabletten<\/p>\n<p><strong>PREIS:<\/strong><\/p>\n<p>\u20ac 35,00<\/p>\n<p>NAHRUNGSERG\u00c4NZUNGSMITTEL AUF BASIS VON PFLANZEN UND DERIVATEN<\/p>\n<\/div>\n<p>&nbsp;<\/p>\n<p>Siehe das technische Datenblatt unten<\/p>","protected":false},"featured_media":8878,"comment_status":"closed","ping_status":"closed","template":"","meta":{"_acf_changed":false},"product_cat":[76,103,67,88],"product_tag":[230,227,229],"acf":[],"_links":{"self":[{"href":"https:\/\/lemuria.it\/de\/wp-json\/wp\/v2\/product\/8404"}],"collection":[{"href":"https:\/\/lemuria.it\/de\/wp-json\/wp\/v2\/product"}],"about":[{"href":"https:\/\/lemuria.it\/de\/wp-json\/wp\/v2\/types\/product"}],"replies":[{"embeddable":true,"href":"https:\/\/lemuria.it\/de\/wp-json\/wp\/v2\/comments?post=8404"}],"wp:featuredmedia":[{"embeddable":true,"href":"https:\/\/lemuria.it\/de\/wp-json\/wp\/v2\/media\/8878"}],"wp:attachment":[{"href":"https:\/\/lemuria.it\/de\/wp-json\/wp\/v2\/media?parent=8404"}],"wp:term":[{"taxonomy":"product_cat","embeddable":true,"href":"https:\/\/lemuria.it\/de\/wp-json\/wp\/v2\/product_cat?post=8404"},{"taxonomy":"product_tag","embeddable":true,"href":"https:\/\/lemuria.it\/de\/wp-json\/wp\/v2\/product_tag?post=8404"}],"curies":[{"name":"wp","href":"https:\/\/api.w.org\/{rel}","templated":true}]}}