{"id":8374,"date":"2015-04-15T17:40:32","date_gmt":"2015-04-15T15:40:32","guid":{"rendered":"https:\/\/www.lemuria.it\/product\/andres-tuxs\/"},"modified":"2022-01-08T13:09:34","modified_gmt":"2022-01-08T12:09:34","slug":"andres-tuxs","status":"publish","type":"product","link":"https:\/\/lemuria.it\/de\/produkt\/andres-smoking\/","title":{"rendered":"ANDRES TUXS"},"content":{"rendered":"<p><strong>PHYSIOLOGISCHE VALENZ:<\/strong><\/p>\n<p>Die Wurzel von Echinacea, die bl\u00fchenden Spitzen von Erisimo und die o.e. von Malaleuca f\u00f6rdern die Funktionalit\u00e4t der oberen Atemwege. Johannisbeerbl\u00e4tter und Kiefernknospen f\u00f6rdern das Wohlbefinden von Nase und Rachen.<\/p>\n<p>&nbsp;<\/p>\n<p><strong>ZUTATEN:<\/strong><\/p>\n<p><em>Fruktose, Wasser, Propolis est. Sek. 10%, Echinacea purpurea (Echinacea purpurea L. Moench) gegr. Sek. Wurzel 5%, Extrakt aus schwarzen Johannisbeerbl\u00e4ttern (Ribes nigrum L.) 4%, Extrakt aus Kiefernknospen (Pinus sylvestris L.) 2%, Bl\u00e4tter aus Efeu (Hedera helix L.) geest. Sek. 2%, Erysimo (Sisymbrum officinale(L.)Scop.) bl\u00fchende Spitzen im Osten. sec.2%, K\u00f6nigskerze (Verbascum thapsus L.) Bl\u00fcten est. Sek. 2%, Uncaria (Uncaria tomentosa (Willd.) DC.) \u00e4u\u00dfere Rinde. Sek. 1%, Malaleuca (Malaleuca alternifolia Cheel.) Bl\u00e4tter oe0,2%, Maltodextrin, nat\u00fcrliche Aromen, Konservierungsmittel: Kaliumsorbat.<\/em><\/p>\n<p>&nbsp;<\/p>\n<p><strong>TIPPS F\u00dcR DEN GEBRAUCH:<\/strong><\/p>\n<p>Nehmen Sie 2-mal t\u00e4glich 1 Teel\u00f6ffel des Produkts ein.<\/p>\n<p>&nbsp;<\/p>\n<p><strong>VERPACKUNG:<br \/>\n<\/strong><\/p>\n<p>100 ml Flasche<\/p>\n<p>&nbsp;<\/p>\n<p>NAHRUNGSERG\u00c4NZUNGSMITTEL AUF BASIS VON PFLANZEN UND DERIVATEN<\/p>\n<\/p>\n<\/p>\n<\/p>\n<\/p>\n<\/p>\n<\/p><\/p>","protected":false},"excerpt":{"rendered":"<p><strong>WOHLBEFINDEN DER ATEMWEGE<\/strong><\/p>\n<p><strong>\u00a0<\/strong><\/p>\n<p>Die Wurzel von Echinacea, die bl\u00fchenden Spitzen von Erisimo und die o.e. von Malaleuca f\u00f6rdern die Funktionalit\u00e4t der oberen Atemwege. Johannisbeerbl\u00e4tter und Kiefernknospen f\u00f6rdern das Wohlbefinden von Nase und Rachen.<\/p>\n<p>&nbsp;<\/p>\n<p><strong>VERPACKUNG:<br \/>\n<\/strong><\/p>\n<p>100 ml Flasche<\/p>\n<p><strong>PREIS:<br \/>\n<\/strong><\/p>\n<p>\u20ac 13,50<\/p>\n<p>&nbsp;<\/p>\n<p>Siehe das technische Datenblatt unten<\/p>","protected":false},"featured_media":8375,"comment_status":"closed","ping_status":"closed","template":"","meta":{"_acf_changed":false},"product_cat":[98,84,67],"product_tag":[203,143,142,144],"acf":[],"_links":{"self":[{"href":"https:\/\/lemuria.it\/de\/wp-json\/wp\/v2\/product\/8374"}],"collection":[{"href":"https:\/\/lemuria.it\/de\/wp-json\/wp\/v2\/product"}],"about":[{"href":"https:\/\/lemuria.it\/de\/wp-json\/wp\/v2\/types\/product"}],"replies":[{"embeddable":true,"href":"https:\/\/lemuria.it\/de\/wp-json\/wp\/v2\/comments?post=8374"}],"wp:featuredmedia":[{"embeddable":true,"href":"https:\/\/lemuria.it\/de\/wp-json\/wp\/v2\/media\/8375"}],"wp:attachment":[{"href":"https:\/\/lemuria.it\/de\/wp-json\/wp\/v2\/media?parent=8374"}],"wp:term":[{"taxonomy":"product_cat","embeddable":true,"href":"https:\/\/lemuria.it\/de\/wp-json\/wp\/v2\/product_cat?post=8374"},{"taxonomy":"product_tag","embeddable":true,"href":"https:\/\/lemuria.it\/de\/wp-json\/wp\/v2\/product_tag?post=8374"}],"curies":[{"name":"wp","href":"https:\/\/api.w.org\/{rel}","templated":true}]}}