{"id":8372,"date":"2015-04-15T17:38:17","date_gmt":"2015-04-15T15:38:17","guid":{"rendered":"https:\/\/www.lemuria.it\/product\/andres-spray\/"},"modified":"2022-01-08T13:11:40","modified_gmt":"2022-01-08T12:11:40","slug":"andres-spray","status":"publish","type":"product","link":"https:\/\/lemuria.it\/de\/produkt\/andres-spray\/","title":{"rendered":"ANDRES SPRAY"},"content":{"rendered":"<p><strong>PHYSIOLOGISCHE VALENZ:<\/strong><\/p>\n<p>Die bl\u00fchenden Spitzen von Erisimo, die \u00e4therischen \u00d6le von Minze und Malaleuca f\u00f6rdern die Funktionalit\u00e4t der oberen Atemwege. Die bl\u00fchenden Spitzen von Erisimo haben eine erweichende und beruhigende Wirkung auf die Mund-Rachen-Schleimhaut.<\/p>\n<p>&nbsp;<\/p>\n<p><strong>ZUTATEN:<\/strong><\/p>\n<p><em>Wasser, reiner Akazienhonig 30%, Knospe der Schwarzerle (Alnus glutinosa Gaertn L.) 3%, Knospe der Schwarzen Johannisbeere (Ribes nigrum L.) 3%, Bl\u00fctenspitze Erysimo (Sisymbriurm officinale Scop.) 2,5%, Propolisharz (Propolis) 2,5% , Tolubalsam (Myroxylon balsamum L. harms) Balsam 0,3%, Fenchel (Foeniculum vulgare Mill.) oe 0,2% Niaouli (Malaleuca leucadendron L.) oe 0,1%, Pfefferminze (Mentha piperita L.) oe 0,1%, Schotten Kiefer (Pinus sylvestris L. oe 0,1%, Malaleuca (Malaleuca alternifolia cheel) oe 0,05%, Konservierungsmittel: Kaliumsorbat.<\/em><\/p>\n<p>&nbsp;<\/p>\n<p><strong>TIPPS F\u00dcR DEN GEBRAUCH:<\/strong><\/p>\n<p>Je nach Bedarf mehrmals t\u00e4glich dreimal verdampfen, bis zu sechsmal t\u00e4glich. Es empfiehlt sich, einen Moment zu warten, bevor Sie das Produkt schlucken.<\/p>\n<p>&nbsp;<\/p>\n<p><strong>VERPACKUNG:<br \/>\n<\/strong><\/p>\n<p>30 ml Flasche<\/p>\n<p>&nbsp;<\/p>\n<p>NAHRUNGSERG\u00c4NZUNGSMITTEL AUF BASIS VON PFLANZEN UND DERIVATEN<\/p>\n<\/p>\n<\/p>\n<\/p>\n<\/p>\n<\/p>\n<\/p><\/p>","protected":false},"excerpt":{"rendered":"<p><strong>F\u00dcR DEN HALS<\/strong><\/p>\n<p><strong>\u00a0<\/strong><\/p>\n<p>Die bl\u00fchenden Spitzen von Erisimo, die \u00e4therischen \u00d6le von Minze und Malaleuca f\u00f6rdern die Funktionalit\u00e4t der oberen Atemwege. Die bl\u00fchenden Spitzen von Erisimo haben eine erweichende und beruhigende Wirkung auf die Mund-Rachen-Schleimhaut.<\/p>\n<p><strong>VERPACKUNG:<br \/>\n<\/strong><\/p>\n<p>30 ml Flasche<\/p>\n<p><strong>PREIS:<br \/>\n<\/strong><\/p>\n<p>\u20ac 9,00<\/p>\n<p>&nbsp;<\/p>\n<p>Siehe das technische Datenblatt unten<\/p>","protected":false},"featured_media":8373,"comment_status":"closed","ping_status":"closed","template":"","meta":{"_acf_changed":false},"product_cat":[98,82,84,67],"product_tag":[203,209,212,202],"acf":[],"_links":{"self":[{"href":"https:\/\/lemuria.it\/de\/wp-json\/wp\/v2\/product\/8372"}],"collection":[{"href":"https:\/\/lemuria.it\/de\/wp-json\/wp\/v2\/product"}],"about":[{"href":"https:\/\/lemuria.it\/de\/wp-json\/wp\/v2\/types\/product"}],"replies":[{"embeddable":true,"href":"https:\/\/lemuria.it\/de\/wp-json\/wp\/v2\/comments?post=8372"}],"wp:featuredmedia":[{"embeddable":true,"href":"https:\/\/lemuria.it\/de\/wp-json\/wp\/v2\/media\/8373"}],"wp:attachment":[{"href":"https:\/\/lemuria.it\/de\/wp-json\/wp\/v2\/media?parent=8372"}],"wp:term":[{"taxonomy":"product_cat","embeddable":true,"href":"https:\/\/lemuria.it\/de\/wp-json\/wp\/v2\/product_cat?post=8372"},{"taxonomy":"product_tag","embeddable":true,"href":"https:\/\/lemuria.it\/de\/wp-json\/wp\/v2\/product_tag?post=8372"}],"curies":[{"name":"wp","href":"https:\/\/api.w.org\/{rel}","templated":true}]}}