{"id":8368,"date":"2015-04-15T17:32:04","date_gmt":"2015-04-15T15:32:04","guid":{"rendered":"https:\/\/www.lemuria.it\/product\/andres-sinulem\/"},"modified":"2022-01-08T15:00:58","modified_gmt":"2022-01-08T14:00:58","slug":"andres-sinulem","status":"publish","type":"product","link":"https:\/\/lemuria.it\/de\/produkt\/andres-sinulem\/","title":{"rendered":"ANDRES SINULEM"},"content":{"rendered":"<p><strong>PHYSIOLOGISCHE VALENZ:<\/strong><\/p>\n<p>\u00c4therisches Kiefern\u00f6l f\u00f6rdert das Wohlbefinden von Nase und Rachen, in Verbindung mit Eukalyptusbl\u00e4ttern und Tolu-Balsam hat es eine balsamische Wirkung, Primel- und Holunderbl\u00fcten f\u00f6rdern die Flie\u00dff\u00e4higkeit der Bronchialsekrete.<\/p>\n<p>&nbsp;<\/p>\n<p><strong>ZUTATEN:<\/strong><\/p>\n<p><em>Fruktose, gereinigtes Wasser, w\u00e4ssriger Extrakt aus Primelbl\u00fcten (Primula veris L.) 15%, w\u00e4ssriger Extrakt aus Holunderbl\u00fcten (Sambucus nigra L.) 15%, w\u00e4ssriger Extrakt aus Eukalyptusbl\u00e4ttern (Eucalyptus globulus Labillardiere) 15%, bl\u00fchender Kr\u00e4uterextrakt aus Eisenkraut (Verbena Officinalis L.). w\u00e4ssrig 15%, Beerensaftkonzentrat, Konservierungsmittel: Kaliumsorbat, Tolubalsam (Myroxylon balsamum (L.)Harms) Balsam 0,05%, Waldkiefer (Pinus sylvestris L.) oe 0,05%.<\/em><\/p>\n<p>&nbsp;<\/p>\n<p><strong>TIPPS F\u00dcR DEN GEBRAUCH:<\/strong><\/p>\n<p>Vor Gebrauch gut sch\u00fctteln. Nehmen Sie dreimal t\u00e4glich einen Teel\u00f6ffel ein.<\/p>\n<p>&nbsp;<\/p>\n<p><strong>VERPACKUNG:<br \/>\n<\/strong><\/p>\n<p>100 ml Flasche<\/p>\n<p>&nbsp;<\/p>\n<p>NAHRUNGSERG\u00c4NZUNGSMITTEL AUF BASIS VON PFLANZEN UND DERIVATEN<\/p>\n<\/p>\n<\/p>\n<\/p>\n<\/p>\n<\/p>\n<\/p><\/p>","protected":false},"excerpt":{"rendered":"<p><strong>FREIER ATEM<\/strong><\/p>\n<p>\u00c4therisches Kiefern\u00f6l f\u00f6rdert das Wohlbefinden von Nase und Rachen, in Verbindung mit Eukalyptusbl\u00e4ttern und Tolu-Balsam hat es eine balsamische Wirkung, Primel- und Holunderbl\u00fcten f\u00f6rdern die Flie\u00dff\u00e4higkeit der Bronchialsekrete.<\/p>\n<p>&nbsp;<\/p>\n<p><strong>VERPACKUNG:<br \/>\n<\/strong><\/p>\n<p>100 ml Flasche<\/p>\n<p><strong>PREIS:<br \/>\n<\/strong><\/p>\n<p>\u20ac 13,50<\/p>\n<p>&nbsp;<\/p>\n<p>Siehe das technische Datenblatt unten<\/p>","protected":false},"featured_media":8833,"comment_status":"closed","ping_status":"closed","template":"","meta":{"_acf_changed":false},"product_cat":[98,83,84,67],"product_tag":[203,209,208,210],"acf":[],"_links":{"self":[{"href":"https:\/\/lemuria.it\/de\/wp-json\/wp\/v2\/product\/8368"}],"collection":[{"href":"https:\/\/lemuria.it\/de\/wp-json\/wp\/v2\/product"}],"about":[{"href":"https:\/\/lemuria.it\/de\/wp-json\/wp\/v2\/types\/product"}],"replies":[{"embeddable":true,"href":"https:\/\/lemuria.it\/de\/wp-json\/wp\/v2\/comments?post=8368"}],"wp:featuredmedia":[{"embeddable":true,"href":"https:\/\/lemuria.it\/de\/wp-json\/wp\/v2\/media\/8833"}],"wp:attachment":[{"href":"https:\/\/lemuria.it\/de\/wp-json\/wp\/v2\/media?parent=8368"}],"wp:term":[{"taxonomy":"product_cat","embeddable":true,"href":"https:\/\/lemuria.it\/de\/wp-json\/wp\/v2\/product_cat?post=8368"},{"taxonomy":"product_tag","embeddable":true,"href":"https:\/\/lemuria.it\/de\/wp-json\/wp\/v2\/product_tag?post=8368"}],"curies":[{"name":"wp","href":"https:\/\/api.w.org\/{rel}","templated":true}]}}