{"id":8354,"date":"2015-04-15T17:13:41","date_gmt":"2015-04-15T15:13:41","guid":{"rendered":"https:\/\/www.lemuria.it\/product\/andres-balsamico\/"},"modified":"2022-01-08T15:12:34","modified_gmt":"2022-01-08T14:12:34","slug":"andres-balsamico","status":"publish","type":"product","link":"https:\/\/lemuria.it\/de\/produkt\/andres-balsamico\/","title":{"rendered":"ANDRES BALSAMICO"},"content":{"rendered":"<p><strong>PHYSIOLOGISCHE VALENZ:<\/strong><\/p>\n<p>Es enth\u00e4lt keine Erd\u00f6lderivate. Enth\u00e4lt kein Menthol.<br \/>\nDie \u00e4therischen \u00d6le von Lavendel, Eukalyptus, Kiefer, Niaouly, Neroli, Cajeput und Ysop garantieren ein breites Wirkungsspektrum bei den typischen Erk\u00e4ltungsfolgen.<\/p>\n<p>&nbsp;<\/p>\n<p><strong>ZUTATEN:<\/strong><\/p>\n<p><em>Butyrospermum parkii, Vitis vinifera, Olea europaea, Eukalyptol, Lavandula angustifolia, Eucalyptus globulus, Pinus sylvestris, Malaleuca viridiflora, Eucalyptus citriodora, Citrus auratium, Hyssopus officinalis, Malaleuca cajeputi, Tocopherylacetat.<\/em><\/p>\n<p>&nbsp;<\/p>\n<p><strong>TIPPS F\u00dcR DEN GEBRAUCH:<\/strong><\/p>\n<p>Es kann sich im Brustbeinbereich, auf den Nasen- und Nasennebenh\u00f6hlen, auf der Stirn und in der N\u00e4he der Naseng\u00e4nge ausbreiten. Bei Kleinkindern wird die Anwendung im Gesicht, insbesondere in der N\u00e4he der Nase, nicht empfohlen. Das Produkt kann auch zur Begasung verwendet werden, indem eine kleine Menge des Produkts im Wasserbad erhitzt wird.<\/p>\n<p>&nbsp;<\/p>\n<p><strong>VERPACKUNG:<br \/>\n<\/strong><\/p>\n<p>30 ml Glas<\/p>","protected":false},"excerpt":{"rendered":"<p><strong>NASE \u2013 BRUST \u2013 ATEM<\/strong><\/p>\n<p>Es enth\u00e4lt keine Erd\u00f6lderivate. Enth\u00e4lt kein Menthol.<\/p>\n<p>Die \u00e4therischen \u00d6le von Lavendel, Eukalyptus, Kiefer, Niaouly, Neroli, Cajeput und Ysop garantieren ein breites Wirkungsspektrum bei den typischen Erk\u00e4ltungsfolgen.<\/p>\n<p>&nbsp;<\/p>\n<p><strong>VERPACKUNG:<br \/>\n<\/strong><\/p>\n<p>30 ml Glas<\/p>\n<p><strong>PREIS:<br \/>\n<\/strong><\/p>\n<p>\u20ac 9,00<\/p>\n<p>Siehe das technische Datenblatt unten<\/p>","protected":false},"featured_media":8355,"comment_status":"closed","ping_status":"closed","template":"","meta":{"_acf_changed":false},"product_cat":[98,83,84,67],"product_tag":[203,204,205],"acf":[],"_links":{"self":[{"href":"https:\/\/lemuria.it\/de\/wp-json\/wp\/v2\/product\/8354"}],"collection":[{"href":"https:\/\/lemuria.it\/de\/wp-json\/wp\/v2\/product"}],"about":[{"href":"https:\/\/lemuria.it\/de\/wp-json\/wp\/v2\/types\/product"}],"replies":[{"embeddable":true,"href":"https:\/\/lemuria.it\/de\/wp-json\/wp\/v2\/comments?post=8354"}],"wp:featuredmedia":[{"embeddable":true,"href":"https:\/\/lemuria.it\/de\/wp-json\/wp\/v2\/media\/8355"}],"wp:attachment":[{"href":"https:\/\/lemuria.it\/de\/wp-json\/wp\/v2\/media?parent=8354"}],"wp:term":[{"taxonomy":"product_cat","embeddable":true,"href":"https:\/\/lemuria.it\/de\/wp-json\/wp\/v2\/product_cat?post=8354"},{"taxonomy":"product_tag","embeddable":true,"href":"https:\/\/lemuria.it\/de\/wp-json\/wp\/v2\/product_tag?post=8354"}],"curies":[{"name":"wp","href":"https:\/\/api.w.org\/{rel}","templated":true}]}}