{"id":8253,"date":"2015-04-14T12:28:31","date_gmt":"2015-04-14T10:28:31","guid":{"rendered":"https:\/\/www.lemuria.it\/product\/equilibre-7\/"},"modified":"2022-01-08T16:05:55","modified_gmt":"2022-01-08T15:05:55","slug":"equilibre-7","status":"publish","type":"product","link":"https:\/\/lemuria.it\/de\/produkt\/equilibre-7\/","title":{"rendered":"EQUILIBRE\u00ae 7"},"content":{"rendered":"<p><strong>MAL DI VIVERE &#8211; APATIA<\/strong><\/p>\n<p>Contains some flower essences as: Wild Rose, Mustard, Sweet Chestnut, Gentian.<\/p>\n<p>&nbsp;<\/p>\n<p><strong>ZUTATEN<\/strong><\/p>\n<p>Acqua, fruttosio, estratti di Rosmarino (Rosmarinus officinalis L.) foglie 5%, Tarassaco (Taraxcum officinale L.) radice 5%, Macerati di Rosa selvatica (Rosa canina L.) fiori 0,21%, Senape (Sinapis arvensis L.) fiori 0,21%, Castagno dolce (Castanea sativa Mill.) fiori 0,21%, Genziana (Gentiana lutea L.) fiori 0,21%.<\/p>\n<p>&nbsp;<\/p>\n<p><strong>TIPPS F\u00dcR DEN GEBRAUCH<\/strong><\/p>\n<p>6 Tropfen 4-mal t\u00e4glich. Die Tropfen k\u00f6nnen direkt in den Mund eingenommen oder in etwas Fl\u00fcssigkeit verd\u00fcnnt werden.<\/p>\n<p>&nbsp;<\/p>\n<p><strong>VERPACKUNG<\/strong><\/p>\n<p>Nettomenge 30 ml<\/p>","protected":false},"excerpt":{"rendered":"<p><strong>DEPRESSIONE\u00a0 \u2013 APATIA<\/strong><\/p>\n<p>Contains some flower essences as: Wild Rose, Mustard, Sweet Chestnut, Gentian.<\/p>\n<p>Trinkbare L\u00f6sung in Tropfenform<\/p>\n<p><strong>VERPACKUNG:<\/strong><\/p>\n<p>Nettomenge 30 ml<\/p>\n<p><strong>PREIS:<\/strong><\/p>\n<p>16,00<\/p>\n<p>NAHRUNGSERG\u00c4NZUNGSMITTEL AUF BASIS VON PFLANZEN UND DERIVATEN<\/p>\n<p><em>\u00a0<\/em>Siehe das technische Datenblatt unten<\/p>","protected":false},"featured_media":8254,"comment_status":"open","ping_status":"closed","template":"","meta":{"_acf_changed":false},"product_cat":[93,72,67],"product_tag":[159,158,145,146],"acf":[],"_links":{"self":[{"href":"https:\/\/lemuria.it\/de\/wp-json\/wp\/v2\/product\/8253"}],"collection":[{"href":"https:\/\/lemuria.it\/de\/wp-json\/wp\/v2\/product"}],"about":[{"href":"https:\/\/lemuria.it\/de\/wp-json\/wp\/v2\/types\/product"}],"replies":[{"embeddable":true,"href":"https:\/\/lemuria.it\/de\/wp-json\/wp\/v2\/comments?post=8253"}],"wp:featuredmedia":[{"embeddable":true,"href":"https:\/\/lemuria.it\/de\/wp-json\/wp\/v2\/media\/8254"}],"wp:attachment":[{"href":"https:\/\/lemuria.it\/de\/wp-json\/wp\/v2\/media?parent=8253"}],"wp:term":[{"taxonomy":"product_cat","embeddable":true,"href":"https:\/\/lemuria.it\/de\/wp-json\/wp\/v2\/product_cat?post=8253"},{"taxonomy":"product_tag","embeddable":true,"href":"https:\/\/lemuria.it\/de\/wp-json\/wp\/v2\/product_tag?post=8253"}],"curies":[{"name":"wp","href":"https:\/\/api.w.org\/{rel}","templated":true}]}}