{"id":8246,"date":"2015-04-14T10:56:36","date_gmt":"2015-04-14T08:56:36","guid":{"rendered":"https:\/\/www.lemuria.it\/product\/equilibre-5\/"},"modified":"2022-01-08T16:11:30","modified_gmt":"2022-01-08T15:11:30","slug":"equilibre-5","status":"publish","type":"product","link":"https:\/\/lemuria.it\/de\/produkt\/equilibre-5\/","title":{"rendered":"EQUILIBRE\u00ae 5"},"content":{"rendered":"<p><strong>PAURA &#8211; TERRORE<\/strong><\/p>\n<p>Contains some flower essences as: Mustard, Walnut, Aspen, Mimulus<\/p>\n<p><strong>\u00a0<\/strong><\/p>\n<p><strong>ZUTATEN<\/strong><\/p>\n<p>Acqua, Fruttosio, Basilico (Ocimum basilicum L.) foglie estratto 5%, Tiglio (Tilia cordata Mill.) fiori estratto 5%, Macerata di Senape (Sinapis arvensis) fiori 0,21%, Noce (Juglans regina L.) fiori 0,21%, Pioppo (Populus tremula L.) fiori 0,21%, Mimolo (Mimulus guttatus) fiori 0,21%.<\/p>\n<p>&nbsp;<\/p>\n<p><strong>TIPPS F\u00dcR DEN GEBRAUCH<\/strong><\/p>\n<p>6 Tropfen 4-mal t\u00e4glich. Die Tropfen k\u00f6nnen direkt in den Mund eingenommen oder in etwas Fl\u00fcssigkeit verd\u00fcnnt werden.<\/p>\n<p>&nbsp;<\/p>\n<p><strong>VERPACKUNG<\/strong><\/p>\n<p>Nettomenge 30 ml<\/p>\n<p>&nbsp;<\/p>\n<p><em>\u00a0<\/em><\/p>","protected":false},"excerpt":{"rendered":"<p><strong>PAURA \u2013 TERRORE<\/strong><\/p>\n<p>Contains some flower essences as: Mustard, Walnut, Aspen, Mimulus<\/p>\n<p>Trinkbare L\u00f6sung in Tropfenform<\/p>\n<p><strong>VERPACKUNG:<\/strong><\/p>\n<p>Nettomenge 30 ml<\/p>\n<p><strong>PREIS:<\/strong><\/p>\n<p>16,00<\/p>\n<p>NAHRUNGSERG\u00c4NZUNGSMITTEL AUF BASIS VON PFLANZEN UND DERIVATEN<\/p>\n<p><em>\u00a0<\/em>Siehe das technische Datenblatt unten<\/p>","protected":false},"featured_media":8247,"comment_status":"open","ping_status":"closed","template":"","meta":{"_acf_changed":false},"product_cat":[93,72,67],"product_tag":[145,146,154,155],"acf":[],"_links":{"self":[{"href":"https:\/\/lemuria.it\/de\/wp-json\/wp\/v2\/product\/8246"}],"collection":[{"href":"https:\/\/lemuria.it\/de\/wp-json\/wp\/v2\/product"}],"about":[{"href":"https:\/\/lemuria.it\/de\/wp-json\/wp\/v2\/types\/product"}],"replies":[{"embeddable":true,"href":"https:\/\/lemuria.it\/de\/wp-json\/wp\/v2\/comments?post=8246"}],"wp:featuredmedia":[{"embeddable":true,"href":"https:\/\/lemuria.it\/de\/wp-json\/wp\/v2\/media\/8247"}],"wp:attachment":[{"href":"https:\/\/lemuria.it\/de\/wp-json\/wp\/v2\/media?parent=8246"}],"wp:term":[{"taxonomy":"product_cat","embeddable":true,"href":"https:\/\/lemuria.it\/de\/wp-json\/wp\/v2\/product_cat?post=8246"},{"taxonomy":"product_tag","embeddable":true,"href":"https:\/\/lemuria.it\/de\/wp-json\/wp\/v2\/product_tag?post=8246"}],"curies":[{"name":"wp","href":"https:\/\/api.w.org\/{rel}","templated":true}]}}