{"id":8243,"date":"2015-04-14T10:54:20","date_gmt":"2015-04-14T08:54:20","guid":{"rendered":"https:\/\/www.lemuria.it\/product\/equilibre-4\/"},"modified":"2022-01-08T16:13:35","modified_gmt":"2022-01-08T15:13:35","slug":"equilibre-4","status":"publish","type":"product","link":"https:\/\/lemuria.it\/de\/produkt\/equilibre-4\/","title":{"rendered":"EQUILIBRE\u00ae 4"},"content":{"rendered":"<p><strong>SOLITUDINE &#8211; EGOISMO<\/strong><\/p>\n<p>Contains some flower essences as: Pine, Heather, Centaury<\/p>\n<p><strong>\u00a0<\/strong><\/p>\n<p><strong>ZUTATEN<\/strong><\/p>\n<p>Acqua, Fruttosio, Ginkgo Biloba (Ginko biloba L.) foglie estratto 5%, Equiseto (Equisetum arvense L.) cauli sterili estratto 5%, Macerati di Pino (Pinus sylvestris L.) fiori 0,21%, Erica (Calluna vulgaris Salisb.) fiori 0,21%, Centaurea minore (Centaurea erythaea Rafinesque) fiori 0,21%.<\/p>\n<p>&nbsp;<\/p>\n<p><strong>TIPPS F\u00dcR DEN GEBRAUCH<\/strong><\/p>\n<p>6 Tropfen 4-mal t\u00e4glich. Die Tropfen k\u00f6nnen direkt in den Mund eingenommen oder in etwas Fl\u00fcssigkeit verd\u00fcnnt werden.<\/p>\n<p>&nbsp;<\/p>\n<p><strong>VERPACKUNG<\/strong><\/p>\n<p>Nettomenge 30 ml<\/p>\n<p><em>\u00a0<\/em><\/p>","protected":false},"excerpt":{"rendered":"<p><strong>SOLITUDINE \u2013 EGOISMO<br \/>\n<\/strong><\/p>\n<p>Contains some flower essences as: Pine, Heather, Centaury<\/p>\n<p>Trinkbare L\u00f6sung in Tropfenform<\/p>\n<p><strong>VERPACKUNG:<\/strong><\/p>\n<p>Nettomenge 30 ml<\/p>\n<p><strong>PREIS:<\/strong><\/p>\n<p>\u20ac 16,00<\/p>\n<p>NAHRUNGSERG\u00c4NZUNGSMITTEL AUF BASIS VON PFLANZEN UND DERIVATEN<\/p>\n<p><em>\u00a0<\/em>Siehe das technische Datenblatt unten<\/p>","protected":false},"featured_media":8244,"comment_status":"open","ping_status":"closed","template":"","meta":{"_acf_changed":false},"product_cat":[93,72,67],"product_tag":[145,146,153],"acf":[],"_links":{"self":[{"href":"https:\/\/lemuria.it\/de\/wp-json\/wp\/v2\/product\/8243"}],"collection":[{"href":"https:\/\/lemuria.it\/de\/wp-json\/wp\/v2\/product"}],"about":[{"href":"https:\/\/lemuria.it\/de\/wp-json\/wp\/v2\/types\/product"}],"replies":[{"embeddable":true,"href":"https:\/\/lemuria.it\/de\/wp-json\/wp\/v2\/comments?post=8243"}],"wp:featuredmedia":[{"embeddable":true,"href":"https:\/\/lemuria.it\/de\/wp-json\/wp\/v2\/media\/8244"}],"wp:attachment":[{"href":"https:\/\/lemuria.it\/de\/wp-json\/wp\/v2\/media?parent=8243"}],"wp:term":[{"taxonomy":"product_cat","embeddable":true,"href":"https:\/\/lemuria.it\/de\/wp-json\/wp\/v2\/product_cat?post=8243"},{"taxonomy":"product_tag","embeddable":true,"href":"https:\/\/lemuria.it\/de\/wp-json\/wp\/v2\/product_tag?post=8243"}],"curies":[{"name":"wp","href":"https:\/\/api.w.org\/{rel}","templated":true}]}}