{"id":8240,"date":"2015-04-14T10:51:14","date_gmt":"2015-04-14T08:51:14","guid":{"rendered":"https:\/\/www.lemuria.it\/product\/equilibre-2-copy\/"},"modified":"2022-01-08T16:20:41","modified_gmt":"2022-01-08T15:20:41","slug":"equilibre-3","status":"publish","type":"product","link":"https:\/\/lemuria.it\/de\/produkt\/equilibre-3\/","title":{"rendered":"EQUILIBRE\u00ae 3"},"content":{"rendered":"<p><strong>VULNERABILITA\u2019, INDECISIONE<\/strong><\/p>\n<p>Contains some flower essences as: Larch. Gentian, Elm, Walnut, Pine<\/p>\n<p><strong>\u00a0<\/strong><\/p>\n<p><strong>ZUTATEN<\/strong><\/p>\n<p>Acqua, Fruttosio, estratti di Ortica (Urtica dioica L.) foglie 5%, Crescione (Nasturtium officinalis R. brown) fiori 5%, Macerati di Larice (Larix occidentalis Nutt.) fiori 0,21%, Genziana (Gentiana lutea L.) fiori 0,21%, Olmo (Ulmus procera Salisb.) fiori 0,21%, Noce (juglans regia L.) fiori 0,21%, Pino (Pinus sylvestris L.) fiori 0,21%.<\/p>\n<p>&nbsp;<\/p>\n<p><strong>TIPPS F\u00dcR DEN GEBRAUCH<\/strong><\/p>\n<p>6 Tropfen 4-mal t\u00e4glich. Die Tropfen k\u00f6nnen direkt in den Mund eingenommen oder in etwas Fl\u00fcssigkeit verd\u00fcnnt werden.<\/p>\n<p>&nbsp;<\/p>\n<p><strong>VERPACKUNG<\/strong><\/p>\n<p>Nettomenge 30 ml<\/p>","protected":false},"excerpt":{"rendered":"<p><strong>VULNERABILITA\u2019 \u2013 INDECISIONE<br \/>\n<\/strong><\/p>\n<p>Contains some flower essences as: Larch. Gentian, Elm, Walnut, Pine<\/p>\n<p>Trinkbare L\u00f6sung in Tropfenform<\/p>\n<p><strong>VERPACKUNG:<\/strong><\/p>\n<p>Nettomenge 30 ml<\/p>\n<p><strong>PREIS:<\/strong><\/p>\n<p>\u20ac 16,00<\/p>\n<p>NAHRUNGSERG\u00c4NZUNGSMITTEL AUF BASIS VON PFLANZEN UND DERIVATEN<\/p>\n<p>Siehe das technische Datenblatt unten<\/p>","protected":false},"featured_media":8241,"comment_status":"open","ping_status":"closed","template":"","meta":{"_acf_changed":false},"product_cat":[93,72,67],"product_tag":[145,146,151,152],"acf":[],"_links":{"self":[{"href":"https:\/\/lemuria.it\/de\/wp-json\/wp\/v2\/product\/8240"}],"collection":[{"href":"https:\/\/lemuria.it\/de\/wp-json\/wp\/v2\/product"}],"about":[{"href":"https:\/\/lemuria.it\/de\/wp-json\/wp\/v2\/types\/product"}],"replies":[{"embeddable":true,"href":"https:\/\/lemuria.it\/de\/wp-json\/wp\/v2\/comments?post=8240"}],"wp:featuredmedia":[{"embeddable":true,"href":"https:\/\/lemuria.it\/de\/wp-json\/wp\/v2\/media\/8241"}],"wp:attachment":[{"href":"https:\/\/lemuria.it\/de\/wp-json\/wp\/v2\/media?parent=8240"}],"wp:term":[{"taxonomy":"product_cat","embeddable":true,"href":"https:\/\/lemuria.it\/de\/wp-json\/wp\/v2\/product_cat?post=8240"},{"taxonomy":"product_tag","embeddable":true,"href":"https:\/\/lemuria.it\/de\/wp-json\/wp\/v2\/product_tag?post=8240"}],"curies":[{"name":"wp","href":"https:\/\/api.w.org\/{rel}","templated":true}]}}