{"id":8237,"date":"2015-04-14T10:47:31","date_gmt":"2015-04-14T08:47:31","guid":{"rendered":"https:\/\/www.lemuria.it\/product\/equilibre-2\/"},"modified":"2022-01-08T16:27:14","modified_gmt":"2022-01-08T15:27:14","slug":"equilibre-2","status":"publish","type":"product","link":"https:\/\/lemuria.it\/de\/produkt\/equilibre-2\/","title":{"rendered":"EQUILIBRE\u00ae 2"},"content":{"rendered":"<p><strong>LUTTO, ROTTURA DI RELAZIONE<\/strong><\/p>\n<p>Contains some flower essences as: Mustard, Willow, Cherry Plum, Walnut, Wild Rose<\/p>\n<p><strong>\u00a0<\/strong><\/p>\n<p><strong>ZUTATEN<\/strong><\/p>\n<p>Acqua, Fruttosio, estratto di Santoreggia (Satureja hortensis L.) sommit\u00e0 fiorite 5%, Macerati di Senape (Sinapis arvensis L.) fiori 0,21%, Salice (Salix alba L.) fiori 0,21%, Prugno Mirabolano (Prunus cerasifera ehrh) fiori 0,21%, Noce (juglans regia L.) fiori 0,21%, Rosa canina ( Rosa canina L.) fiori 0,21%.<\/p>\n<p><strong>TIPPS F\u00dcR DEN GEBRAUCH<\/strong><\/p>\n<p>6 Tropfen 4-mal t\u00e4glich. Die Tropfen k\u00f6nnen direkt in den Mund eingenommen oder in etwas Fl\u00fcssigkeit verd\u00fcnnt werden.<\/p>\n<p>&nbsp;<\/p>\n<p><strong>VERPACKUNG<\/strong><\/p>\n<p>Nettomenge 30 ml<\/p>","protected":false},"excerpt":{"rendered":"<p><strong>LUTTO, ROTTURA DI RELAZIONE<br \/>\n<\/strong><\/p>\n<p>Contains some flower essences as: Mustard, Willow, Cherry Plum, Walnut, Wild Rose<\/p>\n<p>Trinkbare L\u00f6sung in Tropfenform<\/p>\n<p><strong>VERPACKUNG:<\/strong><\/p>\n<p>Nettomenge 30 ml<\/p>\n<p><strong>PREIS:<\/strong><\/p>\n<p>\u20ac 16,00<\/p>\n<p>NAHRUNGSERG\u00c4NZUNGSMITTEL AUF BASIS VON PFLANZEN UND DERIVATEN<\/p>\n<p>Siehe das technische Datenblatt unten<\/p>","protected":false},"featured_media":8238,"comment_status":"open","ping_status":"closed","template":"","meta":{"_acf_changed":false},"product_cat":[93,72,67],"product_tag":[149,145,146,150],"acf":[],"_links":{"self":[{"href":"https:\/\/lemuria.it\/de\/wp-json\/wp\/v2\/product\/8237"}],"collection":[{"href":"https:\/\/lemuria.it\/de\/wp-json\/wp\/v2\/product"}],"about":[{"href":"https:\/\/lemuria.it\/de\/wp-json\/wp\/v2\/types\/product"}],"replies":[{"embeddable":true,"href":"https:\/\/lemuria.it\/de\/wp-json\/wp\/v2\/comments?post=8237"}],"wp:featuredmedia":[{"embeddable":true,"href":"https:\/\/lemuria.it\/de\/wp-json\/wp\/v2\/media\/8238"}],"wp:attachment":[{"href":"https:\/\/lemuria.it\/de\/wp-json\/wp\/v2\/media?parent=8237"}],"wp:term":[{"taxonomy":"product_cat","embeddable":true,"href":"https:\/\/lemuria.it\/de\/wp-json\/wp\/v2\/product_cat?post=8237"},{"taxonomy":"product_tag","embeddable":true,"href":"https:\/\/lemuria.it\/de\/wp-json\/wp\/v2\/product_tag?post=8237"}],"curies":[{"name":"wp","href":"https:\/\/api.w.org\/{rel}","templated":true}]}}