{"id":8234,"date":"2015-04-14T10:30:37","date_gmt":"2015-04-14T08:30:37","guid":{"rendered":"https:\/\/www.lemuria.it\/product\/equilibre-1\/"},"modified":"2022-01-08T16:34:14","modified_gmt":"2022-01-08T15:34:14","slug":"equilibre-1","status":"publish","type":"product","link":"https:\/\/lemuria.it\/de\/produkt\/gleichgewicht-1\/","title":{"rendered":"EQUILIBRE\u00ae 1"},"content":{"rendered":"<p><strong>ANSPANNUNG \u2013 STRESS<\/strong><\/p>\n<p>Enth\u00e4lt einige Bl\u00fctenessenzen wie: Kirschpflaume, Wei\u00dfe Kastanie, Agrimony, Edelkastanie<\/p>\n<p><strong>\u00a0<\/strong><\/p>\n<p><strong>ZUTATEN<\/strong><\/p>\n<p>Wasser, Fruktose, Extrakte aus Bl\u00fctenspitzen von Oregano (Origanum vulgare L.) 5%, Bl\u00fcten von Wei\u00dfdorn (Crataegus monogyna Jacq.) 5%, mazerierte Myrabalanpflaume (Prunus cerasifera Ehrh.) Bl\u00fcten 0,21% Wei\u00dfe Rosskastanie (Aesculus hippocastanum L.) Bl\u00fcten 0,211 TP3T, Agrimonia (Agrimonia eupatoria L.) Bl\u00fcten 0,21%, Edelkastanie (Castanea sativa Mill.) Bl\u00fcten 0,21%.<\/p>\n<p>&nbsp;<\/p>\n<p><strong>TIPPS F\u00dcR DEN GEBRAUCH<\/strong><\/p>\n<p>6 Tropfen 4-mal t\u00e4glich. Die Tropfen k\u00f6nnen direkt in den Mund eingenommen oder in etwas Fl\u00fcssigkeit verd\u00fcnnt werden.<\/p>\n<p>&nbsp;<\/p>\n<p><strong>VERPACKUNG<\/strong><\/p>\n<p>Nettomenge 30 ml<\/p>","protected":false},"excerpt":{"rendered":"<p><strong>ANSPANNUNG UND STRESS<br \/>\n<\/strong><\/p>\n<p>Enth\u00e4lt einige Bl\u00fctenessenzen wie: Kirschpflaume, Wei\u00dfe Kastanie, Agrimony, Edelkastanie<\/p>\n<p>Trinkbare L\u00f6sung in Tropfenform<\/p>\n<p><strong>VERPACKUNG:<\/strong><\/p>\n<p>Nettomenge 30 ml<\/p>\n<p><strong>PREIS:<\/strong><\/p>\n<p>\u20ac 16,00<\/p>\n<p>NAHRUNGSERG\u00c4NZUNGSMITTEL AUF BASIS VON PFLANZEN UND DERIVATEN<\/p>\n<p><em>\u00a0<\/em>Siehe das technische Datenblatt unten<\/p>","protected":false},"featured_media":8235,"comment_status":"open","ping_status":"closed","template":"","meta":{"_acf_changed":false},"product_cat":[93,72,67],"product_tag":[145,146,148,147],"acf":[],"_links":{"self":[{"href":"https:\/\/lemuria.it\/de\/wp-json\/wp\/v2\/product\/8234"}],"collection":[{"href":"https:\/\/lemuria.it\/de\/wp-json\/wp\/v2\/product"}],"about":[{"href":"https:\/\/lemuria.it\/de\/wp-json\/wp\/v2\/types\/product"}],"replies":[{"embeddable":true,"href":"https:\/\/lemuria.it\/de\/wp-json\/wp\/v2\/comments?post=8234"}],"wp:featuredmedia":[{"embeddable":true,"href":"https:\/\/lemuria.it\/de\/wp-json\/wp\/v2\/media\/8235"}],"wp:attachment":[{"href":"https:\/\/lemuria.it\/de\/wp-json\/wp\/v2\/media?parent=8234"}],"wp:term":[{"taxonomy":"product_cat","embeddable":true,"href":"https:\/\/lemuria.it\/de\/wp-json\/wp\/v2\/product_cat?post=8234"},{"taxonomy":"product_tag","embeddable":true,"href":"https:\/\/lemuria.it\/de\/wp-json\/wp\/v2\/product_tag?post=8234"}],"curies":[{"name":"wp","href":"https:\/\/api.w.org\/{rel}","templated":true}]}}