{"id":8225,"date":"2015-04-14T10:20:21","date_gmt":"2015-04-14T08:20:21","guid":{"rendered":"https:\/\/www.lemuria.it\/product\/mitelas\/"},"modified":"2022-01-08T16:50:27","modified_gmt":"2022-01-08T15:50:27","slug":"mitelas","status":"publish","type":"product","link":"https:\/\/lemuria.it\/de\/produkt\/mitelas\/","title":{"rendered":"MITELAS"},"content":{"rendered":"<p><strong>PHYSIOLOGISCHE VALENZ<\/strong><\/p>\n<p>Das Manna, die Bl\u00e4tter und Bl\u00fcten von Malve und Zitronenmelisse, die Wurzeln von L\u00f6wenzahn und Chicor\u00e9e f\u00f6rdern die Regelm\u00e4\u00dfigkeit der Darmpassage.<\/p>\n<p>&nbsp;<\/p>\n<p><strong>ZUTATEN<\/strong><\/p>\n<p>Fruktosewasser, Manna (Fraxinus ornus L.) tit. bis 90% in w\u00e4ssrigem Mannit-Extrakt D:E 1:1, Bl\u00fcten und Bl\u00e4tter der Malve (Malva sylvestris L.). bis 6-8% in Schleim, w\u00e4ssriger Extrakt D:E 1:1, konzentrierter Pflaumensaft, L\u00f6wenzahnwurzel (Taraxacum officinale Weber). bis 2% in w\u00e4ssrigem Inulinextrakt D:E 1:1, w\u00e4ssriger Extrakt aus Zichorienwurzeln (Cichorium intyhbus L.) D:E 1:1, Trockenextrakt aus Melissenbl\u00e4ttern (Melissa officinalis L.) tit. zu 4% in Rosmarins\u00e4ure. Konservierungsmittel: Kaliumsorbat.<\/p>\n<p>&nbsp;<\/p>\n<p><strong>TIPPS F\u00dcR DEN GEBRAUCH<\/strong><\/p>\n<p>F\u00fcr eine korrekte Anwendung wird empfohlen, zwei- bis dreimal t\u00e4glich, vorzugsweise zwischen den Mahlzeiten, einen halben bis einen Teel\u00f6ffel einzunehmen. Das Produkt kann pur eingenommen oder in Wasser verd\u00fcnnt werden.<\/p>\n<p>&nbsp;<\/p>\n<p><strong>VERPACKUNG:<br \/>\n<\/strong><\/p>\n<p>100 ml Flasche<\/p>\n<\/p>\n<\/p>\n<\/p>\n<\/p>\n<\/p>\n<\/p><\/p>","protected":false},"excerpt":{"rendered":"<p><strong>F\u00dcR DEN FAULEN DARM<\/strong><\/p>\n<p><strong>KIND<\/strong><\/p>\n<p>Das Manna, die Bl\u00e4tter und Bl\u00fcten von Malve und Zitronenmelisse, die Wurzeln von L\u00f6wenzahn und Chicor\u00e9e f\u00f6rdern die Regelm\u00e4\u00dfigkeit der Darmpassage.<\/p>\n<p><strong>VERPACKUNG:<br \/>\n<\/strong><\/p>\n<p>100 ml Flasche<\/p>\n<p><strong>PREIS:<\/strong><\/p>\n<p>\u20ac 10,50<\/p>\n<p><strong>ALKOHOLFREI<\/strong><\/p>\n<p>NAHRUNGSERG\u00c4NZUNGSMITTEL AUF BASIS VON PFLANZLICHEN EXTRAKTEN<\/p>\n<p>Siehe das technische Datenblatt unten<\/p>","protected":false},"featured_media":8226,"comment_status":"open","ping_status":"closed","template":"","meta":{"_acf_changed":false},"product_cat":[85,80,100,67],"product_tag":[139,136,138],"acf":[],"_links":{"self":[{"href":"https:\/\/lemuria.it\/de\/wp-json\/wp\/v2\/product\/8225"}],"collection":[{"href":"https:\/\/lemuria.it\/de\/wp-json\/wp\/v2\/product"}],"about":[{"href":"https:\/\/lemuria.it\/de\/wp-json\/wp\/v2\/types\/product"}],"replies":[{"embeddable":true,"href":"https:\/\/lemuria.it\/de\/wp-json\/wp\/v2\/comments?post=8225"}],"wp:featuredmedia":[{"embeddable":true,"href":"https:\/\/lemuria.it\/de\/wp-json\/wp\/v2\/media\/8226"}],"wp:attachment":[{"href":"https:\/\/lemuria.it\/de\/wp-json\/wp\/v2\/media?parent=8225"}],"wp:term":[{"taxonomy":"product_cat","embeddable":true,"href":"https:\/\/lemuria.it\/de\/wp-json\/wp\/v2\/product_cat?post=8225"},{"taxonomy":"product_tag","embeddable":true,"href":"https:\/\/lemuria.it\/de\/wp-json\/wp\/v2\/product_tag?post=8225"}],"curies":[{"name":"wp","href":"https:\/\/api.w.org\/{rel}","templated":true}]}}