{"id":8205,"date":"2015-04-13T18:43:13","date_gmt":"2015-04-13T16:43:13","guid":{"rendered":"https:\/\/www.lemuria.it\/product\/e-t-tiglio\/"},"modified":"2022-01-08T17:12:10","modified_gmt":"2022-01-08T16:12:10","slug":"e-t-tiglio","status":"publish","type":"product","link":"https:\/\/lemuria.it\/de\/produkt\/und-linde\/","title":{"rendered":"UND LIME"},"content":{"rendered":"<p><strong>PHYSIOLOGISCHE VALENZ<\/strong><\/p>\n<p>Lindenbl\u00fcten f\u00f6rdern die Entspannung bei Stress und die Schlafqualit\u00e4t.<\/p>\n<p>&nbsp;<\/p>\n<p><strong>ZUTATEN<\/strong><\/p>\n<p>Fruktose, Wasser, Lindenbl\u00fcten (Tilia cordata Mill.), Extrakt (D:E=1:1). Dies ist ein 1:1 Gesamtextrakt in Fruktosel\u00f6sung 70%.<\/p>\n<p>&nbsp;<\/p>\n<p><strong>TIPPS F\u00dcR DEN GEBRAUCH<\/strong><\/p>\n<p>Kinder ab 12 Jahren: 10 Tropfen 3-mal t\u00e4glich. Kinder ab 6 Jahren: 6 Tropfen 3-mal t\u00e4glich. Erwachsene: 20 Tropfen 2\/3 mal t\u00e4glich. Die Tropfen k\u00f6nnen direkt in den Mund eingenommen oder in etwas Fl\u00fcssigkeit verd\u00fcnnt werden.<\/p>\n<p>&nbsp;<\/p>\n<p><strong>VERPACKUNG:<br \/>\n<\/strong><\/p>\n<p>30 ml Flasche<\/p>","protected":false},"excerpt":{"rendered":"<p><strong>Linde (Tilia cordata Mill.)<\/strong><\/p>\n<p>Lindenbl\u00fcten f\u00f6rdern die Entspannung bei Stress und die Schlafqualit\u00e4t.<\/p>\n<p><strong>VERPACKUNG:<br \/>\n<\/strong><\/p>\n<p>30 ml Flasche<\/p>\n<p><strong>PREIS:<\/strong><\/p>\n<p>\u20ac 13,00<\/p>\n<p>NAHRUNGSERG\u00c4NZUNGSMITTEL AUF BASIS VON PFLANZEN UND DERIVATEN<\/p>\n<p>Siehe das technische Datenblatt unten<\/p>","protected":false},"featured_media":8814,"comment_status":"open","ping_status":"closed","template":"","meta":{"_acf_changed":false},"product_cat":[62,74,67],"product_tag":[65,64,128],"acf":[],"_links":{"self":[{"href":"https:\/\/lemuria.it\/de\/wp-json\/wp\/v2\/product\/8205"}],"collection":[{"href":"https:\/\/lemuria.it\/de\/wp-json\/wp\/v2\/product"}],"about":[{"href":"https:\/\/lemuria.it\/de\/wp-json\/wp\/v2\/types\/product"}],"replies":[{"embeddable":true,"href":"https:\/\/lemuria.it\/de\/wp-json\/wp\/v2\/comments?post=8205"}],"wp:featuredmedia":[{"embeddable":true,"href":"https:\/\/lemuria.it\/de\/wp-json\/wp\/v2\/media\/8814"}],"wp:attachment":[{"href":"https:\/\/lemuria.it\/de\/wp-json\/wp\/v2\/media?parent=8205"}],"wp:term":[{"taxonomy":"product_cat","embeddable":true,"href":"https:\/\/lemuria.it\/de\/wp-json\/wp\/v2\/product_cat?post=8205"},{"taxonomy":"product_tag","embeddable":true,"href":"https:\/\/lemuria.it\/de\/wp-json\/wp\/v2\/product_tag?post=8205"}],"curies":[{"name":"wp","href":"https:\/\/api.w.org\/{rel}","templated":true}]}}