{"id":8199,"date":"2015-04-13T18:38:25","date_gmt":"2015-04-13T16:38:25","guid":{"rendered":"https:\/\/www.lemuria.it\/product\/e-t-tarassaco\/"},"modified":"2022-01-08T17:13:33","modified_gmt":"2022-01-08T16:13:33","slug":"e-t-tarassaco","status":"publish","type":"product","link":"https:\/\/lemuria.it\/de\/produkt\/und-lowenzahn\/","title":{"rendered":"UND L\u00d6WENZAHN"},"content":{"rendered":"<p><strong>PHYSIOLOGISCHE VALENZ<\/strong><\/p>\n<p>L\u00f6wenzahnwurzel f\u00f6rdert die Reinigungsfunktionen des K\u00f6rpers.<\/p>\n<p>&nbsp;<\/p>\n<p><strong>ZUTATEN<\/strong><\/p>\n<p>Fruktose, Wasser, L\u00f6wenzahn (Taraxacum officinale (L.) <i>Weber ex FHWIGG)<\/i>, root, extrahieren (D:E=1=1). Dies ist ein 1:1 Gesamtextrakt in Fruktosel\u00f6sung 70%.<\/p>\n<p>&nbsp;<\/p>\n<p><strong>TIPPS F\u00dcR DEN GEBRAUCH<\/strong><\/p>\n<p>Erwachsene: 3-mal t\u00e4glich 20 Tropfen. Die Tropfen k\u00f6nnen direkt in den Mund eingenommen oder in etwas Fl\u00fcssigkeit verd\u00fcnnt werden.<\/p>\n<p>&nbsp;<\/p>\n<p><strong>VERPACKUNG:<br \/>\n<\/strong><\/p>\n<p>30 ml Flasche<\/p>","protected":false},"excerpt":{"rendered":"<p><strong>L\u00f6wenzahn (Taraxacum officinale Webb.)<\/strong><\/p>\n<p>L\u00f6wenzahnwurzel f\u00f6rdert die Reinigungsfunktionen des K\u00f6rpers.<\/p>\n<p><strong>VERPACKUNG:<br \/>\n<\/strong><\/p>\n<p>30 ml Flasche<\/p>\n<p><strong>PREIS:<\/strong><\/p>\n<p>\u20ac 13,00<\/p>\n<p>NAHRUNGSERG\u00c4NZUNGSMITTEL AUF BASIS VON PFLANZEN UND DERIVATEN<\/p>\n<p>Siehe das technische Datenblatt unten<\/p>","protected":false},"featured_media":8812,"comment_status":"open","ping_status":"closed","template":"","meta":{"_acf_changed":false},"product_cat":[81,62,67,289],"product_tag":[65,64,126],"acf":[],"_links":{"self":[{"href":"https:\/\/lemuria.it\/de\/wp-json\/wp\/v2\/product\/8199"}],"collection":[{"href":"https:\/\/lemuria.it\/de\/wp-json\/wp\/v2\/product"}],"about":[{"href":"https:\/\/lemuria.it\/de\/wp-json\/wp\/v2\/types\/product"}],"replies":[{"embeddable":true,"href":"https:\/\/lemuria.it\/de\/wp-json\/wp\/v2\/comments?post=8199"}],"wp:featuredmedia":[{"embeddable":true,"href":"https:\/\/lemuria.it\/de\/wp-json\/wp\/v2\/media\/8812"}],"wp:attachment":[{"href":"https:\/\/lemuria.it\/de\/wp-json\/wp\/v2\/media?parent=8199"}],"wp:term":[{"taxonomy":"product_cat","embeddable":true,"href":"https:\/\/lemuria.it\/de\/wp-json\/wp\/v2\/product_cat?post=8199"},{"taxonomy":"product_tag","embeddable":true,"href":"https:\/\/lemuria.it\/de\/wp-json\/wp\/v2\/product_tag?post=8199"}],"curies":[{"name":"wp","href":"https:\/\/api.w.org\/{rel}","templated":true}]}}