{"id":8182,"date":"2015-04-13T18:22:31","date_gmt":"2015-04-13T16:22:31","guid":{"rendered":"https:\/\/www.lemuria.it\/product\/e-t-propoli\/"},"modified":"2022-01-08T17:27:20","modified_gmt":"2022-01-08T16:27:20","slug":"e-t-propoli","status":"publish","type":"product","link":"https:\/\/lemuria.it\/de\/produkt\/und-propolis-2\/","title":{"rendered":"UND PROPOLIS"},"content":{"rendered":"<p><strong>ZUTATEN<\/strong><\/p>\n<p>Fruktose, Wasser, Propolis (Propolis) entparaffiniert und gereinigt \u2013 Extrakt (D:E=1=1). Es handelt sich hierbei um einen 1:1 Gesamtauszug.<\/p>\n<p>&nbsp;<\/p>\n<p>&nbsp;<\/p>\n<p><strong>TIPPS F\u00dcR DEN GEBRAUCH<\/strong><\/p>\n<p>Kinder ab 12 Jahren: 10 Tropfen 3-mal t\u00e4glich. Kinder ab 6 Jahren: 6 Tropfen 3-mal t\u00e4glich. Erwachsene: 20 Tropfen 2\/3 mal t\u00e4glich. Die Tropfen k\u00f6nnen direkt in den Mund eingenommen oder in etwas Fl\u00fcssigkeit verd\u00fcnnt werden.<\/p>\n<p>&nbsp;<\/p>\n<p><strong>VERPACKUNG:<br \/>\n<\/strong><\/p>\n<p>30 ml Flasche<\/p>","protected":false},"excerpt":{"rendered":"<p><strong>Propolis<\/strong><\/p>\n<p><strong>Zutaten<\/strong>: Fruktose, Wasser, Propolis (Propolis) entparaffiniert und gereinigt \u2013 Extrakt (D:E=1=1). Es handelt sich hierbei um einen 1:1 Gesamtauszug.<\/p>\n<p><strong>VERPACKUNG:<br \/>\n<\/strong><\/p>\n<p>30 ml Flasche<\/p>\n<p><strong>PREIS:<\/strong><\/p>\n<p>\u20ac 13,00<\/p>\n<p>NAHRUNGSERG\u00c4NZUNGSMITTEL AUF BASIS VON PROPOLIS<\/p>\n<p>Siehe das technische Datenblatt unten<\/p>","protected":false},"featured_media":8183,"comment_status":"open","ping_status":"closed","template":"","meta":{"_acf_changed":false},"product_cat":[62,82,97,84,67],"product_tag":[65,64,121],"acf":[],"_links":{"self":[{"href":"https:\/\/lemuria.it\/de\/wp-json\/wp\/v2\/product\/8182"}],"collection":[{"href":"https:\/\/lemuria.it\/de\/wp-json\/wp\/v2\/product"}],"about":[{"href":"https:\/\/lemuria.it\/de\/wp-json\/wp\/v2\/types\/product"}],"replies":[{"embeddable":true,"href":"https:\/\/lemuria.it\/de\/wp-json\/wp\/v2\/comments?post=8182"}],"wp:featuredmedia":[{"embeddable":true,"href":"https:\/\/lemuria.it\/de\/wp-json\/wp\/v2\/media\/8183"}],"wp:attachment":[{"href":"https:\/\/lemuria.it\/de\/wp-json\/wp\/v2\/media?parent=8182"}],"wp:term":[{"taxonomy":"product_cat","embeddable":true,"href":"https:\/\/lemuria.it\/de\/wp-json\/wp\/v2\/product_cat?post=8182"},{"taxonomy":"product_tag","embeddable":true,"href":"https:\/\/lemuria.it\/de\/wp-json\/wp\/v2\/product_tag?post=8182"}],"curies":[{"name":"wp","href":"https:\/\/api.w.org\/{rel}","templated":true}]}}