{"id":8179,"date":"2015-04-13T18:20:30","date_gmt":"2015-04-13T16:20:30","guid":{"rendered":"https:\/\/www.lemuria.it\/product\/e-t-passiflora\/"},"modified":"2022-01-08T17:30:43","modified_gmt":"2022-01-08T16:30:43","slug":"e-t-passiflora","status":"publish","type":"product","link":"https:\/\/lemuria.it\/de\/produkt\/und-passionsblume\/","title":{"rendered":"UND PASSIONSBLUME"},"content":{"rendered":"<p><strong>PHYSIOLOGISCHE VALENZ<\/strong><\/p>\n<p>Das bl\u00fchende Kraut der Passionsblume f\u00f6rdert Entspannung und Schlaf bei Stress. Es f\u00f6rdert auch das geistige Wohlbefinden.<\/p>\n<p>&nbsp;<\/p>\n<p><strong>ZUTATEN<\/strong><\/p>\n<p>Fruktose, Wasser, Passionsblume (Passiflora incarnata L.), Bl\u00fctenkraut, Extrakt (D:E=1=1). Dies ist ein 1:1 Gesamtextrakt in Fruktosel\u00f6sung 70%.<\/p>\n<p>&nbsp;<\/p>\n<p><strong>TIPPS F\u00dcR DEN GEBRAUCH<\/strong><\/p>\n<p>F\u00fcr eine korrekte Anwendung wird empfohlen, dreimal t\u00e4glich 20 Tropfen zwischen den Hauptmahlzeiten oder alternativ abends eine halbe Stunde vor dem Zubettgehen 60 Tropfen einzunehmen. Das Produkt kann pur eingenommen oder in Wasser verd\u00fcnnt werden.<\/p>\n<p>&nbsp;<\/p>\n<p><strong>VERPACKUNG:<br \/>\n<\/strong><\/p>\n<p>30 ml Flasche<\/p>","protected":false},"excerpt":{"rendered":"<p><strong>Passiflora (Passiflora incarnata L.)<\/strong><\/p>\n<p>Das bl\u00fchende Kraut der Passionsblume f\u00f6rdert Entspannung und Schlaf bei Stress. Es f\u00f6rdert auch das geistige Wohlbefinden.<\/p>\n<p><strong>VERPACKUNG:<br \/>\n<\/strong><\/p>\n<p>30 ml Flasche<\/p>\n<p><strong>PREIS:<\/strong><\/p>\n<p>\u20ac 13,00<\/p>\n<p>NAHRUNGSERG\u00c4NZUNGSMITTEL AUF BASIS VON PFLANZEN UND DERIVATEN<\/p>\n<p>Siehe das technische Datenblatt unten<\/p>","protected":false},"featured_media":8807,"comment_status":"open","ping_status":"closed","template":"","meta":{"_acf_changed":false},"product_cat":[73,62,74,67],"product_tag":[65,64,120],"acf":[],"_links":{"self":[{"href":"https:\/\/lemuria.it\/de\/wp-json\/wp\/v2\/product\/8179"}],"collection":[{"href":"https:\/\/lemuria.it\/de\/wp-json\/wp\/v2\/product"}],"about":[{"href":"https:\/\/lemuria.it\/de\/wp-json\/wp\/v2\/types\/product"}],"replies":[{"embeddable":true,"href":"https:\/\/lemuria.it\/de\/wp-json\/wp\/v2\/comments?post=8179"}],"wp:featuredmedia":[{"embeddable":true,"href":"https:\/\/lemuria.it\/de\/wp-json\/wp\/v2\/media\/8807"}],"wp:attachment":[{"href":"https:\/\/lemuria.it\/de\/wp-json\/wp\/v2\/media?parent=8179"}],"wp:term":[{"taxonomy":"product_cat","embeddable":true,"href":"https:\/\/lemuria.it\/de\/wp-json\/wp\/v2\/product_cat?post=8179"},{"taxonomy":"product_tag","embeddable":true,"href":"https:\/\/lemuria.it\/de\/wp-json\/wp\/v2\/product_tag?post=8179"}],"curies":[{"name":"wp","href":"https:\/\/api.w.org\/{rel}","templated":true}]}}