{"id":8176,"date":"2015-04-13T18:18:36","date_gmt":"2015-04-13T16:18:36","guid":{"rendered":"https:\/\/www.lemuria.it\/product\/e-t-mirtillo\/"},"modified":"2022-01-08T17:32:50","modified_gmt":"2022-01-08T16:32:50","slug":"e-t-mirtillo","status":"publish","type":"product","link":"https:\/\/lemuria.it\/de\/produkt\/und-blaubeere\/","title":{"rendered":"UND BLAUBEERE"},"content":{"rendered":"<p><strong>PHYSIOLOGISCHE VALENZ<\/strong><\/p>\n<p>Heidelbeerfr\u00fcchte f\u00f6rdern das Wohlbefinden der Sehkraft und die Funktionsf\u00e4higkeit der Mikrozirkulation.<\/p>\n<p>&nbsp;<\/p>\n<p><strong>ZUTATEN<\/strong><\/p>\n<p>Fruktose, Wasser, Blaubeere (Vaccinium myrtillus L.), Fr\u00fcchte, Extrakt (D:E=1=1). Dies ist ein 1:1 Gesamtextrakt in Fruktosel\u00f6sung 70%.<\/p>\n<p>&nbsp;<\/p>\n<p><strong>TIPPS F\u00dcR DEN GEBRAUCH<\/strong><\/p>\n<p>Erwachsene: 3-mal t\u00e4glich 20 Tropfen. Die Tropfen k\u00f6nnen direkt in den Mund eingenommen oder in etwas Fl\u00fcssigkeit verd\u00fcnnt werden.<\/p>\n<p>&nbsp;<\/p>\n<p><strong>VERPACKUNG:<br \/>\n<\/strong><\/p>\n<p>30 ml Flasche<\/p>","protected":false},"excerpt":{"rendered":"<p><em><strong>Blaubeere (Vaccinium myrtillus L.)<\/strong><\/em><\/p>\n<p>Heidelbeerfr\u00fcchte f\u00f6rdern das Wohlbefinden der Sehkraft und die Funktionsf\u00e4higkeit der Mikrozirkulation.<\/p>\n<p><strong>VERPACKUNG:<br \/>\n<\/strong><\/p>\n<p>30 ml Flasche<\/p>\n<p><strong>PREIS:<\/strong><\/p>\n<p>\u20ac 13,00<\/p>\n<p>NAHRUNGSERG\u00c4NZUNGSMITTEL AUF BASIS VON PFLANZEN UND DERIVATEN<\/p>\n<p>Siehe das technische Datenblatt unten<\/p>","protected":false},"featured_media":8806,"comment_status":"open","ping_status":"closed","template":"","meta":{"_acf_changed":false},"product_cat":[78,62,292,67],"product_tag":[65,64,119],"acf":[],"_links":{"self":[{"href":"https:\/\/lemuria.it\/de\/wp-json\/wp\/v2\/product\/8176"}],"collection":[{"href":"https:\/\/lemuria.it\/de\/wp-json\/wp\/v2\/product"}],"about":[{"href":"https:\/\/lemuria.it\/de\/wp-json\/wp\/v2\/types\/product"}],"replies":[{"embeddable":true,"href":"https:\/\/lemuria.it\/de\/wp-json\/wp\/v2\/comments?post=8176"}],"wp:featuredmedia":[{"embeddable":true,"href":"https:\/\/lemuria.it\/de\/wp-json\/wp\/v2\/media\/8806"}],"wp:attachment":[{"href":"https:\/\/lemuria.it\/de\/wp-json\/wp\/v2\/media?parent=8176"}],"wp:term":[{"taxonomy":"product_cat","embeddable":true,"href":"https:\/\/lemuria.it\/de\/wp-json\/wp\/v2\/product_cat?post=8176"},{"taxonomy":"product_tag","embeddable":true,"href":"https:\/\/lemuria.it\/de\/wp-json\/wp\/v2\/product_tag?post=8176"}],"curies":[{"name":"wp","href":"https:\/\/api.w.org\/{rel}","templated":true}]}}