{"id":8163,"date":"2015-04-13T17:57:59","date_gmt":"2015-04-13T15:57:59","guid":{"rendered":"https:\/\/www.lemuria.it\/product\/e-t-erismo\/"},"modified":"2022-01-08T17:39:28","modified_gmt":"2022-01-08T16:39:28","slug":"e-t-erismo","status":"publish","type":"product","link":"https:\/\/lemuria.it\/de\/produkt\/heterismus\/","title":{"rendered":"UND FENCHEL"},"content":{"rendered":"<p><strong>PHYSIOLOGISCHE VALENZ<\/strong><\/p>\n<p>Fenchelfr\u00fcchte f\u00f6rdern die Verdauungsfunktion, die regelm\u00e4\u00dfige Beweglichkeit des Magen-Darm-Trakts und die Beseitigung von Bl\u00e4hungen.<\/p>\n<p>&nbsp;<\/p>\n<p>&nbsp;<\/p>\n<p><strong>ZUTATEN<\/strong><\/p>\n<p>Fruktose, Wasser, Fenchel (Foeniculum vulgare Mill.), Fr\u00fcchte, Extrakt (D:E=1=1). Dies ist ein 1:1 Gesamtextrakt in Fruktosel\u00f6sung 70%.<\/p>\n<p>&nbsp;<\/p>\n<p>&nbsp;<\/p>\n<p><strong>TIPPS F\u00dcR DEN GEBRAUCH<\/strong><\/p>\n<p>F\u00fcr eine korrekte Anwendung wird die Einnahme von 30 Tropfen zweimal t\u00e4glich nach den Hauptmahlzeiten empfohlen. Das Produkt kann pur eingenommen oder in Wasser verd\u00fcnnt werden.<\/p>\n<p>&nbsp;<\/p>\n<p><strong>VERPACKUNG:<br \/>\n<\/strong><\/p>\n<p>30 ml Flasche<\/p>","protected":false},"excerpt":{"rendered":"<p><strong>Fenchel (Foeniculum vulgare Mill.)<\/strong><\/p>\n<p>Fenchelfr\u00fcchte f\u00f6rdern die Verdauungsfunktion, die regelm\u00e4\u00dfige Beweglichkeit des Magen-Darm-Trakts und die Beseitigung von Bl\u00e4hungen.<\/p>\n<p><strong>VERPACKUNG:<br \/>\n<\/strong><\/p>\n<p>30 ml Flasche<\/p>\n<p><strong>PREIS:<\/strong><\/p>\n<p>\u20ac 13,00<\/p>\n<p>&nbsp;<\/p>\n<p>NAHRUNGSERG\u00c4NZUNGSMITTEL AUF BASIS VON PFLANZEN UND DERIVATEN<\/p>\n<p>Siehe das technische Datenblatt unten<\/p>","protected":false},"featured_media":8803,"comment_status":"open","ping_status":"closed","template":"","meta":{"_acf_changed":false},"product_cat":[79,62,80,67],"product_tag":[65,64,116],"acf":[],"_links":{"self":[{"href":"https:\/\/lemuria.it\/de\/wp-json\/wp\/v2\/product\/8163"}],"collection":[{"href":"https:\/\/lemuria.it\/de\/wp-json\/wp\/v2\/product"}],"about":[{"href":"https:\/\/lemuria.it\/de\/wp-json\/wp\/v2\/types\/product"}],"replies":[{"embeddable":true,"href":"https:\/\/lemuria.it\/de\/wp-json\/wp\/v2\/comments?post=8163"}],"wp:featuredmedia":[{"embeddable":true,"href":"https:\/\/lemuria.it\/de\/wp-json\/wp\/v2\/media\/8803"}],"wp:attachment":[{"href":"https:\/\/lemuria.it\/de\/wp-json\/wp\/v2\/media?parent=8163"}],"wp:term":[{"taxonomy":"product_cat","embeddable":true,"href":"https:\/\/lemuria.it\/de\/wp-json\/wp\/v2\/product_cat?post=8163"},{"taxonomy":"product_tag","embeddable":true,"href":"https:\/\/lemuria.it\/de\/wp-json\/wp\/v2\/product_tag?post=8163"}],"curies":[{"name":"wp","href":"https:\/\/api.w.org\/{rel}","templated":true}]}}