{"id":8155,"date":"2015-04-13T17:49:23","date_gmt":"2015-04-13T15:49:23","guid":{"rendered":"https:\/\/www.lemuria.it\/product\/e-t-echinamixlem\/"},"modified":"2022-01-08T17:45:55","modified_gmt":"2022-01-08T16:45:55","slug":"e-t-echinamixlem","status":"publish","type":"product","link":"https:\/\/lemuria.it\/de\/produkt\/et-echinamixlem\/","title":{"rendered":"UND ECHINAMIXLEM"},"content":{"rendered":"<p><strong>PHYSIOLOGISCHE VALENZ<\/strong><\/p>\n<p>Echinacea-Wurzeln f\u00f6rdern die nat\u00fcrlichen Abwehrkr\u00e4fte des K\u00f6rpers, die Funktionalit\u00e4t der oberen Atemwege und das Wohlbefinden der Harnwege.<\/p>\n<p>&nbsp;<\/p>\n<p><strong>ZUTATEN<\/strong><\/p>\n<p>Fruktose, Wasser, Echinacea angustifolia DC-Wurzel 34%, Echinacea pallida Nutt-Wurzel 33%, Echinacea purpurea Moench L.-Kraut 33%. Dies ist ein 1:1 Gesamtextrakt in Fruktosel\u00f6sung 70%.<\/p>\n<p>&nbsp;<\/p>\n<p>&nbsp;<\/p>\n<p><strong>TIPPS F\u00dcR DEN GEBRAUCH<\/strong><\/p>\n<p>F\u00fcr eine korrekte Anwendung wird empfohlen, dreimal t\u00e4glich 20 Tropfen unabh\u00e4ngig von den Hauptmahlzeiten einzunehmen. Das Produkt kann pur eingenommen oder in Wasser verd\u00fcnnt werden.<\/p>\n<p>&nbsp;<\/p>\n<p><strong>VERPACKUNG:<br \/>\n<\/strong><\/p>\n<p>30 ml Flasche<\/p>","protected":false},"excerpt":{"rendered":"<p><em><strong>Echinacea (Echinacea Purpurea Moench, Angustifolia DC, Pallida Nutt)<\/strong><\/em><\/p>\n<p>Echinacea-Wurzeln f\u00f6rdern die nat\u00fcrlichen Abwehrkr\u00e4fte des K\u00f6rpers, die Funktionalit\u00e4t der oberen Atemwege und das Wohlbefinden der Harnwege.<\/p>\n<p><strong>VERPACKUNG:<br \/>\n<\/strong><\/p>\n<p>30 ml Flasche<\/p>\n<p><strong>PREIS:<\/strong><\/p>\n<p>\u20ac 17,00<\/p>\n<p>NAHRUNGSERG\u00c4NZUNGSMITTEL AUF BASIS VON PFLANZEN UND DERIVATEN<\/p>\n<p>Siehe das technische Datenblatt unten<\/p>","protected":false},"featured_media":8798,"comment_status":"open","ping_status":"closed","template":"","meta":{"_acf_changed":false},"product_cat":[69,62,84,67],"product_tag":[65,111,112,64],"acf":[],"_links":{"self":[{"href":"https:\/\/lemuria.it\/de\/wp-json\/wp\/v2\/product\/8155"}],"collection":[{"href":"https:\/\/lemuria.it\/de\/wp-json\/wp\/v2\/product"}],"about":[{"href":"https:\/\/lemuria.it\/de\/wp-json\/wp\/v2\/types\/product"}],"replies":[{"embeddable":true,"href":"https:\/\/lemuria.it\/de\/wp-json\/wp\/v2\/comments?post=8155"}],"wp:featuredmedia":[{"embeddable":true,"href":"https:\/\/lemuria.it\/de\/wp-json\/wp\/v2\/media\/8798"}],"wp:attachment":[{"href":"https:\/\/lemuria.it\/de\/wp-json\/wp\/v2\/media?parent=8155"}],"wp:term":[{"taxonomy":"product_cat","embeddable":true,"href":"https:\/\/lemuria.it\/de\/wp-json\/wp\/v2\/product_cat?post=8155"},{"taxonomy":"product_tag","embeddable":true,"href":"https:\/\/lemuria.it\/de\/wp-json\/wp\/v2\/product_tag?post=8155"}],"curies":[{"name":"wp","href":"https:\/\/api.w.org\/{rel}","templated":true}]}}