{"id":8143,"date":"2015-04-13T17:38:29","date_gmt":"2015-04-13T15:38:29","guid":{"rendered":"https:\/\/www.lemuria.it\/product\/e-t-carciofo\/"},"modified":"2022-01-08T17:52:56","modified_gmt":"2022-01-08T16:52:56","slug":"e-t-carciofo","status":"publish","type":"product","link":"https:\/\/lemuria.it\/de\/produkt\/und-artischocke\/","title":{"rendered":"UND ARTISCHOCKE"},"content":{"rendered":"<p><strong>PHYSIOLOGISCHE VALENZ<\/strong><\/p>\n<p>Artischockenbl\u00e4tter f\u00f6rdern die Verdauungs- und Leberfunktion und entschlacken den K\u00f6rper.<\/p>\n<p>&nbsp;<\/p>\n<p>&nbsp;<\/p>\n<p><strong>ZUTATEN<\/strong><\/p>\n<p>Fruktose, Wasser, Artischocke (Cynara scolymus L.), Bl\u00e4tter, Extrakt (D:E=1:1). Dies ist ein 1:1 Gesamtextrakt in Fruktosel\u00f6sung 70%.<\/p>\n<p>&nbsp;<\/p>\n<p>&nbsp;<\/p>\n<p><strong>TIPPS F\u00dcR DEN GEBRAUCH<\/strong><\/p>\n<p>Erwachsene: 3-mal t\u00e4glich 20 Tropfen.<\/p>\n<p>Die Tropfen k\u00f6nnen direkt in den Mund eingenommen oder in etwas Fl\u00fcssigkeit verd\u00fcnnt werden.<\/p>\n<p>&nbsp;<\/p>\n<p><strong>VERPACKUNG:<br \/>\n<\/strong><\/p>\n<p>30 ml Flasche<\/p>","protected":false},"excerpt":{"rendered":"<p><em><strong>Artischocke (Cynara scolymus L.)<\/strong><\/em><\/p>\n<p>Artischockenbl\u00e4tter f\u00f6rdern die Verdauungs- und Leberfunktion und entschlacken den K\u00f6rper.<\/p>\n<p><strong>VERPACKUNG:<br \/>\n<\/strong><\/p>\n<p>30 ml Flasche<\/p>\n<p><strong>PREIS:<\/strong><\/p>\n<p>\u20ac 13,00<\/p>\n<p>NAHRUNGSERG\u00c4NZUNGSMITTEL AUF BASIS VON PFLANZEN UND DERIVATEN<\/p>\n<p>Siehe das technische Datenblatt unten<\/p>","protected":false},"featured_media":8794,"comment_status":"open","ping_status":"closed","template":"","meta":{"_acf_changed":false},"product_cat":[323,81,62,290,67],"product_tag":[108,65,64],"acf":[],"_links":{"self":[{"href":"https:\/\/lemuria.it\/de\/wp-json\/wp\/v2\/product\/8143"}],"collection":[{"href":"https:\/\/lemuria.it\/de\/wp-json\/wp\/v2\/product"}],"about":[{"href":"https:\/\/lemuria.it\/de\/wp-json\/wp\/v2\/types\/product"}],"replies":[{"embeddable":true,"href":"https:\/\/lemuria.it\/de\/wp-json\/wp\/v2\/comments?post=8143"}],"wp:featuredmedia":[{"embeddable":true,"href":"https:\/\/lemuria.it\/de\/wp-json\/wp\/v2\/media\/8794"}],"wp:attachment":[{"href":"https:\/\/lemuria.it\/de\/wp-json\/wp\/v2\/media?parent=8143"}],"wp:term":[{"taxonomy":"product_cat","embeddable":true,"href":"https:\/\/lemuria.it\/de\/wp-json\/wp\/v2\/product_cat?post=8143"},{"taxonomy":"product_tag","embeddable":true,"href":"https:\/\/lemuria.it\/de\/wp-json\/wp\/v2\/product_tag?post=8143"}],"curies":[{"name":"wp","href":"https:\/\/api.w.org\/{rel}","templated":true}]}}