{"id":8136,"date":"2015-04-13T17:27:32","date_gmt":"2015-04-13T15:27:32","guid":{"rendered":"https:\/\/www.lemuria.it\/product\/e-t-biancospino\/"},"modified":"2022-01-08T17:59:20","modified_gmt":"2022-01-08T16:59:20","slug":"e-t-biancospino","status":"publish","type":"product","link":"https:\/\/lemuria.it\/de\/produkt\/und-weisdorn\/","title":{"rendered":"UND WEISSDORN"},"content":{"rendered":"<p><strong>PHYSIOLOGISCHE VALENZ<\/strong><\/p>\n<p>Wei\u00dfdornbl\u00fcten f\u00f6rdern die Funktionsf\u00e4higkeit des Herz-Kreislauf-Systems und die Regelm\u00e4\u00dfigkeit des Blutdrucks.<\/p>\n<p>&nbsp;<\/p>\n<p>&nbsp;<\/p>\n<p><strong>ZUTATEN<\/strong><\/p>\n<p>Fruktose, Wasser, Wei\u00dfdorn (Crataegus oxyacantha Medicus), Bl\u00fcten, Extrakt (D:E=1:1). Dies ist ein 1:1 Gesamtextrakt in Fruktosel\u00f6sung 70%.<\/p>\n<p>&nbsp;<\/p>\n<p>&nbsp;<\/p>\n<p><strong>TIPPS F\u00dcR DEN GEBRAUCH<\/strong><\/p>\n<p>F\u00fcr eine korrekte Anwendung wird empfohlen, dreimal t\u00e4glich 20 Tropfen einzunehmen. Das Produkt kann pur eingenommen oder in Wasser verd\u00fcnnt werden.<\/p>\n<p>&nbsp;<\/p>\n<p><strong>VERPACKUNG:<br \/>\n<\/strong><\/p>\n<p>30 ml Flasche<\/p>","protected":false},"excerpt":{"rendered":"<p><em><strong>Wei\u00dfdorn (Crataegus Oxyacantha Medicus)<\/strong><\/em><\/p>\n<p>Wei\u00dfdornbl\u00fcten f\u00f6rdern die Funktionsf\u00e4higkeit des Herz-Kreislauf-Systems und die Regelm\u00e4\u00dfigkeit des Blutdrucks.<\/p>\n<p>&nbsp;<\/p>\n<p><strong>VERPACKUNG:<br \/>\n<\/strong><\/p>\n<p>30 ml Flasche<\/p>\n<p><strong>PREIS:<\/strong><\/p>\n<p>\u20ac 13,00<\/p>\n<p>&nbsp;<\/p>\n<p>NAHRUNGSERG\u00c4NZUNGSMITTEL AUF BASIS VON PFLANZEN UND DERIVATEN<\/p>\n<p>Siehe das technische Datenblatt unten<\/p>","protected":false},"featured_media":8792,"comment_status":"open","ping_status":"closed","template":"","meta":{"_acf_changed":false},"product_cat":[73,287,62,71,67],"product_tag":[106,65,64],"acf":[],"_links":{"self":[{"href":"https:\/\/lemuria.it\/de\/wp-json\/wp\/v2\/product\/8136"}],"collection":[{"href":"https:\/\/lemuria.it\/de\/wp-json\/wp\/v2\/product"}],"about":[{"href":"https:\/\/lemuria.it\/de\/wp-json\/wp\/v2\/types\/product"}],"replies":[{"embeddable":true,"href":"https:\/\/lemuria.it\/de\/wp-json\/wp\/v2\/comments?post=8136"}],"wp:featuredmedia":[{"embeddable":true,"href":"https:\/\/lemuria.it\/de\/wp-json\/wp\/v2\/media\/8792"}],"wp:attachment":[{"href":"https:\/\/lemuria.it\/de\/wp-json\/wp\/v2\/media?parent=8136"}],"wp:term":[{"taxonomy":"product_cat","embeddable":true,"href":"https:\/\/lemuria.it\/de\/wp-json\/wp\/v2\/product_cat?post=8136"},{"taxonomy":"product_tag","embeddable":true,"href":"https:\/\/lemuria.it\/de\/wp-json\/wp\/v2\/product_tag?post=8136"}],"curies":[{"name":"wp","href":"https:\/\/api.w.org\/{rel}","templated":true}]}}