{"id":886,"date":"2013-03-02T16:45:47","date_gmt":"2013-03-02T16:45:47","guid":{"rendered":"http:\/\/theretailer.getbowtied.com\/blank\/?page_id=886"},"modified":"2024-06-12T15:20:55","modified_gmt":"2024-06-12T13:20:55","slug":"faqs","status":"publish","type":"page","link":"https:\/\/lemuria.it\/de\/faqs\/","title":{"rendered":"FAQs"},"content":{"rendered":"<div data-vc-full-width=\"true\" data-vc-full-width-init=\"false\" class=\"vc_row wpb_row vc_row-fluid vc_custom_1718187983788 vc_row-has-fill vc_row-o-content-middle vc_row-flex\"><div class=\"wpb_column vc_column_container vc_col-sm-12\"><div class=\"vc_column-inner\"><div class=\"wpb_wrapper\"><div class=\"vc_row wpb_row vc_inner vc_row-fluid vc_custom_1718183492665\"><div class=\"wpb_column vc_column_container vc_col-sm-12\"><div class=\"vc_column-inner\"><div class=\"wpb_wrapper\">\n\t<div class=\"wpb_text_column wpb_content_element\" >\n\t\t<div class=\"wpb_wrapper\">\n\t\t\t<p style=\"color: white; font-size: 36px; text-align: center;\">Domande frequenti<\/p>\n\n\t\t<\/div>\n\t<\/div>\n<\/div><\/div><\/div><\/div><\/div><\/div><\/div><\/div><div class=\"vc_row-full-width vc_clearfix\"><\/div><div class=\"vc_row wpb_row vc_row-fluid accordion-faq vc_custom_1718198401445\"><div class=\"wpb_column vc_column_container vc_col-sm-3\"><div class=\"vc_column-inner\"><div class=\"wpb_wrapper\">\n\t<div class=\"wpb_text_column wpb_content_element\" >\n\t\t<div class=\"wpb_wrapper\">\n\t\t\t<p style=\"color:#249035; font-size:20px\">Kinder und ET (Gesamtextrakte):<\/p>\n\n\t\t<\/div>\n\t<\/div>\n<\/div><\/div><\/div><div class=\"wpb_column vc_column_container vc_col-sm-9\"><div class=\"vc_column-inner\"><div class=\"wpb_wrapper\">\n\t<div class=\"wpb_accordion wpb_content_element  not-column-inherit\" data-collapsible=\"yes\" data-vc-disable-keydown=\"false\" data-active-tab=\"false\">\n\t\t<div class=\"wpb_wrapper wpb_accordion_wrapper ui-accordion\">\n\n\n\t<div class=\"wpb_accordion_section group\">\n\t\t<h3 class=\"wpb_accordion_header ui-accordion-header\"><a href=\"#e-t-ribes-nero-per-le-allergie-dei-bambini\">ET Schwarze Johannisbeere gegen Kinderallergien<\/a><\/h3>\n\t\t<div class=\"wpb_accordion_content ui-accordion-content vc_clearfix\">\n\t\t\t\n\t<div class=\"wpb_text_column wpb_content_element\" >\n\t\t<div class=\"wpb_wrapper\">\n\t\t\t<p>Die Frage: \u201eGuten Morgen. Ich habe Ihr Produkt in Tropfenform und ohne Alkohol Blackcurrant ET wegen der Allergien meines Sohnes (8 Jahre alt) gekauft. Die angegebenen Dosen gelten f\u00fcr Kinder im Alter von 6 und 12 Jahren; Keine Einzelheiten f\u00fcr Personen im Alter von 8 Jahren. Im Moment gebe ich ihnen dreimal t\u00e4glich 7-8 GTT. Ich wollte Sie fragen, ob das die richtige Dosis sein k\u00f6nnte.\u201c<\/p>\n<p><strong>Unser Ribes wird von vielen Kinder\u00e4rzten wegen seiner Wirksamkeit und weil es keinen Alkohol enth\u00e4lt, verschrieben. Die Dosierung ist perfekt. Bei Bedarf kann sie auch erh\u00f6ht werden. <\/strong><\/p>\n\n\t\t<\/div>\n\t<\/div>\n\n\t\t<\/div>\n\t<\/div>\n\n\t<div class=\"wpb_accordion_section group\">\n\t\t<h3 class=\"wpb_accordion_header ui-accordion-header\"><a href=\"#e-t-ribes-nero-per-le-allergie-dei-bambini\">ET Schwarze Johannisbeere gegen Kinderallergien<\/a><\/h3>\n\t\t<div class=\"wpb_accordion_content ui-accordion-content vc_clearfix\">\n\t\t\t\n\t<div class=\"wpb_text_column wpb_content_element\" >\n\t\t<div class=\"wpb_wrapper\">\n\t\t\t<p>Die Frage: \u201eSchwarze Johannisbeerkinder: Ich finde das Produkt sehr wirksam, im Moment hat das Kind sogar aufgeh\u00f6rt, Kortisonspray gegen seinen Schnupfen zu verwenden.\u201c Ich wollte Sie fragen: K\u00f6nnen die Tropfen immer w\u00e4hrend der Pollenflugzeit eingenommen werden (in diesem Monat bis Oktober haben wir hier zum Beispiel Ambrosia, w\u00e4hrend wir von M\u00e4rz bis Juli Gr\u00e4ser haben ... alles Inhalationsmittel, die Allergien ausl\u00f6sen), oder? Gibt es substanzielle Grenzen, die bei den Einstellungszeiten einzuhalten sind?\u201c<\/p>\n<p><strong>Wir freuen uns, dass die Tropfen Wirkung zeigen und es Ihrem Baby besser geht. Johannisbeertropfen k\u00f6nnen auch \u00fcber einen l\u00e4ngeren Zeitraum eingenommen werden. Vielleicht alle zwei\/drei Monate f\u00fcr zwei Wochen unterbrechen. Versuchen Sie, die Unterbrechungen auf die weniger \u201egef\u00e4hrlichen\u201c Zeitr\u00e4ume zu verschieben.<\/strong><\/p>\n\n\t\t<\/div>\n\t<\/div>\n\n\t\t<\/div>\n\t<\/div>\n\n\t<div class=\"wpb_accordion_section group\">\n\t\t<h3 class=\"wpb_accordion_header ui-accordion-header\"><a href=\"#e-t-rosa-canina-e-propoli-per-bimbi-piccoli\">ET Hagebutte und Propolis f\u00fcr Kleinkinder<\/a><\/h3>\n\t\t<div class=\"wpb_accordion_content ui-accordion-content vc_clearfix\">\n\t\t\t\n\t<div class=\"wpb_text_column wpb_content_element\" >\n\t\t<div class=\"wpb_wrapper\">\n\t\t\t<p>Die Frage: Guten Abend, ich verwende Hagebutten und Propolis ET f\u00fcr meine 6-j\u00e4hrigen M\u00e4dchen, w\u00fcrde aber gerne wissen, ob es etwas f\u00fcr 3-j\u00e4hrige Kinder gibt oder ob es ausreicht, die Dosis der bereits verwendeten zu reduzieren?<\/p>\n<p><strong>Gerade die beiden Extrakte, die Sie f\u00fcr Ihre M\u00e4dchen ausgew\u00e4hlt haben, sind in der kalten Jahreszeit die am meisten empfohlenen Produkte. Die Kinder\u00e4rzte, die unseren ET f\u00fcr ihre kleinen Patienten verschreiben, tun nichts anderes, als die Dosierung zu reduzieren (wie Sie bereits dar\u00fcber nachgedacht haben, meine Dame). <\/strong><\/p>\n\n\t\t<\/div>\n\t<\/div>\n\n\t\t<\/div>\n\t<\/div>\n\n\t<div class=\"wpb_accordion_section group\">\n\t\t<h3 class=\"wpb_accordion_header ui-accordion-header\"><a href=\"#e-t-ribes-nero-utilizzato-nei-bimbi-sotto-i-2-anni\">ET Schwarze Johannisbeere wird bei Kindern unter 2 Jahren angewendet<\/a><\/h3>\n\t\t<div class=\"wpb_accordion_content ui-accordion-content vc_clearfix\">\n\t\t\t\n\t<div class=\"wpb_text_column wpb_content_element\" >\n\t\t<div class=\"wpb_wrapper\">\n\t\t\t<p>Die Frage: \u201eGuten Abend, ich m\u00f6chte Sie darauf hinweisen, dass ich auch die Meinung des Kinderarztes geh\u00f6rt habe und auf jeden Fall auch Ihre Meinung zur Verabreichung von schwarzen Johannisbeeren interessieren w\u00fcrde.\u201c Meine 20 Monate alte Tochter nimmt bereits seit zwei Monaten vorbeugend Hagebutten (8 Tropfen morgens), in den letzten Tagen hat sie sich eine Erk\u00e4ltung zugezogen, bei der mir auch Johannisbeeren empfohlen wurden und ich w\u00fcrde gerne eure Meinung dazu h\u00f6ren Dosierung f\u00fcr eine Schockbehandlung, Dauer der Therapie und Erhaltung beider Extrakte.\u201c<\/p>\n<p><strong>Bez\u00fcglich Ihrer Anfrage best\u00e4tigen wir, dass die von Ihrem Kinderarzt verordnete Verabreichung korrekt ist. <\/strong><\/p>\n<p><strong>In jedem Fall ist es immer der Kinderarzt, der wei\u00df, wie er die Situation am besten beurteilen kann; Folge ruhig seinen Anweisungen... <\/strong><\/p>\n\n\t\t<\/div>\n\t<\/div>\n\n\t\t<\/div>\n\t<\/div>\n\n\t<div class=\"wpb_accordion_section group\">\n\t\t<h3 class=\"wpb_accordion_header ui-accordion-header\"><a href=\"#e-t-conservazione-e-somministrazione-al-bambino\">ET-Speicherung und -Verabreichung an das Kind<\/a><\/h3>\n\t\t<div class=\"wpb_accordion_content ui-accordion-content vc_clearfix\">\n\t\t\t\n\t<div class=\"wpb_text_column wpb_content_element\" >\n\t\t<div class=\"wpb_wrapper\">\n\t\t\t<p>Die Frage: \u201eGuten Morgen! Ich kaufe einige Ihrer Gesamtextrakte (Propolis, schwarze Johannisbeere, Echinacea) und Equilibre Rosa f\u00fcr mein Kind; Ich w\u00fcrde gerne wissen, ob es besser ist, diese Produkte im K\u00fchlschrank aufzubewahren, oder ob sie bei Zimmertemperatur gut haltbar sind (manche halten sich sogar anderthalb Monate, weil ich sie dem Baby abwechselnd gebe!).\u201c<\/p>\n<p><strong>Unsere Gesamt-ET-Extrakte k\u00f6nnen dicht verschlossen auch bei Raumtemperatur gelagert werden. Wenn Sie m\u00f6chten, k\u00f6nnen Sie sie auf jeden Fall auch im K\u00fchlschrank aufbewahren.<\/strong><\/p>\n\n\t\t<\/div>\n\t<\/div>\n\n\t\t<\/div>\n\t<\/div>\n\n\t<div class=\"wpb_accordion_section group\">\n\t\t<h3 class=\"wpb_accordion_header ui-accordion-header\"><a href=\"#e-t-rosa-canina-ai-bambini\">ET Rosa Canina f\u00fcr Kinder<\/a><\/h3>\n\t\t<div class=\"wpb_accordion_content ui-accordion-content vc_clearfix\">\n\t\t\t\n\t<div class=\"wpb_text_column wpb_content_element\" >\n\t\t<div class=\"wpb_wrapper\">\n\t\t\t<p>Die Frage: \u201eIch schreibe, um Informationen \u00fcber Rosa Canina zu erhalten: Ich beabsichtige, es dem Kind als Vorbeugung gegen die Gefahren des Winters zu verabreichen.\u201c Was ist die empfohlene Dosis? Wie lang sind die Verwaltungszeiten und -methoden? Kann es als Allergiker ein phytotherapeutisches Element ohne Kontraindikationen sein?\u201c<\/p>\n<p><strong>Zu Ihrer Anfrage senden wir Ihnen unten die durchschnittliche Dosierung zu, die Kinder in Ihrem Alter als Vorbereitung auf die Gefahren des Winters verwenden. <\/strong><\/p>\n<p><strong>Nehmen Sie ein bis zwei Monate lang zweimal t\u00e4glich 10 Tropfen Hagebutte ein. Dann h\u00f6r auf. Der Zyklus kann bei Bedarf nach einer zweiw\u00f6chigen Pause wiederholt werden. Da das Produkt geschmacklich sehr angenehm ist, k\u00f6nnen die Tropfen auch direkt in den Mund genommen werden. Bez\u00fcglich m\u00f6glicher Allergien l\u00e4sst sich dieses Risiko nie ganz ausschlie\u00dfen; es kommt immer auf das einzelne Thema an.<\/strong><\/p>\n\n\t\t<\/div>\n\t<\/div>\n\n\t\t<\/div>\n\t<\/div>\n\n\t\t<\/div>\n\t<\/div>\n<\/div><\/div><\/div><\/div><div class=\"vc_row wpb_row vc_row-fluid vc_custom_1428771774359\"><div class=\"wpb_column vc_column_container vc_col-sm-12\"><div class=\"vc_column-inner\"><div class=\"wpb_wrapper\"><div class=\"vc_separator wpb_content_element vc_separator_align_center vc_sep_width_100 vc_sep_pos_align_center vc_separator_no_text vc_sep_color_grey\" ><span class=\"vc_sep_holder vc_sep_holder_l\"><span  class=\"vc_sep_line\"><\/span><\/span><span class=\"vc_sep_holder vc_sep_holder_r\"><span  class=\"vc_sep_line\"><\/span><\/span>\n<\/div><\/div><\/div><\/div><\/div><div class=\"vc_row wpb_row vc_row-fluid accordion-faq vc_custom_1718198410320\"><div class=\"wpb_column vc_column_container vc_col-sm-3\"><div class=\"vc_column-inner\"><div class=\"wpb_wrapper\">\n\t<div class=\"wpb_text_column wpb_content_element\" >\n\t\t<div class=\"wpb_wrapper\">\n\t\t\t<p style=\"color:#249035; font-size:20px\">ET f\u00fcr alle:<\/p>\n\n\t\t<\/div>\n\t<\/div>\n<\/div><\/div><\/div><div class=\"wpb_column vc_column_container vc_col-sm-9\"><div class=\"vc_column-inner\"><div class=\"wpb_wrapper\">\n\t<div class=\"wpb_accordion wpb_content_element  not-column-inherit\" data-collapsible=\"yes\" data-vc-disable-keydown=\"false\" data-active-tab=\"false\">\n\t\t<div class=\"wpb_wrapper wpb_accordion_wrapper ui-accordion\">\n\n\n\t<div class=\"wpb_accordion_section group\">\n\t\t<h3 class=\"wpb_accordion_header ui-accordion-header\"><a href=\"#e-t-echinacea\">ET Echinacea<\/a><\/h3>\n\t\t<div class=\"wpb_accordion_content ui-accordion-content vc_clearfix\">\n\t\t\t\n\t<div class=\"wpb_text_column wpb_content_element\" >\n\t\t<div class=\"wpb_wrapper\">\n\t\t\t<p><em>Die Frage:<\/em> Ich habe VS reinen Echinacea-Extrakt gekauft. Die Dosierung f\u00fcr Kinder ist auf der Packung angegeben, nicht jedoch die f\u00fcr Erwachsene. Ich w\u00fcrde gerne wissen, welche Dosis f\u00fcr Erwachsene einzunehmen ist.<\/p>\n<p><strong>Aufgrund Ihres Anliegens empfehlen wir die Einnahme von 20 Tropfen zweimal t\u00e4glich.<\/strong><\/p>\n\n\t\t<\/div>\n\t<\/div>\n\n\t\t<\/div>\n\t<\/div>\n\n\t<div class=\"wpb_accordion_section group\">\n\t\t<h3 class=\"wpb_accordion_header ui-accordion-header\"><a href=\"#e-t-ribes-nero-per-il-raffreddore\">ET Schwarze Johannisbeere gegen Erk\u00e4ltungen<\/a><\/h3>\n\t\t<div class=\"wpb_accordion_content ui-accordion-content vc_clearfix\">\n\t\t\t\n\t<div class=\"wpb_text_column wpb_content_element\" >\n\t\t<div class=\"wpb_wrapper\">\n\t\t\t<p><em>Die Frage:<\/em> Ich verwende Johannisbeer-ET bei Erk\u00e4ltungen, die Dosierung auf der Packung gilt nur f\u00fcr Kinder. Welche Dosierung empfehlen Sie Erwachsenen?<\/p>\n<p><strong>Die durchschnittliche Dosierung von Schwarzer Johannisbeere f\u00fcr Erwachsene betr\u00e4gt zwei- bis dreimal t\u00e4glich 20 Tropfen.<\/strong><\/p>\n\n\t\t<\/div>\n\t<\/div>\n\n\t\t<\/div>\n\t<\/div>\n\n\t<div class=\"wpb_accordion_section group\">\n\t\t<h3 class=\"wpb_accordion_header ui-accordion-header\"><a href=\"#e-t-propoli-per-tutti\">ET Propolis f\u00fcr alle<\/a><\/h3>\n\t\t<div class=\"wpb_accordion_content ui-accordion-content vc_clearfix\">\n\t\t\t\n\t<div class=\"wpb_text_column wpb_content_element\" >\n\t\t<div class=\"wpb_wrapper\">\n\t\t\t<p><em>Die Frage:<\/em> Guten Morgen, ich bin Mutter eines 4-j\u00e4hrigen M\u00e4dchens. Ich wollte seine Immunabwehr st\u00e4rken und in der Apotheke empfahl man Ihnen: \u201eGesamtextrakt 1:1 \u2013 Propolis\u201c. Die Angaben geben lediglich die Dosierung f\u00fcr Kinder im Alter von 12 und 6 Jahren an. K\u00f6nnten Sie mir bitte die Dosierung f\u00fcr meine 4-j\u00e4hrige Tochter und auch f\u00fcr Erwachsene (45 Jahre und 70 Jahre) und f\u00fcr eine 84-j\u00e4hrige Gro\u00dfmutter mitteilen?<\/p>\n<p><strong>Was Ihre Anfrage betrifft, k\u00f6nnen wir Ihnen keine genaue Antwort geben: Nur der Kinderarzt kann nach einem Besuch beim Kind feststellen, ob die Einnahme von Propolis ET sinnvoll ist und nur er kann die richtige Dosierung angeben. Auf jeden Fall glauben wir, eine durchschnittliche Einnahme von 4 Tropfen zwei- bis dreimal t\u00e4glich angeben zu k\u00f6nnen. Als Dosierung f\u00fcr Erwachsene empfehlen wir die Einnahme von 25 Tropfen zwei- bis dreimal t\u00e4glich.<\/strong><\/p>\n\n\t\t<\/div>\n\t<\/div>\n\n\t\t<\/div>\n\t<\/div>\n\n\t\t<\/div>\n\t<\/div>\n<\/div><\/div><\/div><\/div><div class=\"vc_row wpb_row vc_row-fluid vc_custom_1428771785100\"><div class=\"wpb_column vc_column_container vc_col-sm-12\"><div class=\"vc_column-inner\"><div class=\"wpb_wrapper\"><div class=\"vc_separator wpb_content_element vc_separator_align_center vc_sep_width_100 vc_sep_pos_align_center vc_separator_no_text vc_sep_color_grey\" ><span class=\"vc_sep_holder vc_sep_holder_l\"><span  class=\"vc_sep_line\"><\/span><\/span><span class=\"vc_sep_holder vc_sep_holder_r\"><span  class=\"vc_sep_line\"><\/span><\/span>\n<\/div><\/div><\/div><\/div><\/div><div class=\"vc_row wpb_row vc_row-fluid accordion-faq vc_custom_1718198418454\"><div class=\"wpb_column vc_column_container vc_col-sm-3\"><div class=\"vc_column-inner\"><div class=\"wpb_wrapper\">\n\t<div class=\"wpb_text_column wpb_content_element\" >\n\t\t<div class=\"wpb_wrapper\">\n\t\t\t<p style=\"color:#249035; font-size:20px\">ET f\u00fcr Tiere:<\/p>\n\n\t\t<\/div>\n\t<\/div>\n<\/div><\/div><\/div><div class=\"wpb_column vc_column_container vc_col-sm-9\"><div class=\"vc_column-inner\"><div class=\"wpb_wrapper\">\n\t<div class=\"wpb_accordion wpb_content_element  not-column-inherit\" data-collapsible=\"yes\" data-vc-disable-keydown=\"false\" data-active-tab=\"false\">\n\t\t<div class=\"wpb_wrapper wpb_accordion_wrapper ui-accordion\">\n\n\n\t<div class=\"wpb_accordion_section group\">\n\t\t<h3 class=\"wpb_accordion_header ui-accordion-header\"><a href=\"#e-t-propoli-per-il-gatto\">ET Propolis f\u00fcr Katzen<\/a><\/h3>\n\t\t<div class=\"wpb_accordion_content ui-accordion-content vc_clearfix\">\n\t\t\t\n\t<div class=\"wpb_text_column wpb_content_element\" >\n\t\t<div class=\"wpb_wrapper\">\n\t\t\t<p><em>Die Frage:<\/em> Hallo, ich habe Ihr Propolis f\u00fcr meine 19-j\u00e4hrige Katze genommen, die fast 4 kg wiegt. Wie viele Tropfen sollten pro Tag verabreicht werden?<\/p>\n<p><strong>Wir best\u00e4tigen, dass unser ET speziell f\u00fcr Katzen eine gro\u00dfe Hilfe sein kann \u2013 insbesondere Propolis und Schwarze Johannisbeere sind die beliebtesten Extrakte. F\u00fcr eine Katze wie Ihre betr\u00e4gt die durchschnittliche Dosierung zwei Tropfen zweimal t\u00e4glich direkt ins Maul.<\/strong><\/p>\n\n\t\t<\/div>\n\t<\/div>\n\n\t\t<\/div>\n\t<\/div>\n\n\t<div class=\"wpb_accordion_section group\">\n\t\t<h3 class=\"wpb_accordion_header ui-accordion-header\"><a href=\"#e-t-echinacea-per-il-gatto\">ET Echinacea f\u00fcr die Katze<\/a><\/h3>\n\t\t<div class=\"wpb_accordion_content ui-accordion-content vc_clearfix\">\n\t\t\t\n\t<div class=\"wpb_text_column wpb_content_element\" >\n\t\t<div class=\"wpb_wrapper\">\n\t\t\t<p><em>Die Frage:<\/em> Guten Morgen. Ich m\u00f6chte eine Frage stellen: Meine Katze leidet an einer Form der chronisch-rezidivierenden Rhinitis. Mein Tierarzt empfahl die Einnahme von Propolis und Echinacea, konnte mir aber die Dosierung und Dauer der Behandlung f\u00fcr eine etwa drei Kilo schwere Katze nicht sagen. K\u00f6nnten Sie mir hierzu bitte einen Rat geben?<\/p>\n<p><strong>Wir best\u00e4tigen, dass viele Tier\u00e4rzte unseren ET (Gesamtextrakt ohne Alkohol) f\u00fcr ihre Katzen anbieten. Die geeignete Dosierung f\u00fcr Ihre Katze betr\u00e4gt f\u00fcnf Tropfen Propolis und f\u00fcnf Tropfen Echinacea pro Tag \u00fcber einen Zeitraum von mindestens zwei Monaten.<\/strong><\/p>\n\n\t\t<\/div>\n\t<\/div>\n\n\t\t<\/div>\n\t<\/div>\n\n\t<div class=\"wpb_accordion_section group\">\n\t\t<h3 class=\"wpb_accordion_header ui-accordion-header\"><a href=\"#e-t-ai-gatti-con-quale-frequenza-somministrarli\">ET f\u00fcr Katzen, wie oft sie verabreicht werden sollen<\/a><\/h3>\n\t\t<div class=\"wpb_accordion_content ui-accordion-content vc_clearfix\">\n\t\t\t\n\t<div class=\"wpb_text_column wpb_content_element\" >\n\t\t<div class=\"wpb_wrapper\">\n\t\t\t<p><em>Die Frage:<\/em> Ich verwende Ihre Produkte, die ich au\u00dfergew\u00f6hnlich finde! Da einige alkoholfrei sind, gebe ich sie auch der Katze. In diesem Zusammenhang frage ich Sie, wie lange ich es verabreichen kann und ob ich Zyklen durchf\u00fchren kann. K\u00f6nnen Sie der Katze einige alkoholfreie pflanzliche Arzneimittel gegen Hyperthyreose empfehlen und in welcher Menge?<\/p>\n<p><strong>Wir haben festgestellt, dass viele unserer Kunden ihren Katzen in letzter Zeit mit gro\u00dfer Zufriedenheit unser ET verabreichen. Katzen lieben ETs und sind gierig nach ihnen! (Meins auch\u2026) Wir best\u00e4tigen, dass unser alkoholfreies ET problemlos an Katzen verabreicht werden kann. Aber auch Katzen werden die Extrakte in Zyklen verabreicht \u2013 von jeweils zwei bis drei Monaten. Leider verf\u00fcgen wir nicht \u00fcber einen spezifischen Extrakt gegen Hyperthyreose. Es tut uns leid, dass wir Sie nicht zufriedenstellen k\u00f6nnen \u2026<\/strong><\/p>\n\n\t\t<\/div>\n\t<\/div>\n\n\t\t<\/div>\n\t<\/div>\n\n\t<div class=\"wpb_accordion_section group\">\n\t\t<h3 class=\"wpb_accordion_header ui-accordion-header\"><a href=\"#equilibre-rosa-per-i-mici-troppo-nervosi\">Pink Equilibre f\u00fcr \u00fcberm\u00e4\u00dfig nerv\u00f6se Katzen<\/a><\/h3>\n\t\t<div class=\"wpb_accordion_content ui-accordion-content vc_clearfix\">\n\t\t\t\n\t<div class=\"wpb_text_column wpb_content_element\" >\n\t\t<div class=\"wpb_wrapper\">\n\t\t\t<p><em>Die Frage:<\/em> Meine Katze wird ungef\u00e4hr 4 Monate alt sein und er ist eine Katze, die immer wieder ihr Unwesen treibt und dann Schaden im Haus anrichtet. Ich k\u00f6nnte ihm den Pink Balance geben, aber wie viele Tropfen und wie oft am Tag, um ihn f\u00fcr einen Moment zu entspannen?<\/p>\n<p><strong>Verschiedene Equilibre-Produkte k\u00f6nnen f\u00fcr Ihre \u00fcberm\u00e4\u00dfig nerv\u00f6se Katze geeignet sein. Es h\u00e4ngt auch von der Ursache seiner Nervosit\u00e4t ab: Wenn er Angst hat, ist Nummer 5 in Ordnung, wenn er deprimiert ist, ist Nummer 7 in Ordnung, wenn er zu viel alleine zu Hause bleibt, ist Nummer 2 in Ordnung. Wenn Sie das wirklich nicht tun Verstehen Sie die Ursache, geben Sie ihm das Equilibre f\u00fcr die Kleinen, das rosafarbene Equilibre.<\/strong><br \/>\n<strong>Wenn es schwierig ist, die Tropfen direkt in den Mund zu geben, k\u00f6nnen Sie ein Dutzend in die Sch\u00fcssel mit Wasser geben. Sie werden sehen, dass sich Ihre Katze beruhigen wird.<\/strong><\/p>\n\n\t\t<\/div>\n\t<\/div>\n\n\t\t<\/div>\n\t<\/div>\n\n\t<div class=\"wpb_accordion_section group\">\n\t\t<h3 class=\"wpb_accordion_header ui-accordion-header\"><a href=\"#e-t-ribes-nero-per-il-cane\">ET Schwarze Johannisbeere f\u00fcr den Hund<\/a><\/h3>\n\t\t<div class=\"wpb_accordion_content ui-accordion-content vc_clearfix\">\n\t\t\t\n\t<div class=\"wpb_text_column wpb_content_element\" >\n\t\t<div class=\"wpb_wrapper\">\n\t\t\t<p><em>Die Frage:<\/em> Hallo, ich schreibe Ihnen, weil ich einige Informationen zur Verwendung des gesamten Ribes Nigrum-Extrakts ben\u00f6tige. Es wurde gekauft, um es einem Hund (Franz\u00f6sische Bulldogge mit einem Gewicht von ca. 13 kg) zu verabreichen, der an verschiedenen Allergien leidet. K\u00f6nnen Sie mir Hinweise dazu geben, wie viel, wann (n\u00fcchtern?) und wie oft ich verabreichen soll. Haben Sie auch Feedback zu m\u00f6glichen Kontraindikationen?<\/p>\n<p><strong>Es ist nicht das erste Mal, dass wir auf Anfragen wie Ihre reagiert haben: Unser Ribes wird oft an Hunde und Katzen verabreicht, mit hervorragenden Ergebnissen (und gro\u00dfer Freude f\u00fcr die Tiere, die seinen Geschmack wirklich m\u00f6gen!!!) F\u00fcr Ihren Hund empfehlen wir 10\/15 Tropfen morgens und 10\/15 Tropfen am fr\u00fchen Nachmittag; Dabei spielt es keine Rolle, ob vor oder nach dem Essen. Wenn Sie die Tropfen auf einen Teel\u00f6ffel geben, kann Ihr Hund sie direkt ablecken. Ansonsten verabreichen Sie sie wie bei Tieren \u00fcblich: direkt ins Maul mit einer Spritze, aus der die Nadel offensichtlich entfernt wurde. In diesem Fall verd\u00fcnnen Sie die Tropfen am besten mit etwas Wasser. Es gibt keine Kontraindikationen, gerade weil die Tropfen keinen Alkohol enthalten.<\/strong><\/p>\n\n\t\t<\/div>\n\t<\/div>\n\n\t\t<\/div>\n\t<\/div>\n\n\t<div class=\"wpb_accordion_section group\">\n\t\t<h3 class=\"wpb_accordion_header ui-accordion-header\"><a href=\"#e-t-ribes-nero-per-il-gatto\">ET Schwarze Johannisbeere f\u00fcr die Katze<\/a><\/h3>\n\t\t<div class=\"wpb_accordion_content ui-accordion-content vc_clearfix\">\n\t\t\t\n\t<div class=\"wpb_text_column wpb_content_element\" >\n\t\t<div class=\"wpb_wrapper\">\n\t\t\t<p><em>Die Frage:<\/em> Guten Morgen, ich m\u00f6chte Ihr Ribes Nigrum ET f\u00fcr meine \u00e4ltere Katze (17 Jahre alt) verwenden, die an Rhinitis leidet. K\u00f6nnen Sie mir die Dosis sagen?<\/p>\n<p><strong>Wir best\u00e4tigen, dass viele Tier\u00e4rzte unseren ET (Gesamtextrakt ohne Alkohol) f\u00fcr ihre Katzen anbieten. Die geeignete Dosierung f\u00fcr Ihre Katze betr\u00e4gt f\u00fcnf Tropfen Blackcurrant ET pro Tag.<\/strong><\/p>\n\n\t\t<\/div>\n\t<\/div>\n\n\t\t<\/div>\n\t<\/div>\n\n\t\t<\/div>\n\t<\/div>\n<\/div><\/div><\/div><\/div><div class=\"vc_row wpb_row vc_row-fluid vc_custom_1428771774359\"><div class=\"wpb_column vc_column_container vc_col-sm-12\"><div class=\"vc_column-inner\"><div class=\"wpb_wrapper\"><div class=\"vc_separator wpb_content_element vc_separator_align_center vc_sep_width_100 vc_sep_pos_align_center vc_separator_no_text vc_sep_color_grey\" ><span class=\"vc_sep_holder vc_sep_holder_l\"><span  class=\"vc_sep_line\"><\/span><\/span><span class=\"vc_sep_holder vc_sep_holder_r\"><span  class=\"vc_sep_line\"><\/span><\/span>\n<\/div><\/div><\/div><\/div><\/div><div class=\"vc_row wpb_row vc_row-fluid accordion-faq vc_custom_1718198424509\"><div class=\"wpb_column vc_column_container vc_col-sm-3\"><div class=\"vc_column-inner\"><div class=\"wpb_wrapper\">\n\t<div class=\"wpb_text_column wpb_content_element\" >\n\t\t<div class=\"wpb_wrapper\">\n\t\t\t<p style=\"color:#249035; font-size:20px\">Henerga-Linie<\/p>\n\n\t\t<\/div>\n\t<\/div>\n<\/div><\/div><\/div><div class=\"wpb_column vc_column_container vc_col-sm-9\"><div class=\"vc_column-inner\"><div class=\"wpb_wrapper\">\n\t<div class=\"wpb_accordion wpb_content_element  not-column-inherit\" data-collapsible=\"yes\" data-vc-disable-keydown=\"false\" data-active-tab=\"false\">\n\t\t<div class=\"wpb_wrapper wpb_accordion_wrapper ui-accordion\">\n\n\n\t<div class=\"wpb_accordion_section group\">\n\t\t<h3 class=\"wpb_accordion_header ui-accordion-header\"><a href=\"#henerga-per-i-ragazzi\">Henerga f\u00fcr Kinder<\/a><\/h3>\n\t\t<div class=\"wpb_accordion_content ui-accordion-content vc_clearfix\">\n\t\t\t\n\t<div class=\"wpb_text_column wpb_content_element\" >\n\t\t<div class=\"wpb_wrapper\">\n\t\t\t<p><em>Die Frage:<\/em> Hallo, ich habe eine Packung Henerga Nutriamentum mit 10 Ampullen f\u00fcr meinen 11-j\u00e4hrigen Sohn gekauft, der unter Schulm\u00fcdigkeit zu leiden beginnt (sechste Klasse!!!). Ich verd\u00fcnne das Produkt morgens in Fruchtsaft und zum Gl\u00fcck trinkt er es ohne Probleme. Es scheint ihm zu gefallen und er f\u00fchlt sich zumindest morgens fitter. Ich nutze die Gelegenheit, um zu fragen: Der Kr\u00e4uterheilkundler hat mir geraten, ihm t\u00e4glich eine ganze Flasche zu geben. Ist es in Ordnung oder ist es zu viel? W\u00e4re die gleiche Dosis f\u00fcr einen Erwachsenen in Ordnung? Sowohl mein Mann als auch ich f\u00fchlen uns in dieser Zeit besonders m\u00fcde, deshalb wollten wir zus\u00e4tzlich ein Nahrungserg\u00e4nzungsmittel verwenden.<\/p>\n<p><strong>Tats\u00e4chlich eignet sich Henerga Nutrimmuno hervorragend f\u00fcr m\u00fcde, rekonvaleszente Kinder, insbesondere w\u00e4hrend der Jahreszeitenwechsel. Die Dosis von einer Durchstechflasche pro Tag f\u00fcr ein 11-j\u00e4hriges Kind ist in Ordnung; Bei l\u00e4ngerer Einnahme reicht eine halbe Durchstechflasche. Auch Erwachsene k\u00f6nnen dieses Produkt einnehmen \u2013 ein oder zwei Fl\u00e4schchen pro Tag. Oder sie w\u00e4hlen ein anderes Produkt aus der Henerga-Linie<\/strong><\/p>\n\n\t\t<\/div>\n\t<\/div>\n\n\t\t<\/div>\n\t<\/div>\n\n\t\t<\/div>\n\t<\/div>\n<\/div><\/div><\/div><\/div><div class=\"vc_row wpb_row vc_row-fluid vc_custom_1428771774359\"><div class=\"wpb_column vc_column_container vc_col-sm-12\"><div class=\"vc_column-inner\"><div class=\"wpb_wrapper\"><div class=\"vc_separator wpb_content_element vc_separator_align_center vc_sep_width_100 vc_sep_pos_align_center vc_separator_no_text vc_sep_color_grey\" ><span class=\"vc_sep_holder vc_sep_holder_l\"><span  class=\"vc_sep_line\"><\/span><\/span><span class=\"vc_sep_holder vc_sep_holder_r\"><span  class=\"vc_sep_line\"><\/span><\/span>\n<\/div><\/div><\/div><\/div><\/div>","protected":false},"excerpt":{"rendered":"Domande frequenti Bambini ed E.T. (Estratti Totali): E.T. Ribes Nero per le allergie dei bambini La domanda: \"Buongiorno. Ho comprato il vostro prodotto in gocce e senza alcool Ribes nero ET per le allergie di mio figlio (8 anni). Le dosi riportate sono per bimbi di 6 e 12 anni ; nessuna specifica per quelli [...]","protected":false},"author":13,"featured_media":0,"parent":0,"menu_order":0,"comment_status":"open","ping_status":"open","template":"","meta":{"_acf_changed":false,"footnotes":""},"tags":[],"acf":[],"_links":{"self":[{"href":"https:\/\/lemuria.it\/de\/wp-json\/wp\/v2\/pages\/886"}],"collection":[{"href":"https:\/\/lemuria.it\/de\/wp-json\/wp\/v2\/pages"}],"about":[{"href":"https:\/\/lemuria.it\/de\/wp-json\/wp\/v2\/types\/page"}],"author":[{"embeddable":true,"href":"https:\/\/lemuria.it\/de\/wp-json\/wp\/v2\/users\/13"}],"replies":[{"embeddable":true,"href":"https:\/\/lemuria.it\/de\/wp-json\/wp\/v2\/comments?post=886"}],"version-history":[{"count":27,"href":"https:\/\/lemuria.it\/de\/wp-json\/wp\/v2\/pages\/886\/revisions"}],"predecessor-version":[{"id":9684,"href":"https:\/\/lemuria.it\/de\/wp-json\/wp\/v2\/pages\/886\/revisions\/9684"}],"wp:attachment":[{"href":"https:\/\/lemuria.it\/de\/wp-json\/wp\/v2\/media?parent=886"}],"wp:term":[{"taxonomy":"post_tag","embeddable":true,"href":"https:\/\/lemuria.it\/de\/wp-json\/wp\/v2\/tags?post=886"}],"curies":[{"name":"wp","href":"https:\/\/api.w.org\/{rel}","templated":true}]}}