{"id":8561,"date":"2015-04-22T11:52:44","date_gmt":"2015-04-22T09:52:44","guid":{"rendered":"https:\/\/www.lemuria.it\/?page_id=8561"},"modified":"2024-06-12T11:47:42","modified_gmt":"2024-06-12T09:47:42","slug":"h-erbario","status":"publish","type":"page","link":"https:\/\/lemuria.it\/de\/h-erbario\/","title":{"rendered":"H erbario"},"content":{"rendered":"<div class=\"vc_row wpb_row vc_row-fluid\"><div class=\"wpb_column vc_column_container vc_col-sm-12\"><div class=\"vc_column-inner\"><div class=\"wpb_wrapper\">\n\t<div class=\"wpb_text_column wpb_content_element\" >\n\t\t<div class=\"wpb_wrapper\">\n\t\t\t<p style=\"text-align: center;\">INFORMATIONEN AUS DER WISSENSCHAFTLICHEN LITERATUR<\/p>\n<p style=\"text-align: center;\">Qui di seguito proponiamo alcune citazioni tratte da importanti manuali di fitoterapia, da pagine web, da studi scientifici, sia italiani che stranieri.<\/p>\n<p style=\"text-align: center; font-size: 20px;\"><span class=\"st\"><a href=\"https:\/\/lemuria.it\/de\/zum-herbarium\/\">ZU<\/a> | <a href=\"https:\/\/lemuria.it\/de\/b-erbario\/\">B<\/a> | <a href=\"https:\/\/lemuria.it\/de\/c-erbario\/\">C<\/a> | <a href=\"https:\/\/lemuria.it\/de\/d-erbario\/\">D<\/a> | <a href=\"https:\/\/lemuria.it\/de\/e-erbario\/\">UND<\/a> | <a href=\"https:\/\/lemuria.it\/de\/f-erbario\/\">F<\/a> | <a href=\"https:\/\/lemuria.it\/de\/g-erbario\/\">G<\/a> | <a href=\"https:\/\/lemuria.it\/de\/h-erbario\/\">H<\/a> | <a href=\"https:\/\/lemuria.it\/de\/i-erbario\/\">DER<\/a> | <a href=\"https:\/\/lemuria.it\/de\/j-erbario\/\">J<\/a> | <a href=\"https:\/\/lemuria.it\/de\/k-erbario\/\">K<\/a> | <a href=\"https:\/\/lemuria.it\/de\/l-erbario\/\">L<\/a> | <a href=\"https:\/\/lemuria.it\/de\/m-erbario\/\">M<\/a> | <a href=\"https:\/\/lemuria.it\/de\/n-erbario\/\">NEIN<\/a> | <a href=\"https:\/\/lemuria.it\/de\/o-erbario\/\">ODER<\/a> | <a href=\"https:\/\/lemuria.it\/de\/p-erbario\/\">P<\/a> | <a href=\"https:\/\/lemuria.it\/de\/q-erbario\/\">Q<\/a> | <a href=\"https:\/\/lemuria.it\/de\/r-erbario\/\">R<\/a> | <a href=\"https:\/\/lemuria.it\/de\/s-erbario\/\">S<\/a> | <a href=\"https:\/\/lemuria.it\/de\/t-erbario\/\">T<\/a> | <a href=\"https:\/\/lemuria.it\/de\/u-erbario\/\">U<\/a> | <a href=\"https:\/\/lemuria.it\/de\/v-erbario\/\">V<\/a> | <a href=\"https:\/\/lemuria.it\/de\/w-erbario\/\">W<\/a> | <a href=\"https:\/\/lemuria.it\/de\/x-erbario\/\">X<\/a> | <a href=\"https:\/\/lemuria.it\/de\/y-erbario\/\">Y<\/a> | <a href=\"https:\/\/lemuria.it\/de\/z-erbario\/\">Z<\/a><br \/>\n<\/span><\/p>\n\n\t\t<\/div>\n\t<\/div>\n<div class=\"vc_empty_space\"   style=\"height: 32px\" ><span class=\"vc_empty_space_inner\"><\/span><\/div>\n\n\t<div class=\"wpb_text_column wpb_content_element\" >\n\t\t<div class=\"wpb_wrapper\">\n\t\t\t<p><b>Empfohlene B\u00fccher:<\/b><\/p>\n<p><strong>Texte zur wissenschaftlichen Erforschung der Phytotherapie<br \/>\n&#8211;\u00a0<\/strong>Lugli A. Heilpflanzen kennen. 40 praktische Bl\u00e4tter, viele Kuriosit\u00e4ten und n\u00fctzliche Anregungen. Aboca-Ausgaben. 2010.<br \/>\n&#8211; Capasso F. et al. Fitoterapia. Impiego razionale delle droghe vegetali. Springer-Verlag. 2006.<br \/>\n&#8211; Campanini. Dizionario di fitoterapia e piante medicinali. Tecniche Nuove. 2012.<br \/>\n<strong>ESCOP \u2013 Europ\u00e4ische wissenschaftliche Zusammenarbeit zur Phytotherapie:<br \/>\n&#8211;\u00a0<\/strong>ESCOP-Monographien Die wissenschaftliche Grundlage phytotherapeutischer Produkte. Italienische Ausgabe der zweiten englischen Ausgabe, herausgegeben von Planta Medica Edizioni.2006.<br \/>\n<strong>englische Version<\/strong>: Monographien \u00fcber die medizinische Verwendung pflanzlicher Arzneimittel Europ\u00e4ische Wissenschaftliche Genossenschaft f\u00fcr Phytotherapie. Zweite Auflage 2003. Thieme.<br \/>\n&#8211; ESCOP Monographs On the medicinal uses of plants drugs\u00a0 European Scientific Cooperative on Phytotherapy. Second edition Supplement 2009. Thieme.<br \/>\n&#8211; WHO Monographs Selected medicinal plants. Vol.1-2-3-4-5. World Health Organization Geneva.<br \/>\n<strong>Unter dem Link herunterladbar<\/strong>: http:\/\/apps.who.int\/medicinedoc\/en\/d\/Js2200e\/<br \/>\n&#8211; Herbal Medicine: Expanded Commission E Monographs. American Botanical Council. 2000<br \/>\n&#8211; Blumental L. The ABC Clinical Guide to Herbs. The American Botanical Council. 2003<br \/>\n&#8211; PDR for Herbal Medicines. 2000. THOMSON editore.<\/p>\n\n\t\t<\/div>\n\t<\/div>\n<div class=\"vc_empty_space\"   style=\"height: 50px\" ><span class=\"vc_empty_space_inner\"><\/span><\/div>\n<\/div><\/div><\/div><\/div>","protected":false},"excerpt":{"rendered":"INFORMAZIONI DALLA LETTERATURA SCIENTIFICA Qui di seguito proponiamo alcune citazioni tratte da importanti manuali di fitoterapia, da pagine web, da studi scientifici, sia italiani che stranieri. A | B | C | D | E | F | G | H | I | J | K | L | M | N | O [...]","protected":false},"author":13,"featured_media":0,"parent":0,"menu_order":0,"comment_status":"open","ping_status":"open","template":"page-full.php","meta":{"_acf_changed":false,"footnotes":""},"tags":[],"acf":[],"_links":{"self":[{"href":"https:\/\/lemuria.it\/de\/wp-json\/wp\/v2\/pages\/8561"}],"collection":[{"href":"https:\/\/lemuria.it\/de\/wp-json\/wp\/v2\/pages"}],"about":[{"href":"https:\/\/lemuria.it\/de\/wp-json\/wp\/v2\/types\/page"}],"author":[{"embeddable":true,"href":"https:\/\/lemuria.it\/de\/wp-json\/wp\/v2\/users\/13"}],"replies":[{"embeddable":true,"href":"https:\/\/lemuria.it\/de\/wp-json\/wp\/v2\/comments?post=8561"}],"version-history":[{"count":5,"href":"https:\/\/lemuria.it\/de\/wp-json\/wp\/v2\/pages\/8561\/revisions"}],"predecessor-version":[{"id":9645,"href":"https:\/\/lemuria.it\/de\/wp-json\/wp\/v2\/pages\/8561\/revisions\/9645"}],"wp:attachment":[{"href":"https:\/\/lemuria.it\/de\/wp-json\/wp\/v2\/media?parent=8561"}],"wp:term":[{"taxonomy":"post_tag","embeddable":true,"href":"https:\/\/lemuria.it\/de\/wp-json\/wp\/v2\/tags?post=8561"}],"curies":[{"name":"wp","href":"https:\/\/api.w.org\/{rel}","templated":true}]}}