{"id":8557,"date":"2015-04-22T11:37:06","date_gmt":"2015-04-22T09:37:06","guid":{"rendered":"https:\/\/www.lemuria.it\/?page_id=8557"},"modified":"2024-06-12T11:46:57","modified_gmt":"2024-06-12T09:46:57","slug":"f-erbario","status":"publish","type":"page","link":"https:\/\/lemuria.it\/de\/f-erbario\/","title":{"rendered":"F erbario"},"content":{"rendered":"<div class=\"vc_row wpb_row vc_row-fluid\"><div class=\"wpb_column vc_column_container vc_col-sm-12\"><div class=\"vc_column-inner\"><div class=\"wpb_wrapper\">\n\t<div class=\"wpb_text_column wpb_content_element\" >\n\t\t<div class=\"wpb_wrapper\">\n\t\t\t<p style=\"text-align: center;\">INFORMATIONEN AUS DER WISSENSCHAFTLICHEN LITERATUR<\/p>\n<p style=\"text-align: center;\">Qui di seguito proponiamo alcune citazioni tratte da importanti manuali di fitoterapia, da pagine web, da studi scientifici, sia italiani che stranieri.<\/p>\n<p style=\"text-align: center; font-size: 20px;\"><span class=\"st\"><a href=\"https:\/\/lemuria.it\/de\/zum-herbarium\/\">ZU<\/a> | <a href=\"https:\/\/lemuria.it\/de\/b-erbario\/\">B<\/a> | <a href=\"https:\/\/lemuria.it\/de\/c-erbario\/\">C<\/a> | <a href=\"https:\/\/lemuria.it\/de\/d-erbario\/\">D<\/a> | <a href=\"https:\/\/lemuria.it\/de\/e-erbario\/\">UND<\/a> | <a href=\"https:\/\/lemuria.it\/de\/f-erbario\/\">F<\/a> | <a href=\"https:\/\/lemuria.it\/de\/g-erbario\/\">G<\/a> | <a href=\"https:\/\/lemuria.it\/de\/h-erbario\/\">H<\/a> | <a href=\"https:\/\/lemuria.it\/de\/i-erbario\/\">DER<\/a> | <a href=\"https:\/\/lemuria.it\/de\/j-erbario\/\">J<\/a> | <a href=\"https:\/\/lemuria.it\/de\/k-erbario\/\">K<\/a> | <a href=\"https:\/\/lemuria.it\/de\/l-erbario\/\">L<\/a> | <a href=\"https:\/\/lemuria.it\/de\/m-erbario\/\">M<\/a> | <a href=\"https:\/\/lemuria.it\/de\/n-erbario\/\">NEIN<\/a> | <a href=\"https:\/\/lemuria.it\/de\/o-erbario\/\">ODER<\/a> | <a href=\"https:\/\/lemuria.it\/de\/p-erbario\/\">P<\/a> | <a href=\"https:\/\/lemuria.it\/de\/q-erbario\/\">Q<\/a> | <a href=\"https:\/\/lemuria.it\/de\/r-erbario\/\">R<\/a> | <a href=\"https:\/\/lemuria.it\/de\/s-erbario\/\">S<\/a> | <a href=\"https:\/\/lemuria.it\/de\/t-erbario\/\">T<\/a> | <a href=\"https:\/\/lemuria.it\/de\/u-erbario\/\">U<\/a> | <a href=\"https:\/\/lemuria.it\/de\/v-erbario\/\">V<\/a> | <a href=\"https:\/\/lemuria.it\/de\/w-erbario\/\">W<\/a> | <a href=\"https:\/\/lemuria.it\/de\/x-erbario\/\">X<\/a> | <a href=\"https:\/\/lemuria.it\/de\/y-erbario\/\">Y<\/a> | <a href=\"https:\/\/lemuria.it\/de\/z-erbario\/\">Z<\/a><br \/>\n<\/span><\/p>\n\n\t\t<\/div>\n\t<\/div>\n\n\t<div class=\"wpb_accordion wpb_content_element  not-column-inherit\" data-collapsible=\"\" data-vc-disable-keydown=\"false\" data-active-tab=\"1\">\n\t\t<div class=\"wpb_wrapper wpb_accordion_wrapper ui-accordion\">\n\n\n\t<div class=\"wpb_accordion_section group\">\n\t\t<h3 class=\"wpb_accordion_header ui-accordion-header\"><a href=\"#ficus-gemme\">Ficus gemme<\/a><\/h3>\n\t\t<div class=\"wpb_accordion_content ui-accordion-content vc_clearfix\">\n\t\t\t\n\t<div class=\"wpb_text_column wpb_content_element\" >\n\t\t<div class=\"wpb_wrapper\">\n\t\t\t<p>Pianta utile per il trattamento delle malattie infiammatoriee\/o ulcerative dello stomaco e del duodeno.<\/p>\n<p><em>Badgujar SB et al. Traditional uses, phytochemistry and pharmacology of Ficus carica: A review. Pharm Biol. 2014 Jul 14:1-17.<\/em><\/p>\n\n\t\t<\/div>\n\t<\/div>\n\n\t\t<\/div>\n\t<\/div>\n\n\t<div class=\"wpb_accordion_section group\">\n\t\t<h3 class=\"wpb_accordion_header ui-accordion-header\"><a href=\"#fico-dindia\">Fico d\u2019India<\/a><\/h3>\n\t\t<div class=\"wpb_accordion_content ui-accordion-content vc_clearfix\">\n\t\t\t\n\t<div class=\"wpb_text_column wpb_content_element\" >\n\t\t<div class=\"wpb_wrapper\">\n\t\t\t<p>I complessi naturali derivati dall&#8217;Opuntia ficus indica si legano ai lipidi introdotti con la dieta formando dei complessi non assorbibili, in questo modo i lipidi vengono eliminati senza essere assorbiti dall&#8217;organismo.<\/p>\n<p><em>Grube B. et al. A natural fiber complex reduces body weight in the overweight and obese: a double-blind, randomized, placebo-controlled study. Obesity (Silver Spring). 2013 Jan;21(1):58-64.<\/em><\/p>\n<p>L&#8217;assunzione orale di un estratto di Opuntia ficusindica ha aumentano i livelli sierici di insulina e ridotto la glicemia.<\/p>\n<p><em>Deldicque L. et al.Additive insulinogenic action of Opuntia ficus-indica cladode and fruit skin extract and leucine after exercise in healthy males. J Int Soc Sports Nutr. 2013 Oct 21;10(1):45.<\/em><\/p>\n<p>La frazione polisaccaridica dell&#8217;opuntia assorbe nel lume intestinale nutrienti, zucchero e colesterolo, impedendone di fatto l&#8217;assorbimento.<\/p>\n<p><em>Capasso F. et al. Phytotherapie. Rationeller Einsatz pflanzlicher Arzneimittel. 2006. Springer.<\/em><\/p>\n\n\t\t<\/div>\n\t<\/div>\n\n\t\t<\/div>\n\t<\/div>\n\n\t<div class=\"wpb_accordion_section group\">\n\t\t<h3 class=\"wpb_accordion_header ui-accordion-header\"><a href=\"#finocchio\">Finocchio<\/a><\/h3>\n\t\t<div class=\"wpb_accordion_content ui-accordion-content vc_clearfix\">\n\t\t\t\n\t<div class=\"wpb_text_column wpb_content_element\" >\n\t\t<div class=\"wpb_wrapper\">\n\t\t\t<p>Indicato per il trattamento dei disturbi dispeptici quali lievi affezioni gastrointestinali di natura spastica, gonfiore e flatulenza.<\/p>\n<p><em>ESCOP The Scientific Foundation for Herbal Medicinal Products. First Edition. 2003<\/em><\/p>\n<p>In der traditionellen Medizin wird es auch als Galaktagogum verwendet.<\/p>\n<p><em>Weltgesundheitsorganisation 2007. WHO-Monographien zu ausgew\u00e4hlten Heilpflanzen. Bd. 3.<\/em><\/p>\n\n\t\t<\/div>\n\t<\/div>\n\n\t\t<\/div>\n\t<\/div>\n\n\t<div class=\"wpb_accordion_section group\">\n\t\t<h3 class=\"wpb_accordion_header ui-accordion-header\"><a href=\"#frassino\">Frassino<\/a><\/h3>\n\t\t<div class=\"wpb_accordion_content ui-accordion-content vc_clearfix\">\n\t\t\t\n\t<div class=\"wpb_text_column wpb_content_element\" >\n\t\t<div class=\"wpb_wrapper\">\n\t\t\t<p>Tradizionalmente viene usato come diuretico.<\/p>\n<p><em>PDR f\u00fcr pflanzliche Arzneimittel. 2000. THOMSON-Verlag.<\/em><\/p>\n\n\t\t<\/div>\n\t<\/div>\n\n\t\t<\/div>\n\t<\/div>\n\n\t<div class=\"wpb_accordion_section group\">\n\t\t<h3 class=\"wpb_accordion_header ui-accordion-header\"><a href=\"#fucus\">Fucus<\/a><\/h3>\n\t\t<div class=\"wpb_accordion_content ui-accordion-content vc_clearfix\">\n\t\t\t\n\t<div class=\"wpb_text_column wpb_content_element\" >\n\t\t<div class=\"wpb_wrapper\">\n\t\t\t<p>Usato tradizionalmente per il trattamento dell&#8217;obesit\u00e0 e del sovrappeso.<\/p>\n<p><em>PDR f\u00fcr pflanzliche Arzneimittel. 2000. THOMSON-Verlag.<\/em><\/p>\n<p>L&#8217;acido alginico, un componente del Fucus, pu\u00f2 aumentare la viscosit\u00e0 del contenuto gastrico e pertanto pu\u00f2 provocare un aumento della saziet\u00e0 e un transito intestinale pi\u00f9 veloce.<\/p>\n<p><em>Capasso F. et al. Phytotherapie. Rationeller Einsatz pflanzlicher Arzneimittel. 2006. Springer.<\/em><\/p>\n\n\t\t<\/div>\n\t<\/div>\n\n\t\t<\/div>\n\t<\/div>\n\n\t\t<\/div>\n\t<\/div>\n<div class=\"vc_empty_space\"   style=\"height: 32px\" ><span class=\"vc_empty_space_inner\"><\/span><\/div>\n\n\t<div class=\"wpb_text_column wpb_content_element\" >\n\t\t<div class=\"wpb_wrapper\">\n\t\t\t<p><b>Empfohlene B\u00fccher:<\/b><\/p>\n<p><strong>Texte zur wissenschaftlichen Erforschung der Phytotherapie<br \/>\n\u2013\u00a0<\/strong>Lugli A. Heilpflanzen kennen. 40 praktische Bl\u00e4tter, viele Kuriosit\u00e4ten und n\u00fctzliche Anregungen. Aboca-Ausgaben. 2010.<br \/>\n\u2013 Capasso F. et al. Phytotherapie. Rationeller Einsatz pflanzlicher Arzneimittel. Springer Verlag. 2006.<br \/>\n\u2013 Glocken. W\u00f6rterbuch der Phytotherapie und Heilpflanzen. Neue Techniken. 2012.<br \/>\n<strong>ESCOP \u2013 Europ\u00e4ische wissenschaftliche Zusammenarbeit zur Phytotherapie:<br \/>\n\u2013\u00a0<\/strong>ESCOP-Monographien Die wissenschaftliche Grundlage phytotherapeutischer Produkte. Italienische Ausgabe der zweiten englischen Ausgabe, herausgegeben von Planta Medica Edizioni.2006.<br \/>\n<strong>englische Version<\/strong>: Monographien \u00fcber die medizinische Verwendung pflanzlicher Arzneimittel Europ\u00e4ische Wissenschaftliche Genossenschaft f\u00fcr Phytotherapie. Zweite Auflage 2003. Thieme.<br \/>\n\u2013 ESCOP-Monographien \u00fcber die medizinische Verwendung pflanzlicher Arzneimittel, Europ\u00e4ische Wissenschaftliche Genossenschaft f\u00fcr Phytotherapie. Zweite Auflage, Nachtrag 2009. Thieme.<br \/>\n\u2013 WHO-Monographien ausgew\u00e4hlter Heilpflanzen. Band 1-2-3-4-5. Weltgesundheitsorganisation Genf.<br \/>\n<strong>Unter dem Link herunterladbar<\/strong>: http:\/\/apps.who.int\/medicinedoc\/en\/d\/Js2200e\/<br \/>\n\u2013 Kr\u00e4utermedizin: Erweiterte Monographien der Kommission E. Amerikanischer Botanischer Rat. 2000<br \/>\n\u2013 Blumental L. Der ABC Clinical Guide to Herbs. Der American Botanical Council. 2003<br \/>\n\u2013 PDR f\u00fcr pflanzliche Arzneimittel. 2000. THOMSON-Verlag.<\/p>\n\n\t\t<\/div>\n\t<\/div>\n<div class=\"vc_empty_space\"   style=\"height: 50px\" ><span class=\"vc_empty_space_inner\"><\/span><\/div>\n<\/div><\/div><\/div><\/div>","protected":false},"excerpt":{"rendered":"INFORMAZIONI DALLA LETTERATURA SCIENTIFICA Qui di seguito proponiamo alcune citazioni tratte da importanti manuali di fitoterapia, da pagine web, da studi scientifici, sia italiani che stranieri. A | B | C | D | E | F | G | H | I | J | K | L | M | N | O [...]","protected":false},"author":13,"featured_media":0,"parent":0,"menu_order":0,"comment_status":"open","ping_status":"open","template":"page-full.php","meta":{"_acf_changed":false,"footnotes":""},"tags":[],"acf":[],"_links":{"self":[{"href":"https:\/\/lemuria.it\/de\/wp-json\/wp\/v2\/pages\/8557"}],"collection":[{"href":"https:\/\/lemuria.it\/de\/wp-json\/wp\/v2\/pages"}],"about":[{"href":"https:\/\/lemuria.it\/de\/wp-json\/wp\/v2\/types\/page"}],"author":[{"embeddable":true,"href":"https:\/\/lemuria.it\/de\/wp-json\/wp\/v2\/users\/13"}],"replies":[{"embeddable":true,"href":"https:\/\/lemuria.it\/de\/wp-json\/wp\/v2\/comments?post=8557"}],"version-history":[{"count":6,"href":"https:\/\/lemuria.it\/de\/wp-json\/wp\/v2\/pages\/8557\/revisions"}],"predecessor-version":[{"id":9643,"href":"https:\/\/lemuria.it\/de\/wp-json\/wp\/v2\/pages\/8557\/revisions\/9643"}],"wp:attachment":[{"href":"https:\/\/lemuria.it\/de\/wp-json\/wp\/v2\/media?parent=8557"}],"wp:term":[{"taxonomy":"post_tag","embeddable":true,"href":"https:\/\/lemuria.it\/de\/wp-json\/wp\/v2\/tags?post=8557"}],"curies":[{"name":"wp","href":"https:\/\/api.w.org\/{rel}","templated":true}]}}