{"id":8548,"date":"2015-04-22T10:25:11","date_gmt":"2015-04-22T08:25:11","guid":{"rendered":"https:\/\/www.lemuria.it\/?page_id=8548"},"modified":"2024-06-12T11:45:20","modified_gmt":"2024-06-12T09:45:20","slug":"b-erbario","status":"publish","type":"page","link":"https:\/\/lemuria.it\/de\/b-erbario\/","title":{"rendered":"B erbario"},"content":{"rendered":"<div class=\"vc_row wpb_row vc_row-fluid\"><div class=\"wpb_column vc_column_container vc_col-sm-12\"><div class=\"vc_column-inner\"><div class=\"wpb_wrapper\">\n\t<div class=\"wpb_text_column wpb_content_element\" >\n\t\t<div class=\"wpb_wrapper\">\n\t\t\t<p style=\"text-align: center;\">INFORMATIONEN AUS DER WISSENSCHAFTLICHEN LITERATUR<\/p>\n<p style=\"text-align: center;\">Qui di seguito proponiamo alcune citazioni tratte da importanti manuali di fitoterapia, da pagine web, da studi scientifici, sia italiani che stranieri.<\/p>\n<p style=\"text-align: center; font-size: 20px;\"><span class=\"st\"><a href=\"https:\/\/lemuria.it\/de\/zum-herbarium\/\">ZU<\/a> | <a href=\"https:\/\/lemuria.it\/de\/b-erbario\/\">B<\/a> | <a href=\"https:\/\/lemuria.it\/de\/c-erbario\/\">C<\/a> | <a href=\"https:\/\/lemuria.it\/de\/d-erbario\/\">D<\/a> | <a href=\"https:\/\/lemuria.it\/de\/e-erbario\/\">UND<\/a> | <a href=\"https:\/\/lemuria.it\/de\/f-erbario\/\">F<\/a> | <a href=\"https:\/\/lemuria.it\/de\/g-erbario\/\">G<\/a> | <a href=\"https:\/\/lemuria.it\/de\/h-erbario\/\">H<\/a> | <a href=\"https:\/\/lemuria.it\/de\/i-erbario\/\">DER<\/a> | <a href=\"https:\/\/lemuria.it\/de\/j-erbario\/\">J<\/a> | <a href=\"https:\/\/lemuria.it\/de\/k-erbario\/\">K<\/a> | <a href=\"https:\/\/lemuria.it\/de\/l-erbario\/\">L<\/a> | <a href=\"https:\/\/lemuria.it\/de\/m-erbario\/\">M<\/a> | <a href=\"https:\/\/lemuria.it\/de\/n-erbario\/\">NEIN<\/a> | <a href=\"https:\/\/lemuria.it\/de\/o-erbario\/\">ODER<\/a> | <a href=\"https:\/\/lemuria.it\/de\/p-erbario\/\">P<\/a> | <a href=\"https:\/\/lemuria.it\/de\/q-erbario\/\">Q<\/a> | <a href=\"https:\/\/lemuria.it\/de\/r-erbario\/\">R<\/a> | <a href=\"https:\/\/lemuria.it\/de\/s-erbario\/\">S<\/a> | <a href=\"https:\/\/lemuria.it\/de\/t-erbario\/\">T<\/a> | <a href=\"https:\/\/lemuria.it\/de\/u-erbario\/\">U<\/a> | <a href=\"https:\/\/lemuria.it\/de\/v-erbario\/\">V<\/a> | <a href=\"https:\/\/lemuria.it\/de\/w-erbario\/\">W<\/a> | <a href=\"https:\/\/lemuria.it\/de\/x-erbario\/\">X<\/a> | <a href=\"https:\/\/lemuria.it\/de\/y-erbario\/\">Y<\/a> | <a href=\"https:\/\/lemuria.it\/de\/z-erbario\/\">Z<\/a><br \/>\n<\/span><\/p>\n\n\t\t<\/div>\n\t<\/div>\n\n\t<div class=\"wpb_accordion wpb_content_element  not-column-inherit\" data-collapsible=\"\" data-vc-disable-keydown=\"false\" data-active-tab=\"1\">\n\t\t<div class=\"wpb_wrapper wpb_accordion_wrapper ui-accordion\">\n\n\n\t<div class=\"wpb_accordion_section group\">\n\t\t<h3 class=\"wpb_accordion_header ui-accordion-header\"><a href=\"#bacopa\">Bacopa<\/a><\/h3>\n\t\t<div class=\"wpb_accordion_content ui-accordion-content vc_clearfix\">\n\t\t\t\n\t<div class=\"wpb_text_column wpb_content_element\" >\n\t\t<div class=\"wpb_wrapper\">\n\t\t\t<p>Ricerche cliniche hanno dimostrato che assumere uno specifico estratto di Bacopa per 12 settimane sembra far migliorare la memoria e i processi cognitivi.<\/p>\n<p><em>Natural Medicines Comprehensive database. Unbiased, Scientific Clinical Information on Complementary, Alternative, and Integrative<\/em><\/p>\n<p><em>Stough C eta al. The chronic effects of an extract of Bacopa monniera (Brahmi) on cognitive function in healthy human subjects.Psychopharmacology (Berl). 2001 Aug;156(4):481-4.<\/em><\/p>\n\n\t\t<\/div>\n\t<\/div>\n\n\t\t<\/div>\n\t<\/div>\n\n\t<div class=\"wpb_accordion_section group\">\n\t\t<h3 class=\"wpb_accordion_header ui-accordion-header\"><a href=\"#balsamo-del-tolu\">Balsamo del Tolu<\/a><\/h3>\n\t\t<div class=\"wpb_accordion_content ui-accordion-content vc_clearfix\">\n\t\t\t\n\t<div class=\"wpb_text_column wpb_content_element\" >\n\t\t<div class=\"wpb_wrapper\">\n\t\t\t<p>Ha effetto espettorante, antibatterico e fungicida. E&#8217; usato anche per trattare le infiammazioni delle mucose dell&#8217;apparato respiratorio. Il suo uso \u00e8 approvato dalla Commissione E tedesca per il trattamento della tosse e della bronchite.<\/p>\n<p><em>PDR f\u00fcr pflanzliche Arzneimittel. 2000. THOMSON-Verlag.<\/em><\/p>\n\n\t\t<\/div>\n\t<\/div>\n\n\t\t<\/div>\n\t<\/div>\n\n\t<div class=\"wpb_accordion_section group\">\n\t\t<h3 class=\"wpb_accordion_header ui-accordion-header\"><a href=\"#bambu\">Bamb\u00f9<\/a><\/h3>\n\t\t<div class=\"wpb_accordion_content ui-accordion-content vc_clearfix\">\n\t\t\t\n\t<div class=\"wpb_text_column wpb_content_element\" >\n\t\t<div class=\"wpb_wrapper\">\n\t\t\t<p>Il Silicio \u00e8 un minerale ampiamente presente nella cute e nei capelli. \u00e8 coinvolto nella sintesi del collagene e di altre proteine del derma. Il Bamb\u00f9 \u00e8 ricco di Silicio sostanza che contribuisce al benessere fisiologico della cute e degli annessi cutanei (unghie e capelli).<\/p>\n\n\t\t<\/div>\n\t<\/div>\n\n\t\t<\/div>\n\t<\/div>\n\n\t<div class=\"wpb_accordion_section group\">\n\t\t<h3 class=\"wpb_accordion_header ui-accordion-header\"><a href=\"#bardana\">Klette<\/a><\/h3>\n\t\t<div class=\"wpb_accordion_content ui-accordion-content vc_clearfix\">\n\t\t\t\n\t<div class=\"wpb_text_column wpb_content_element\" >\n\t\t<div class=\"wpb_wrapper\">\n\t\t\t<p>Usi tradizionali: come diaforetico (aumenta la secrezione del sudore) e diuretico e per purificare il sangue. In vitro ha dimostrato una moderata azione antimicrobica.<\/p>\n<p><em>PDR f\u00fcr pflanzliche Arzneimittel. 2000. THOMSON-Verlag.<\/em><\/p>\n\n\t\t<\/div>\n\t<\/div>\n\n\t\t<\/div>\n\t<\/div>\n\n\t<div class=\"wpb_accordion_section group\">\n\t\t<h3 class=\"wpb_accordion_header ui-accordion-header\"><a href=\"#barosma\">Barosma<\/a><\/h3>\n\t\t<div class=\"wpb_accordion_content ui-accordion-content vc_clearfix\">\n\t\t\t\n\t<div class=\"wpb_text_column wpb_content_element\" >\n\t\t<div class=\"wpb_wrapper\">\n\t\t\t<p>\u00c8 tradizionalmente usata per aumentare la diuresi e per combattere le infezioni del tratto urinario.<\/p>\n<p><em>Capasso F. et al. Phytotherapie. Rationeller Einsatz pflanzlicher Arzneimittel. 2006. Springer.<\/em><\/p>\n\n\t\t<\/div>\n\t<\/div>\n\n\t\t<\/div>\n\t<\/div>\n\n\t<div class=\"wpb_accordion_section group\">\n\t\t<h3 class=\"wpb_accordion_header ui-accordion-header\"><a href=\"#betulla\">Betulla<\/a><\/h3>\n\t\t<div class=\"wpb_accordion_content ui-accordion-content vc_clearfix\">\n\t\t\t\n\t<div class=\"wpb_text_column wpb_content_element\" >\n\t\t<div class=\"wpb_wrapper\">\n\t\t\t<p>Irrigazione del tratto urinario, soprattutto nei casi di infiammazione e renella e come supporto del trattamento delle infezioni batteriche del tratto urinario.<\/p>\n<p><em>ESCOP The Scientific Foundation for Herbal Medicinal Products. Second Edition. Supplement 2009<\/em><\/p>\n<p>Calcolosi urinaria<\/p>\n<p><em>PDR f\u00fcr pflanzliche Arzneimittel. 2000. THOMSON-Verlag.<\/em><\/p>\n\n\t\t<\/div>\n\t<\/div>\n\n\t\t<\/div>\n\t<\/div>\n\n\t<div class=\"wpb_accordion_section group\">\n\t\t<h3 class=\"wpb_accordion_header ui-accordion-header\"><a href=\"#biancospino\">Biancospino<\/a><\/h3>\n\t\t<div class=\"wpb_accordion_content ui-accordion-content vc_clearfix\">\n\t\t\t\n\t<div class=\"wpb_text_column wpb_content_element\" >\n\t\t<div class=\"wpb_wrapper\">\n\t\t\t<p>Disturbi cardiaci di origine nervosa. Adiuvante delle funzioni cardiache e circolatorie. Ridotta performance cardiaca corrispondente alla classe II di capacit\u00e0 funzionale.<\/p>\n<p><em>ESCOP The Scientific Foundation for Herbal Medicinal Products. Second Edition. Supplement 2009<\/em><\/p>\n<p>Forme moderate di bradicardia ed aritmia.<\/p>\n<p><em>PDR f\u00fcr pflanzliche Arzneimittel. 2000. THOMSON-Verlag.<\/em><\/p>\n\n\t\t<\/div>\n\t<\/div>\n\n\t\t<\/div>\n\t<\/div>\n\n\t<div class=\"wpb_accordion_section group\">\n\t\t<h3 class=\"wpb_accordion_header ui-accordion-header\"><a href=\"#boswellia\">Boswellia<\/a><\/h3>\n\t\t<div class=\"wpb_accordion_content ui-accordion-content vc_clearfix\">\n\t\t\t\n\t<div class=\"wpb_text_column wpb_content_element\" >\n\t\t<div class=\"wpb_wrapper\">\n\t\t\t<p>Ha effetto antinfiammatorio. Studi farmacologici sperimentali hanno dimostrato che gli acidi boswellici sono inibitori specifici in vitro della sintesi dei leucotrieni e della 5-lipossigenasi.Nell\u2019insieme i diversi studi clinici suggeriscono una certa efficacia della boswellia nelle malattie infiammatorie.<\/p>\n<p><em>Capasso F. et al. Phytotherapie. Rationeller Einsatz pflanzlicher Arzneimittel. 2006. Springer.<\/em><\/p>\n<p>\u00c8 usata per alleviare il dolore causato dall\u2019osteoartrite del ginocchio.<\/p>\n<p><em>ESCOP The Scientific Foundation for Herbal Medicinal Products. Second Edition. Supplement 2009<\/em><\/p>\n\n\t\t<\/div>\n\t<\/div>\n\n\t\t<\/div>\n\t<\/div>\n\n\t\t<\/div>\n\t<\/div>\n<div class=\"vc_empty_space\"   style=\"height: 32px\" ><span class=\"vc_empty_space_inner\"><\/span><\/div>\n\n\t<div class=\"wpb_text_column wpb_content_element\" >\n\t\t<div class=\"wpb_wrapper\">\n\t\t\t<p><b>Empfohlene B\u00fccher:<\/b><\/p>\n<p><strong>Texte zur wissenschaftlichen Erforschung der Phytotherapie<br \/>\n\u2013\u00a0<\/strong>Lugli A. Heilpflanzen kennen. 40 praktische Bl\u00e4tter, viele Kuriosit\u00e4ten und n\u00fctzliche Anregungen. Aboca-Ausgaben. 2010.<br \/>\n\u2013 Capasso F. et al. Phytotherapie. Rationeller Einsatz pflanzlicher Arzneimittel. Springer Verlag. 2006.<br \/>\n\u2013 Glocken. W\u00f6rterbuch der Phytotherapie und Heilpflanzen. Neue Techniken. 2012.<br \/>\n<strong>ESCOP \u2013 Europ\u00e4ische wissenschaftliche Zusammenarbeit zur Phytotherapie:<br \/>\n\u2013\u00a0<\/strong>ESCOP-Monographien Die wissenschaftliche Grundlage phytotherapeutischer Produkte. Italienische Ausgabe der zweiten englischen Ausgabe, herausgegeben von Planta Medica Edizioni.2006.<br \/>\n<strong>englische Version<\/strong>: Monographien \u00fcber die medizinische Verwendung pflanzlicher Arzneimittel Europ\u00e4ische Wissenschaftliche Genossenschaft f\u00fcr Phytotherapie. Zweite Auflage 2003. Thieme.<br \/>\n\u2013 ESCOP-Monographien \u00fcber die medizinische Verwendung pflanzlicher Arzneimittel, Europ\u00e4ische Wissenschaftliche Genossenschaft f\u00fcr Phytotherapie. Zweite Auflage, Nachtrag 2009. Thieme.<br \/>\n\u2013 WHO-Monographien ausgew\u00e4hlter Heilpflanzen. Band 1-2-3-4-5. Weltgesundheitsorganisation Genf.<br \/>\n<strong>Unter dem Link herunterladbar<\/strong>: http:\/\/apps.who.int\/medicinedoc\/en\/d\/Js2200e\/<br \/>\n\u2013 Kr\u00e4utermedizin: Erweiterte Monographien der Kommission E. Amerikanischer Botanischer Rat. 2000<br \/>\n\u2013 Blumental L. Der ABC Clinical Guide to Herbs. Der American Botanical Council. 2003<br \/>\n\u2013 PDR f\u00fcr pflanzliche Arzneimittel. 2000. THOMSON-Verlag.<\/p>\n\n\t\t<\/div>\n\t<\/div>\n<div class=\"vc_empty_space\"   style=\"height: 50px\" ><span class=\"vc_empty_space_inner\"><\/span><\/div>\n<\/div><\/div><\/div><\/div>","protected":false},"excerpt":{"rendered":"INFORMAZIONI DALLA LETTERATURA SCIENTIFICA Qui di seguito proponiamo alcune citazioni tratte da importanti manuali di fitoterapia, da pagine web, da studi scientifici, sia italiani che stranieri. A | B | C | D | E | F | G | H | I | J | K | L | M | N | O [...]","protected":false},"author":13,"featured_media":0,"parent":0,"menu_order":0,"comment_status":"closed","ping_status":"closed","template":"page-full.php","meta":{"_acf_changed":false,"footnotes":""},"tags":[],"acf":[],"_links":{"self":[{"href":"https:\/\/lemuria.it\/de\/wp-json\/wp\/v2\/pages\/8548"}],"collection":[{"href":"https:\/\/lemuria.it\/de\/wp-json\/wp\/v2\/pages"}],"about":[{"href":"https:\/\/lemuria.it\/de\/wp-json\/wp\/v2\/types\/page"}],"author":[{"embeddable":true,"href":"https:\/\/lemuria.it\/de\/wp-json\/wp\/v2\/users\/13"}],"replies":[{"embeddable":true,"href":"https:\/\/lemuria.it\/de\/wp-json\/wp\/v2\/comments?post=8548"}],"version-history":[{"count":6,"href":"https:\/\/lemuria.it\/de\/wp-json\/wp\/v2\/pages\/8548\/revisions"}],"predecessor-version":[{"id":9639,"href":"https:\/\/lemuria.it\/de\/wp-json\/wp\/v2\/pages\/8548\/revisions\/9639"}],"wp:attachment":[{"href":"https:\/\/lemuria.it\/de\/wp-json\/wp\/v2\/media?parent=8548"}],"wp:term":[{"taxonomy":"post_tag","embeddable":true,"href":"https:\/\/lemuria.it\/de\/wp-json\/wp\/v2\/tags?post=8548"}],"curies":[{"name":"wp","href":"https:\/\/api.w.org\/{rel}","templated":true}]}}