{"id":8537,"date":"2015-04-21T15:18:23","date_gmt":"2015-04-21T13:18:23","guid":{"rendered":"https:\/\/www.lemuria.it\/?page_id=8537"},"modified":"2024-06-12T15:17:10","modified_gmt":"2024-06-12T13:17:10","slug":"a-erbario","status":"publish","type":"page","link":"https:\/\/lemuria.it\/de\/zum-herbarium\/","title":{"rendered":"Im Herbarium"},"content":{"rendered":"<div class=\"vc_row wpb_row vc_row-fluid vc_custom_1718198170376\"><div class=\"wpb_column vc_column_container vc_col-sm-12\"><div class=\"vc_column-inner\"><div class=\"wpb_wrapper\">\n\t<div class=\"wpb_text_column wpb_content_element  vc_custom_1718198189481\" >\n\t\t<div class=\"wpb_wrapper\">\n\t\t\t<p style=\"text-align: center;\">INFORMATIONEN AUS DER WISSENSCHAFTLICHEN LITERATUR<\/p>\n<p style=\"text-align: center;\">Qui di seguito proponiamo alcune citazioni tratte da importanti manuali di fitoterapia, da pagine web, da studi scientifici, sia italiani che stranieri.<\/p>\n<p style=\"text-align: center; font-size: 20px;\"><span class=\"st\"><a href=\"https:\/\/lemuria.it\/de\/zum-herbarium\/\">ZU<\/a> | <a href=\"https:\/\/lemuria.it\/de\/b-erbario\/\">B<\/a> | <a href=\"https:\/\/lemuria.it\/de\/c-erbario\/\">C<\/a> | <a href=\"https:\/\/lemuria.it\/de\/d-erbario\/\">D<\/a> | <a href=\"https:\/\/lemuria.it\/de\/e-erbario\/\">UND<\/a> | <a href=\"https:\/\/lemuria.it\/de\/f-erbario\/\">F<\/a> | <a href=\"https:\/\/lemuria.it\/de\/g-erbario\/\">G<\/a> | <a href=\"https:\/\/lemuria.it\/de\/h-erbario\/\">H<\/a> | <a href=\"https:\/\/lemuria.it\/de\/i-erbario\/\">DER<\/a> | <a href=\"https:\/\/lemuria.it\/de\/j-erbario\/\">J<\/a> | <a href=\"https:\/\/lemuria.it\/de\/k-erbario\/\">K<\/a> | <a href=\"https:\/\/lemuria.it\/de\/l-erbario\/\">L<\/a> | <a href=\"https:\/\/lemuria.it\/de\/m-erbario\/\">M<\/a> | <a href=\"https:\/\/lemuria.it\/de\/n-erbario\/\">NEIN<\/a> | <a href=\"https:\/\/lemuria.it\/de\/o-erbario\/\">ODER<\/a> | <a href=\"https:\/\/lemuria.it\/de\/p-erbario\/\">P<\/a> | <a href=\"https:\/\/lemuria.it\/de\/q-erbario\/\">Q<\/a> | <a href=\"https:\/\/lemuria.it\/de\/r-erbario\/\">R<\/a> | <a href=\"https:\/\/lemuria.it\/de\/s-erbario\/\">S<\/a> | <a href=\"https:\/\/lemuria.it\/de\/t-erbario\/\">T<\/a> | <a href=\"https:\/\/lemuria.it\/de\/u-erbario\/\">U<\/a> | <a href=\"https:\/\/lemuria.it\/de\/v-erbario\/\">V<\/a> | <a href=\"https:\/\/lemuria.it\/de\/w-erbario\/\">W<\/a> | <a href=\"https:\/\/lemuria.it\/de\/x-erbario\/\">X<\/a> | <a href=\"https:\/\/lemuria.it\/de\/y-erbario\/\">Y<\/a> | <a href=\"https:\/\/lemuria.it\/de\/z-erbario\/\">Z<\/a><br \/>\n<\/span><\/p>\n\n\t\t<\/div>\n\t<\/div>\n\n\t<div class=\"wpb_accordion wpb_content_element  not-column-inherit\" data-collapsible=\"\" data-vc-disable-keydown=\"false\" data-active-tab=\"1\">\n\t\t<div class=\"wpb_wrapper wpb_accordion_wrapper ui-accordion\">\n\n\n\t<div class=\"wpb_accordion_section group\">\n\t\t<h3 class=\"wpb_accordion_header ui-accordion-header\"><a href=\"#acerola\">Acerola<\/a><\/h3>\n\t\t<div class=\"wpb_accordion_content ui-accordion-content vc_clearfix\">\n\t\t\t\n\t<div class=\"wpb_text_column wpb_content_element\" >\n\t\t<div class=\"wpb_wrapper\">\n\t\t\t<p>Es wird als Quelle f\u00fcr Vitamin C verwendet.<\/p>\n<p><em>(SBruneton J. Pharmacognosie et phytochimie plantes Medicinicales. Hrsg. Lavoisier, Paris, 1993 Sannia A. Practical Formulary of Phytotherapy. Hrsg. New Techniques, Mailand, 1994.)<\/em><\/p>\n\n\t\t<\/div>\n\t<\/div>\n\n\t\t<\/div>\n\t<\/div>\n\n\t<div class=\"wpb_accordion_section group\">\n\t\t<h3 class=\"wpb_accordion_header ui-accordion-header\"><a href=\"#achillea\">Schafgarbe<\/a><\/h3>\n\t\t<div class=\"wpb_accordion_content ui-accordion-content vc_clearfix\">\n\t\t\t\n\t<div class=\"wpb_text_column wpb_content_element\" >\n\t\t<div class=\"wpb_wrapper\">\n\t\t\t<p>N\u00fctzlich bei dyspeptischen St\u00f6rungen und Appetitlosigkeit, Leber- und Gallenblasenerkrankungen.<\/p>\n<p><em>PDR f\u00fcr pflanzliche Arzneimittel. 2000. THOMSON-Verlag.<\/em><\/p>\n\n\t\t<\/div>\n\t<\/div>\n\n\t\t<\/div>\n\t<\/div>\n\n\t<div class=\"wpb_accordion_section group\">\n\t\t<h3 class=\"wpb_accordion_header ui-accordion-header\"><a href=\"#agar-agar\">Agar-Agar<\/a><\/h3>\n\t\t<div class=\"wpb_accordion_content ui-accordion-content vc_clearfix\">\n\t\t\t\n\t<div class=\"wpb_text_column wpb_content_element\" >\n\t\t<div class=\"wpb_wrapper\">\n\t\t\t<p>Die abf\u00fchrende Wirkung beruht auf der F\u00e4higkeit von Agar-Agar, durch Quellung im Darm reichlich Wasser aufzunehmen und zu speichern. Schleimstoffe erh\u00f6hen das Volumen der Stuhlmasse, indem sie die Darmmuskulatur und die Peristaltik stimulieren.<\/p>\n<p><em>PDR f\u00fcr pflanzliche Arzneimittel. 2000. THOMSON-Verlag.<\/em><\/p>\n<p>Agara-Agar kann nicht absorbiert werden und fermentiert nicht.<\/p>\n<p><em>Capasso F. et al. Phytotherapie. Rationeller Einsatz pflanzlicher Arzneimittel. 2006. Springer.<\/em><\/p>\n\n\t\t<\/div>\n\t<\/div>\n\n\t\t<\/div>\n\t<\/div>\n\n\t<div class=\"wpb_accordion_section group\">\n\t\t<h3 class=\"wpb_accordion_header ui-accordion-header\"><a href=\"#aglio\">Knoblauch<\/a><\/h3>\n\t\t<div class=\"wpb_accordion_content ui-accordion-content vc_clearfix\">\n\t\t\t\n\t<div class=\"wpb_text_column wpb_content_element\" >\n\t\t<div class=\"wpb_wrapper\">\n\t\t\t<p>Knoblauch hat eine antiatherogene, lipidsenkende, blutdrucksenkende, antiaggregative, gef\u00e4\u00dferweiternde und antioxidative Wirkung. Es eignet sich zur Prophylaxe von Arteriosklerose und zur Behandlung von Hyperlipid\u00e4mie, die nicht ausreichend auf eine Ern\u00e4hrungsumstellung allein anspricht.<\/p>\n<p><em>ESCOP Die wissenschaftliche Stiftung f\u00fcr pflanzliche Arzneimittel. Erstausgabe 2003<\/em><\/p>\n\n\t\t<\/div>\n\t<\/div>\n\n\t\t<\/div>\n\t<\/div>\n\n\t<div class=\"wpb_accordion_section group\">\n\t\t<h3 class=\"wpb_accordion_header ui-accordion-header\"><a href=\"#alchemilla\">Alchemilla<\/a><\/h3>\n\t\t<div class=\"wpb_accordion_content ui-accordion-content vc_clearfix\">\n\t\t\t\n\t<div class=\"wpb_text_column wpb_content_element\" >\n\t\t<div class=\"wpb_wrapper\">\n\t\t\t<p>Es wird traditionell zur Linderung von Wechseljahrsbeschwerden eingesetzt.<\/p>\n<p><em>PDR f\u00fcr pflanzliche Arzneimittel. 2000. THOMSON-Verlag.<\/em><\/p>\n<p>In vergangenen Jahrhunderten galt der Frauenmantel als sehr wirksam zur Behandlung weiblicher Beschwerden.<\/p>\n<p><em>Bruneton J. Pharmakognosie. Phytochemie. Medizinische Pflanzen. Lavoisier. 1999.\u00a0\u00a0\u00a0<\/em><\/p>\n\n\t\t<\/div>\n\t<\/div>\n\n\t\t<\/div>\n\t<\/div>\n\n\t<div class=\"wpb_accordion_section group\">\n\t\t<h3 class=\"wpb_accordion_header ui-accordion-header\"><a href=\"#alfa-alfa\">Alpha Alpha<\/a><\/h3>\n\t\t<div class=\"wpb_accordion_content ui-accordion-content vc_clearfix\">\n\t\t\t\n\t<div class=\"wpb_text_column wpb_content_element\" >\n\t\t<div class=\"wpb_wrapper\">\n\t\t\t<p>Es wird als nat\u00fcrliche Quelle f\u00fcr die Vitamine A, C, E und K4 sowie f\u00fcr Mineralien wie Kalzium, Kalium, Phosphor und Eisen verwendet.<\/p>\n<p><em>Umfangreiche Datenbank zu Naturheilmitteln. Unvoreingenommene, wissenschaftliche klinische Informationen zu Komplement\u00e4r-, Alternativ- und<\/em><\/p>\n\n\t\t<\/div>\n\t<\/div>\n\n\t\t<\/div>\n\t<\/div>\n\n\t<div class=\"wpb_accordion_section group\">\n\t\t<h3 class=\"wpb_accordion_header ui-accordion-header\"><a href=\"#alga-chlorella\">Chlorella-Algen<\/a><\/h3>\n\t\t<div class=\"wpb_accordion_content ui-accordion-content vc_clearfix\">\n\t\t\t\n\t<div class=\"wpb_text_column wpb_content_element\" >\n\t\t<div class=\"wpb_wrapper\">\n\t\t\t<p>Chlorella-Algen werden in Nahrungserg\u00e4nzungsmitteln als N\u00e4hrstoffquelle wie Proteine, Nukleins\u00e4uren, Ballaststoffe, Vitamine und Mineralien verwendet.<\/p>\n\n\t\t<\/div>\n\t<\/div>\n\n\t\t<\/div>\n\t<\/div>\n\n\t<div class=\"wpb_accordion_section group\">\n\t\t<h3 class=\"wpb_accordion_header ui-accordion-header\"><a href=\"#alga-dunaliella\">Dunaliella-Alge<\/a><\/h3>\n\t\t<div class=\"wpb_accordion_content ui-accordion-content vc_clearfix\">\n\t\t\t\n\t<div class=\"wpb_text_column wpb_content_element\" >\n\t\t<div class=\"wpb_wrapper\">\n\t\t\t<p>Nat\u00fcrliche Quelle f\u00fcr -Carotin, Vorstufe von Vitamin A.<\/p>\n<p>In In-vivo-Studien hemmten Dunaliella-Algen die Atherogenese.<\/p>\n<p><em>Harari A. et l. Verhinderung des Fortschreitens der Atherosklerose durch die 9-cis-\u03b2-Carotin-reiche Alge Dunaliella bei M\u00e4usen mit ApoE-Mangel. Biomed Res Int. 2013;2013:169517.<\/em><\/p>\n\n\t\t<\/div>\n\t<\/div>\n\n\t\t<\/div>\n\t<\/div>\n\n\t<div class=\"wpb_accordion_section group\">\n\t\t<h3 class=\"wpb_accordion_header ui-accordion-header\"><a href=\"#alga-spirulina\">Spirulina-Alge<\/a><\/h3>\n\t\t<div class=\"wpb_accordion_content ui-accordion-content vc_clearfix\">\n\t\t\t\n\t<div class=\"wpb_text_column wpb_content_element\" >\n\t\t<div class=\"wpb_wrapper\">\n\t\t\t<p>Spirulina-Algen w\u00fcrden die Widerstandsf\u00e4higkeit gegen\u00fcber k\u00f6rperlicher Anstrengung beim Laufen erh\u00f6hen.<\/p>\n<p><em>Kalafati M, Jamurtas AZ, Nikolaidis MG, et al. Ergogene und antioxidative Wirkung der Spirulina-Supplementierung beim Menschen. Med Sci Sports Exerc 2010;42:142-51.<\/em><\/p>\n\n\t\t<\/div>\n\t<\/div>\n\n\t\t<\/div>\n\t<\/div>\n\n\t<div class=\"wpb_accordion_section group\">\n\t\t<h3 class=\"wpb_accordion_header ui-accordion-header\"><a href=\"#aloe\">Aloe<\/a><\/h3>\n\t\t<div class=\"wpb_accordion_content ui-accordion-content vc_clearfix\">\n\t\t\t\n\t<div class=\"wpb_text_column wpb_content_element\" >\n\t\t<div class=\"wpb_wrapper\">\n\t\t\t<p>Es hat eine heilende, entz\u00fcndungshemmende, lindernde und feuchtigkeitsspendende Wirkung.<\/p>\n<p><em>Umfangreiche Datenbank zu Naturheilmitteln. Unvoreingenommene, wissenschaftliche klinische Informationen zu Komplement\u00e4r-, Alternativ- und<\/em><\/p>\n<p>Aloe kann die Immunantwort stimulieren, indem es die humorale Immunit\u00e4t erh\u00f6ht.<\/p>\n<p><em>Halder S et al. Verst\u00e4rkte humorale Immunantwort und verringerte zellvermittelte Immunit\u00e4t durch Aloe Vera bei Ratten. Entz\u00fcndungspharmakologie. 2012 Dez;20(6):343-6.<\/em><\/p>\n<p>Probanden, die ein Nahrungserg\u00e4nzungsmittel auf Aloe-Basis einnahmen, zeigten eine Verringerung von TNF-\u03b1, dem endothelialen Wachstumsfaktor und den Interleukinen 2 und 4.<\/p>\n<p><em>Lewis JE et al. Die Wirkung eines Aloe-Polymannose-Multin\u00e4hrstoffkomplexes auf die kognitiven und immunologischen Funktionen bei der Alzheimer-Krankheit. J Alzheimers Dis. 2013;33(2):393-406.<\/em><\/p>\n\n\t\t<\/div>\n\t<\/div>\n\n\t\t<\/div>\n\t<\/div>\n\n\t<div class=\"wpb_accordion_section group\">\n\t\t<h3 class=\"wpb_accordion_header ui-accordion-header\"><a href=\"#altea\">Altea<\/a><\/h3>\n\t\t<div class=\"wpb_accordion_content ui-accordion-content vc_clearfix\">\n\t\t\t\n\t<div class=\"wpb_text_column wpb_content_element\" >\n\t\t<div class=\"wpb_wrapper\">\n\t\t\t<p>Zur Behandlung von trockenem Husten und Reizungen der Mund- und Rachenschleimhaut.<\/p>\n<p><em>ESCOP Die wissenschaftliche Stiftung f\u00fcr pflanzliche Arzneimittel. Erste Zweite Auflage. 2003<\/em><\/p>\n<p>Marshmallow lindert Reizungen der Schleimh\u00e4ute der Mundh\u00f6hle und des Rachens, wirkt entz\u00fcndungshemmend und immunstimulierend.<\/p>\n<p>Die Deutsche Kommission E empfiehlt den Einsatz bei Husten und Bronchitis.<\/p>\n<p><em>PDR f\u00fcr pflanzliche Arzneimittel. 2000. THOMSON-Verlag.<\/em><\/p>\n<p>Die Wurzeln und Bl\u00e4tter enthalten Polysaccharidschleime mit einer erweichenden und sch\u00fctzenden Wirkung auf die Schleimh\u00e4ute.<\/p>\n<p><em>PDR f\u00fcr pflanzliche Arzneimittel. 2000. THOMSON-Verlag.<\/em><\/p>\n\n\t\t<\/div>\n\t<\/div>\n\n\t\t<\/div>\n\t<\/div>\n\n\t<div class=\"wpb_accordion_section group\">\n\t\t<h3 class=\"wpb_accordion_header ui-accordion-header\"><a href=\"#ananas\">Ananas<\/a><\/h3>\n\t\t<div class=\"wpb_accordion_content ui-accordion-content vc_clearfix\">\n\t\t\t\n\t<div class=\"wpb_text_column wpb_content_element\" >\n\t\t<div class=\"wpb_wrapper\">\n\t\t\t<p>Es hat entz\u00fcndungshemmende, fibrinolytische und proteolytische Wirkungen. Proteolytische Enzyme f\u00f6rdern die Wundheilung. Bei gleichzeitiger Gabe wurde au\u00dferdem eine Hemmung der Thrombozytenaggregation und eine verbesserte Aufnahme von Antibiotika beobachtet.<\/p>\n<p>Es kann zur Behandlung von \u00d6demen eingesetzt werden. Es hat entz\u00fcndungshemmende, fibrinolytische und proteolytische Wirkungen. Proteolytische Enzyme f\u00f6rdern die Wundheilung.<\/p>\n<p><em>PDR f\u00fcr pflanzliche Arzneimittel. 2000. THOMSON-Verlag.<\/em><\/p>\n\n\t\t<\/div>\n\t<\/div>\n\n\t\t<\/div>\n\t<\/div>\n\n\t<div class=\"wpb_accordion_section group\">\n\t\t<h3 class=\"wpb_accordion_header ui-accordion-header\"><a href=\"#angelica\">Engelwurz<\/a><\/h3>\n\t\t<div class=\"wpb_accordion_content ui-accordion-content vc_clearfix\">\n\t\t\t\n\t<div class=\"wpb_text_column wpb_content_element\" >\n\t\t<div class=\"wpb_wrapper\">\n\t\t\t<p>N\u00fctzlich bei dyspeptischen St\u00f6rungen und Appetitlosigkeit<\/p>\n<p><em>PDR f\u00fcr pflanzliche Arzneimittel. 2000. THOMSON-Verlag.<\/em><\/p>\n\n\t\t<\/div>\n\t<\/div>\n\n\t\t<\/div>\n\t<\/div>\n\n\t<div class=\"wpb_accordion_section group\">\n\t\t<h3 class=\"wpb_accordion_header ui-accordion-header\"><a href=\"#anice\">Anis<\/a><\/h3>\n\t\t<div class=\"wpb_accordion_content ui-accordion-content vc_clearfix\">\n\t\t\t\n\t<div class=\"wpb_text_column wpb_content_element\" >\n\t\t<div class=\"wpb_wrapper\">\n\t\t\t<p>Anis wird traditionell zur Behandlung von Bl\u00e4hungen, Koliken und als Verdauungsmittel eingesetzt.<\/p>\n<p>Kommission E genehmigt den Einsatz bei dyspeptischen Erkrankungen.<\/p>\n<p><em>PDR f\u00fcr pflanzliche Arzneimittel. 2000. THOMSON-Verlag.<\/em><\/p>\n<p>In der traditionellen Medizin wird es auch als Galaktagogum verwendet.<\/p>\n<p><em>Weltgesundheitsorganisation 2007. WHO-Monographien zu ausgew\u00e4hlten Heilpflanzen. Bd. 3.<\/em><\/p>\n\n\t\t<\/div>\n\t<\/div>\n\n\t\t<\/div>\n\t<\/div>\n\n\t<div class=\"wpb_accordion_section group\">\n\t\t<h3 class=\"wpb_accordion_header ui-accordion-header\"><a href=\"#arancio-scorze\">Orangenschalen<\/a><\/h3>\n\t\t<div class=\"wpb_accordion_content ui-accordion-content vc_clearfix\">\n\t\t\t\n\t<div class=\"wpb_text_column wpb_content_element\" >\n\t\t<div class=\"wpb_wrapper\">\n\t\t\t<p>F\u00f6rdert die Sekretion von Magens\u00e4ften. Seine Verwendung ist zur Behandlung von dyspeptischen St\u00f6rungen und Appetitlosigkeit angezeigt.<\/p>\n<p><em>PDR f\u00fcr pflanzliche Arzneimittel. 2000. THOMSON-Verlag.<\/em><\/p>\n\n\t\t<\/div>\n\t<\/div>\n\n\t\t<\/div>\n\t<\/div>\n\n\t<div class=\"wpb_accordion_section group\">\n\t\t<h3 class=\"wpb_accordion_header ui-accordion-header\"><a href=\"#argilla-ventilata\">Bel\u00fcfteter Ton<\/a><\/h3>\n\t\t<div class=\"wpb_accordion_content ui-accordion-content vc_clearfix\">\n\t\t\t\n\t<div class=\"wpb_text_column wpb_content_element\" >\n\t\t<div class=\"wpb_wrapper\">\n\t\t\t<p>Seit der Antike f\u00fcr seine adsorbierende, reinigende und beruhigende Wirkung bekannt; kontrolliert Bl\u00e4hungen im Darm.<\/p>\n\n\t\t<\/div>\n\t<\/div>\n\n\t\t<\/div>\n\t<\/div>\n\n\t<div class=\"wpb_accordion_section group\">\n\t\t<h3 class=\"wpb_accordion_header ui-accordion-header\"><a href=\"#astragalo\">Astragalus<\/a><\/h3>\n\t\t<div class=\"wpb_accordion_content ui-accordion-content vc_clearfix\">\n\t\t\t\n\t<div class=\"wpb_text_column wpb_content_element\" >\n\t\t<div class=\"wpb_wrapper\">\n\t\t\t<p>Es wird angenommen, dass es das Immunsystem durch mehrere Mechanismen stimuliert. Steigerung der Produktion von Iga- und IgM-Immunglobulinen im Nasensekret des Menschen, Stimulierung von Makrophagen, Steigerung der Phagozytose und Verst\u00e4rkung der Wirkung von Interferon, Aktivierung von Lymphozyten und nat\u00fcrlichen Killerzellen.<\/p>\n<p><em>Capasso F. et al. Phytotherapie. Rationeller Einsatz pflanzlicher Arzneimittel. 2006. Springer.<\/em><\/p>\n\n\t\t<\/div>\n\t<\/div>\n\n\t\t<\/div>\n\t<\/div>\n\n\t<div class=\"wpb_accordion_section group\">\n\t\t<h3 class=\"wpb_accordion_header ui-accordion-header\"><a href=\"#avena\">Hafer<\/a><\/h3>\n\t\t<div class=\"wpb_accordion_content ui-accordion-content vc_clearfix\">\n\t\t\t\n\t<div class=\"wpb_text_column wpb_content_element\" >\n\t\t<div class=\"wpb_wrapper\">\n\t\t\t<p>Verschiedenen Studien zufolge hat Hafer die F\u00e4higkeit, den Cholesterinspiegel zu senken und die Biosynthese von Prostaglandinen zu behindern. Die cholesterinsenkende Wirkung w\u00e4re auf Polysaccharide, insbesondere Beta-Glucane, zur\u00fcckzuf\u00fchren.<\/p>\n<p><em>PDR f\u00fcr pflanzliche Arzneimittel. 2000. THOMSON-Verlag.<\/em><\/p>\n<p>Wird traditionell zur Behandlung von akuten und chronischen Angstzust\u00e4nden, Stress und Schlafst\u00f6rungen eingesetzt.<\/p>\n<p><em>PDR f\u00fcr pflanzliche Arzneimittel. 2000. THOMSON-Verlag.<\/em><\/p>\n\n\t\t<\/div>\n\t<\/div>\n\n\t\t<\/div>\n\t<\/div>\n\n\t\t<\/div>\n\t<\/div>\n<div class=\"vc_empty_space\"   style=\"height: 32px\" ><span class=\"vc_empty_space_inner\"><\/span><\/div>\n\n\t<div class=\"wpb_text_column wpb_content_element\" >\n\t\t<div class=\"wpb_wrapper\">\n\t\t\t<p><b>Empfohlene B\u00fccher:<\/b><\/p>\n<p><strong>Texte zur wissenschaftlichen Erforschung der Phytotherapie<br \/>\n\u2013\u00a0<\/strong>Lugli A. Heilpflanzen kennen. 40 praktische Bl\u00e4tter, viele Kuriosit\u00e4ten und n\u00fctzliche Anregungen. Aboca-Ausgaben. 2010.<br \/>\n\u2013 Capasso F. et al. Phytotherapie. Rationeller Einsatz pflanzlicher Arzneimittel. Springer Verlag. 2006.<br \/>\n\u2013 Glocken. W\u00f6rterbuch der Phytotherapie und Heilpflanzen. Neue Techniken. 2012.<br \/>\n<strong>ESCOP \u2013 Europ\u00e4ische wissenschaftliche Zusammenarbeit zur Phytotherapie:<br \/>\n\u2013\u00a0<\/strong>ESCOP-Monographien Die wissenschaftliche Grundlage phytotherapeutischer Produkte. Italienische Ausgabe der zweiten englischen Ausgabe, herausgegeben von Planta Medica Edizioni.2006.<br \/>\n<strong>englische Version<\/strong>: Monographien \u00fcber die medizinische Verwendung pflanzlicher Arzneimittel Europ\u00e4ische Wissenschaftliche Genossenschaft f\u00fcr Phytotherapie. Zweite Auflage 2003. Thieme.<br \/>\n\u2013 ESCOP-Monographien \u00fcber die medizinische Verwendung pflanzlicher Arzneimittel, Europ\u00e4ische Wissenschaftliche Genossenschaft f\u00fcr Phytotherapie. Zweite Auflage, Nachtrag 2009. Thieme.<br \/>\n\u2013 WHO-Monographien ausgew\u00e4hlter Heilpflanzen. Band 1-2-3-4-5. Weltgesundheitsorganisation Genf.<br \/>\n<strong>Unter dem Link herunterladbar<\/strong>: http:\/\/apps.who.int\/medicinedoc\/en\/d\/Js2200e\/<br \/>\n\u2013 Kr\u00e4utermedizin: Erweiterte Monographien der Kommission E. Amerikanischer Botanischer Rat. 2000<br \/>\n\u2013 Blumental L. Der ABC Clinical Guide to Herbs. Der American Botanical Council. 2003<br \/>\n\u2013 PDR f\u00fcr pflanzliche Arzneimittel. 2000. THOMSON-Verlag.<\/p>\n\n\t\t<\/div>\n\t<\/div>\n<div class=\"vc_empty_space\"   style=\"height: 50px\" ><span class=\"vc_empty_space_inner\"><\/span><\/div>\n<\/div><\/div><\/div><\/div>","protected":false},"excerpt":{"rendered":"INFORMAZIONI DALLA LETTERATURA SCIENTIFICA Qui di seguito proponiamo alcune citazioni tratte da importanti manuali di fitoterapia, da pagine web, da studi scientifici, sia italiani che stranieri. A | B | C | D | E | F | G | H | I | J | K | L | M | N | O [...]","protected":false},"author":13,"featured_media":0,"parent":0,"menu_order":0,"comment_status":"closed","ping_status":"closed","template":"page-full.php","meta":{"_acf_changed":false,"footnotes":""},"tags":[],"acf":[],"_links":{"self":[{"href":"https:\/\/lemuria.it\/de\/wp-json\/wp\/v2\/pages\/8537"}],"collection":[{"href":"https:\/\/lemuria.it\/de\/wp-json\/wp\/v2\/pages"}],"about":[{"href":"https:\/\/lemuria.it\/de\/wp-json\/wp\/v2\/types\/page"}],"author":[{"embeddable":true,"href":"https:\/\/lemuria.it\/de\/wp-json\/wp\/v2\/users\/13"}],"replies":[{"embeddable":true,"href":"https:\/\/lemuria.it\/de\/wp-json\/wp\/v2\/comments?post=8537"}],"version-history":[{"count":24,"href":"https:\/\/lemuria.it\/de\/wp-json\/wp\/v2\/pages\/8537\/revisions"}],"predecessor-version":[{"id":9682,"href":"https:\/\/lemuria.it\/de\/wp-json\/wp\/v2\/pages\/8537\/revisions\/9682"}],"wp:attachment":[{"href":"https:\/\/lemuria.it\/de\/wp-json\/wp\/v2\/media?parent=8537"}],"wp:term":[{"taxonomy":"post_tag","embeddable":true,"href":"https:\/\/lemuria.it\/de\/wp-json\/wp\/v2\/tags?post=8537"}],"curies":[{"name":"wp","href":"https:\/\/api.w.org\/{rel}","templated":true}]}}