{"id":8508,"date":"2015-04-16T12:13:16","date_gmt":"2015-04-16T10:13:16","guid":{"rendered":"https:\/\/www.lemuria.it\/?page_id=8508"},"modified":"2016-11-02T19:37:40","modified_gmt":"2016-11-02T18:37:40","slug":"informativa-sulla-privacy","status":"publish","type":"page","link":"https:\/\/lemuria.it\/de\/datenschutzrichtlinie\/","title":{"rendered":"Datenschutzrichtlinie"},"content":{"rendered":"<div class=\"vc_row wpb_row vc_row-fluid\"><div class=\"wpb_column vc_column_container vc_col-sm-12\"><div class=\"vc_column-inner\"><div class=\"wpb_wrapper\">\n\t<div class=\"wpb_text_column wpb_content_element\" >\n\t\t<div class=\"wpb_wrapper\">\n\t\t\t<section class=\"entry\"><strong>Datenschutzinformationen gem\u00e4\u00df Art. 13 Gesetzesdekret 196\/2003<\/strong><\/section>\n<p>Wir informieren Sie dar\u00fcber, dass Ihre von uns erfassten oder noch zu erfassenden personenbezogenen Daten im Einklang mit den gesetzlichen Bestimmungen und den Ihnen als Interessenten gesetzlich zuerkannten Rechten verarbeitet werden<\/p>\n<p><strong> Datencontroller<\/strong><br \/>\nLemuri@ srl \u2013 Via Giusti 7 -21019 Somma Lombardo (VA), info@lemuria.it<\/p>\n<p><strong> Arten der erfassten Daten<\/strong><br \/>\nZu den personenbezogenen Daten, die von dieser Anwendung unabh\u00e4ngig oder \u00fcber Dritte erfasst werden, geh\u00f6ren: Name, Nachname und E-Mail.<br \/>\nWeitere erfasste personenbezogene Daten k\u00f6nnen in anderen Abschnitten dieser Datenschutzrichtlinie oder durch Informationstexte angegeben werden, die zusammen mit der Erfassung der Daten selbst angezeigt werden.<br \/>\nPersonenbezogene Daten k\u00f6nnen vom Benutzer freiwillig eingegeben oder w\u00e4hrend der Nutzung dieser Anwendung automatisch erfasst werden.<br \/>\nJegliche Verwendung von Cookies \u2013 oder anderen Tracking-Tools \u2013 durch diese Anwendung oder durch die Eigent\u00fcmer von Drittanbieterdiensten, die von dieser Anwendung genutzt werden, dient, sofern nicht anders angegeben, der Identifizierung des Benutzers und der Aufzeichnung der entsprechenden Pr\u00e4ferenzen f\u00fcr Zwecke, die eng mit der Bereitstellung verbunden sind des vom Benutzer angeforderten Dienstes.<br \/>\nWenn der Benutzer einige personenbezogene Daten nicht bereitstellt, kann diese Anwendung m\u00f6glicherweise die Bereitstellung ihrer Dienste verhindern.<br \/>\nDer Benutzer \u00fcbernimmt die Verantwortung f\u00fcr die personenbezogenen Daten Dritter, die \u00fcber diese Anwendung ver\u00f6ffentlicht oder weitergegeben werden, und garantiert, dass er das Recht hat, diese mitzuteilen oder zu verbreiten, wodurch der Eigent\u00fcmer von jeglicher Haftung gegen\u00fcber Dritten befreit wird.<\/p>\n<p><strong> Art und Ort der Verarbeitung der erhobenen Daten<\/strong><br \/>\n<strong> Behandlungsmethoden<\/strong><br \/>\nDer Eigent\u00fcmer verarbeitet die personenbezogenen Daten der Benutzer, indem er geeignete Sicherheitsma\u00dfnahmen ergreift, um den unbefugten Zugriff, die Offenlegung, \u00c4nderung oder Zerst\u00f6rung der personenbezogenen Daten zu verhindern.<br \/>\nDie Verarbeitung erfolgt unter Einsatz von IT- und\/oder Telematik-Tools, mit organisatorischen Methoden und mit einer Logik, die eng mit den angegebenen Zwecken verbunden ist. Zus\u00e4tzlich zum Datenverantwortlichen k\u00f6nnen in einigen F\u00e4llen Kategorien von Personen in die Organisation der Website einbezogen werden (Verwaltung, Handel, Marketing, Rechtswesen, Systemadministratoren) oder externe Parteien (z. B. externe Anbieter technischer Dienstleistungen, Postkuriere, Hosting). Anbieter, IT-Unternehmen, Kommunikationsagenturen) werden vom Verantwortlichen gegebenenfalls auch als Datenverarbeiter benannt. Die aktualisierte Liste der Manager kann jederzeit beim Datenverantwortlichen angefordert werden.<\/p>\n<p><strong>Ort<\/strong><br \/>\nDie Daten werden in den Betriebsb\u00fcros des Eigent\u00fcmers und an jedem anderen Ort verarbeitet, an dem sich die an der Verarbeitung beteiligten Parteien befinden. F\u00fcr weitere Informationen wenden Sie sich bitte an den Eigent\u00fcmer.<\/p>\n<p><strong>Mal<\/strong><br \/>\nDie Daten werden f\u00fcr die Zeit verarbeitet, die zur Erbringung der vom Benutzer angeforderten Dienstleistung oder f\u00fcr die in diesem Dokument beschriebenen Zwecke erforderlich ist, und der Benutzer kann jederzeit die Unterbrechung der Verarbeitung oder die L\u00f6schung der Daten verlangen.<\/p>\n<p><strong> Zweck der Verarbeitung der erhobenen Daten<\/strong><br \/>\nBenutzerdaten werden gesammelt, um der Anwendung die Bereitstellung ihrer Dienste zu erm\u00f6glichen, sowie f\u00fcr die folgenden Zwecke: Kontaktaufnahme mit dem Benutzer.<br \/>\nDie f\u00fcr den jeweiligen Zweck verwendeten Arten personenbezogener Daten sind in den jeweiligen Abschnitten dieses Dokuments angegeben.<\/p>\n<p><strong> Einzelheiten zur Verarbeitung personenbezogener Daten<\/strong><br \/>\nPersonenbezogene Daten werden f\u00fcr die folgenden Zwecke und unter Verwendung der folgenden Dienste erhoben:<br \/>\nKONTAKTIEREN SIE DEN BENUTZER<br \/>\nVersenden von Werbeaktionen oder Neuigkeiten im Zusammenhang mit den Inhalten der Website<br \/>\nVersenden von Werbematerial<\/p>\n<p><strong> Erfahren Sie mehr \u00fcber die Behandlung<\/strong><\/p>\n<p><strong> Verteidigung vor Gericht<\/strong><br \/>\nDie personenbezogenen Daten des Nutzers k\u00f6nnen vom Eigent\u00fcmer zur Verteidigung vor Gericht oder in der Vorbereitungsphase einer m\u00f6glichen Einrichtung gegen Missbrauch bei der Nutzung derselben oder verwandter Dienste durch den Nutzer verwendet werden.<br \/>\nDer Nutzer ist sich dar\u00fcber im Klaren, dass der Eigent\u00fcmer auf Anfrage von Beh\u00f6rden m\u00f6glicherweise zur Offenlegung der Daten verpflichtet sein kann.<\/p>\n<p><strong> Genaue Informationen<\/strong><br \/>\nAuf Anfrage des Benutzers kann diese Anwendung dem Benutzer zus\u00e4tzlich zu den in dieser Datenschutzrichtlinie enthaltenen Informationen zus\u00e4tzliche und kontextbezogene Informationen zu bestimmten Diensten oder zur Erhebung und Verarbeitung personenbezogener Daten bereitstellen.<\/p>\n<p><strong> Systemprotokolle und Wartung<\/strong><br \/>\nF\u00fcr Betriebs- und Wartungszwecke k\u00f6nnen diese Anwendung und alle von ihr genutzten Dienste Dritter Systemprotokolle sammeln, d. h. Dateien, die Interaktionen aufzeichnen und die auch personenbezogene Daten wie die IP-Adresse des Benutzers enthalten k\u00f6nnen.<\/p>\n<p><strong> Informationen, die nicht in dieser Richtlinie enthalten sind<\/strong><br \/>\nWeitere Informationen im Zusammenhang mit der Verarbeitung personenbezogener Daten k\u00f6nnen jederzeit beim Datenverantwortlichen unter Verwendung der Kontaktinformationen angefordert werden.<\/p>\n<p><strong> Aus\u00fcbung von Rechten durch Benutzer<\/strong><br \/>\nDie Personen, auf die sich die personenbezogenen Daten beziehen, haben jederzeit das Recht, vom Datenverantwortlichen eine Best\u00e4tigung \u00fcber deren Existenz oder Nichtvorhandensein zu erhalten, deren Inhalt und Herkunft zu erfahren, ihre Richtigkeit zu \u00fcberpr\u00fcfen oder ihre Erg\u00e4nzung, L\u00f6schung oder Aktualisierung zu verlangen , Berichtigung, Umwandlung in anonyme Form oder Sperrung personenbezogener Daten, die unter Versto\u00df gegen das Gesetz verarbeitet wurden, sowie in jedem Fall aus berechtigten Gr\u00fcnden Widerspruch gegen deren Verarbeitung einzulegen. Anfragen sind an den Datenverantwortlichen zu richten.<\/p>\n<p><strong> \u00c4nderungen dieser Datenschutzrichtlinie<\/strong><br \/>\nDer Datenverantwortliche beh\u00e4lt sich das Recht vor, jederzeit \u00c4nderungen an dieser Datenschutzrichtlinie vorzunehmen, indem er diese den Benutzern auf dieser Seite bekannt gibt. Bitte konsultieren Sie diese Seite daher regelm\u00e4\u00dfig und beziehen Sie sich dabei auf das unten angegebene Datum der letzten \u00c4nderung. Im Falle der Nichtakzeptanz der an dieser Datenschutzrichtlinie vorgenommenen \u00c4nderungen ist der Benutzer verpflichtet, die Nutzung dieser Anwendung einzustellen und kann den Datenverantwortlichen auffordern, seine personenbezogenen Daten zu l\u00f6schen. Sofern nicht anders angegeben, gilt f\u00fcr die bis zu diesem Zeitpunkt erhobenen personenbezogenen Daten weiterhin die bisherige Datenschutzerkl\u00e4rung.<\/p>\n<p><strong> Definitionen und rechtliche Hinweise<\/strong><br \/>\n<strong> Pers\u00f6nliche Daten (oder Daten)<\/strong><br \/>\nAlle Informationen, die sich auf eine nat\u00fcrliche Person beziehen, die identifiziert oder identifizierbar ist, auch indirekt durch Bezugnahme auf andere Informationen, einschlie\u00dflich einer pers\u00f6nlichen Identifikationsnummer, stellen personenbezogene Daten dar.<\/p>\n<p><strong> Nutzungsdaten<\/strong><br \/>\nHierbei handelt es sich um personenbezogene Daten, die automatisch von der Anwendung (oder von von ihr verwendeten Anwendungen Dritter) erfasst werden, darunter: IP-Adressen oder Dom\u00e4nennamen der Computer, die der Benutzer verwendet, der sich mit der Anwendung verbindet, die Adressen im URI (Uniform Resource Identifier) Notation, der Zeitpunkt der Anfrage, die zum Senden der Anfrage an den Server verwendete Methode, die Gr\u00f6\u00dfe der als Antwort erhaltenen Datei, der numerische Code, der den Status der Antwort vom Server angibt (erfolgreich, Fehler usw.). ) das Herkunftsland, die Eigenschaften des vom Besucher verwendeten Browsers und Betriebssystems, die verschiedenen zeitlichen Konnotationen des Besuchs (z. B. die auf jeder Seite verbrachte Zeit) und Einzelheiten zur Reiseroute innerhalb der Anwendung, mit besonderer Bezugnahme auf die Reihenfolge der aufgerufenen Seiten, die Parameter des Betriebssystems und der IT-Umgebung des Benutzers.<\/p>\n<p><strong>Benutzer<\/strong><br \/>\nDie Person, die diese Anwendung nutzt, die mit dem Interessenten \u00fcbereinstimmen oder von ihm autorisiert sein muss und deren personenbezogene Daten verarbeitet werden.<\/p>\n<p><strong>Interessiert<\/strong><br \/>\nDie nat\u00fcrliche oder juristische Person, auf die sich die personenbezogenen Daten beziehen.<\/p>\n<p><strong> Datenverantwortlicher (oder Manager)<\/strong><br \/>\nDie nat\u00fcrliche Person, juristische Person, \u00f6ffentliche Verwaltung und jede andere Einrichtung, Vereinigung oder Organisation, die vom Datenverantwortlichen mit der Verarbeitung personenbezogener Daten gem\u00e4\u00df dieser Datenschutzrichtlinie beauftragt wurde.<\/p>\n<p><strong> Datenverantwortlicher (oder Datenverantwortlicher)<\/strong><br \/>\nDie nat\u00fcrliche Person, juristische Person, \u00f6ffentliche Verwaltung und jede andere Stelle, Vereinigung oder Organisation, die \u2013 auch gemeinsam mit einem anderen Eigent\u00fcmer \u2013 f\u00fcr Entscheidungen \u00fcber die Zwecke, Methoden der Verarbeitung personenbezogener Daten und die verwendeten Tools, einschlie\u00dflich des Sicherheitsprofils, verantwortlich ist , in Bezug auf den Betrieb und die Nutzung dieser Anwendung. Sofern nicht anders angegeben, ist der Datenverantwortliche der Eigent\u00fcmer dieser Anwendung.<\/p>\n<p><strong> Diese Anwendung<\/strong><br \/>\nDas Hardware- oder Softwaretool, mit dem die personenbezogenen Daten der Benutzer erfasst werden.<\/p>\n<p>________________________________________<\/p>\n<p><strong>Rechtliche Hinweise<\/strong><br \/>\nHinweis f\u00fcr europ\u00e4ische Benutzer: Diese Datenschutzrichtlinie wurde in \u00dcbereinstimmung mit den Verpflichtungen gem\u00e4\u00df Art. erstellt. 10 der Richtlinie Nr. 95\/46\/EG sowie die Bestimmungen der Richtlinie 2002\/58\/EG, aktualisiert durch die Richtlinie 2009\/136\/EG, in Bezug auf Cookies.<\/p>\n<p>16.04.2015 \u2013 Lemuri@<\/p>\n\n\t\t<\/div>\n\t<\/div>\n<\/div><\/div><\/div><\/div>\n<\/p>\n<\/p>\n<\/p>\n<\/p>\n<\/p><\/p>","protected":false},"excerpt":{"rendered":"Informativa sulla privacy ex Art. 13 D. Lgs. 196\/2003 Vi informiamo che i Vs. dati personali, da noi acquisiti o acquisendi, saranno soggetti a trattamento nel rispetto dei requisiti di legge e dei diritti a Voi riconosciuti dalla legge quali interessati Titolare del Trattamento dei Dati Lemuri@ s.r.l. \u2013 Via Giusti 7 -21019 Somma Lombardo [...]","protected":false},"author":13,"featured_media":0,"parent":0,"menu_order":0,"comment_status":"open","ping_status":"open","template":"","meta":{"_acf_changed":false,"footnotes":""},"tags":[],"acf":[],"_links":{"self":[{"href":"https:\/\/lemuria.it\/de\/wp-json\/wp\/v2\/pages\/8508"}],"collection":[{"href":"https:\/\/lemuria.it\/de\/wp-json\/wp\/v2\/pages"}],"about":[{"href":"https:\/\/lemuria.it\/de\/wp-json\/wp\/v2\/types\/page"}],"author":[{"embeddable":true,"href":"https:\/\/lemuria.it\/de\/wp-json\/wp\/v2\/users\/13"}],"replies":[{"embeddable":true,"href":"https:\/\/lemuria.it\/de\/wp-json\/wp\/v2\/comments?post=8508"}],"version-history":[{"count":2,"href":"https:\/\/lemuria.it\/de\/wp-json\/wp\/v2\/pages\/8508\/revisions"}],"predecessor-version":[{"id":9015,"href":"https:\/\/lemuria.it\/de\/wp-json\/wp\/v2\/pages\/8508\/revisions\/9015"}],"wp:attachment":[{"href":"https:\/\/lemuria.it\/de\/wp-json\/wp\/v2\/media?parent=8508"}],"wp:term":[{"taxonomy":"post_tag","embeddable":true,"href":"https:\/\/lemuria.it\/de\/wp-json\/wp\/v2\/tags?post=8508"}],"curies":[{"name":"wp","href":"https:\/\/api.w.org\/{rel}","templated":true}]}}